{"id":957,"date":"2018-08-29T15:23:32","date_gmt":"2018-08-29T18:23:32","guid":{"rendered":"https:\/\/isfdyt25-bue.infd.edu.ar\/sitio\/acto-del-dia-del-maestro\/"},"modified":"2026-03-11T08:12:54","modified_gmt":"2026-03-11T11:12:54","slug":"biblioteca","status":"publish","type":"page","link":"https:\/\/isfdyt25-bue.infd.edu.ar\/sitio\/biblioteca\/","title":{"rendered":"Biblioteca"},"content":{"rendered":"<h5><strong><span style=\"color: #808080;\">EL INSTITUTO:<\/span> Biblioteca<\/strong><\/h5>\n<hr \/>\n<h6><a href=\"https:\/\/isfdyt25-bue.infd.edu.ar\/sitio\/principal\/\">Volver<\/a> \u0399 <a href=\"https:\/\/isfdyt25-bue.infd.edu.ar\/aula\/index.cgi?id_curso=355\">Aula INFoD<\/a> I <a href=\"https:\/\/isfdyt25-bue.infd.edu.ar\/sitio\/bibliotecas-pedagogicas\/\">Bibiliotecas Pedag\u00f3gicas<\/a> I <a href=\"https:\/\/sites.google.com\/view\/isfdyt25-biblioteca\/p%C3%A1gina-principal\/planes-de-estudio?authuser=0\">Planes de Estudios<\/a> \u0399 <a href=\"https:\/\/sites.google.com\/view\/isfdyt25-biblioteca\/p%C3%A1gina-principal\/programas-de-asignaturas\">Programas de Asignaturas<\/a> I <a href=\"https:\/\/sites.google.com\/view\/isfdyt25-biblioteca\/p%C3%A1gina-principal\/libros-digitalizados\/3-ciencias-sociales-educaci%C3%B3n\/dise%C3%B1os-curriculares?authuser=0\">Dise\u00f1os Curriculares<\/a> I<\/h6>\n\n<div id=\"metaslider-id-1683\" style=\"max-width: 600px;\" class=\"ml-slider-3-33-0 metaslider metaslider-flex metaslider-1683 ml-slider ms-theme-default nav-hidden\" role=\"region\" aria-roledescription=\"Slideshow\" aria-label=\"Slideshow\">\n    <div id=\"metaslider_container_1683\">\n        <div id=\"metaslider_1683\" class=\"flexslider\">\n            <ul aria-live=\"polite\" class=\"slides\">\n                <li style=\"display: block; width: 100%;\" class=\"slide-1685 ms-image\" aria-roledescription=\"slide\" aria-label=\"slide-1685\"><img src=\"https:\/\/isfdyt25-bue.infd.edu.ar\/sitio\/wp-content\/uploads\/2021\/11\/Biblio1-600x150.jpeg\" height=\"150\" width=\"600\" alt=\"\" class=\"slider-1683 slide-1685\" title=\"Biblio1\" \/><\/li>\n                <li style=\"display: none; width: 100%;\" class=\"slide-1689 ms-image\" aria-roledescription=\"slide\" aria-label=\"slide-1689\"><img src=\"https:\/\/isfdyt25-bue.infd.edu.ar\/sitio\/wp-content\/uploads\/2021\/11\/Biblio2-scaled-600x150.jpg\" height=\"150\" width=\"600\" alt=\"\" class=\"slider-1683 slide-1689\" title=\"Biblio2\" \/><\/li>\n                <li style=\"display: none; width: 100%;\" class=\"slide-1693 ms-image\" aria-roledescription=\"slide\" aria-label=\"slide-1693\"><img src=\"https:\/\/isfdyt25-bue.infd.edu.ar\/sitio\/wp-content\/uploads\/2021\/11\/Biblio3-600x150.jpeg\" height=\"150\" width=\"600\" alt=\"\" class=\"slider-1683 slide-1693\" title=\"Biblio3\" \/><\/li>\n            <\/ul>\n        <\/div>\n        \n    <\/div>\n<\/div>\n<p>&nbsp;<\/p>\n<p>La Biblioteca del Instituto de Formaci\u00f3n Docente y T\u00e9cnica N\u00ba 25 comparte el espacio con la Biblioteca de la Escuela de Educaci\u00f3n Secundaria N\u00ba 2 \u00abIslas Malvinas\u00bb en la Sede Central de\u00a0 calle 9 de Julio 176 donde se encuentran la Direcci\u00f3n y la Secretar\u00eda. En el presente Ciclo Lectivo 2022, regresamos a la presencialidad plena luego de la pandemia por covid-19 y retomamos el horario de atenci\u00f3n habitual.<\/p>\n<p><!-- \/wp:paragraph -->\n\n<!-- wp:paragraph --><\/p>\n<p>Personal a Cargo: <strong>Jos\u00e9 A. Gomes<\/strong> &#8211; Bibliotecario de Instituciones Educativas.<\/p>\n<p><!-- \/wp:paragraph -->\n\n<!-- wp:paragraph --><\/p>\n<p>Horario de Atenci\u00f3n: todos los d\u00edas h\u00e1biles, a partir de las<strong> 14:00 hs.\u00a0 <\/strong>hasta las<strong> 21 hs.<\/strong><\/p>\n<p><!-- \/wp:paragraph -->\n\n<!-- wp:paragraph --><\/p>\n<p>En el sitio de la Biblioteca podr\u00e1n encontrar todos los <strong>Programas de las Asignaturas<\/strong> de todas las Carreras de los Ciclos Lectivos: <strong>2019<\/strong>, <strong>2020<\/strong>, <strong>2021<\/strong>. Los Programas de <strong>2022<\/strong> se ir\u00e1n subiendo al sitio a medida que las\/os Docentes hagan entrega de los mismos.<\/p>\n<p><!-- \/wp:paragraph -->\n\n<!-- wp:paragraph --><\/p>\n<p>Mail de contacto y Sitio de la Biblioteca:<\/p>\n<div id=\"metaslider-id-1696\" style=\"max-width: 600px;\" class=\"ml-slider-3-33-0 metaslider metaslider-flex metaslider-1696 ml-slider ms-theme-default\" role=\"region\" aria-roledescription=\"Slideshow\" aria-label=\"Slideshow\">\n    <div id=\"metaslider_container_1696\">\n        <div id=\"metaslider_1696\" class=\"flexslider\">\n            <ul aria-live=\"polite\" class=\"slides\">\n                <li style=\"display: block; width: 100%;\" class=\"slide-1698 ms-image\" aria-roledescription=\"slide\" aria-label=\"slide-1698\"><a href=\"https:\/\/mail.google.com\/mail\/u\/0\/?ogbl\" target=\"_self\"><img src=\"https:\/\/isfdyt25-bue.infd.edu.ar\/sitio\/wp-content\/uploads\/2021\/11\/Gmail-Biblio-600x125.jpg\" height=\"125\" width=\"600\" alt=\"\" class=\"slider-1696 slide-1698\" title=\"Gmail Biblio\" \/><\/a><\/li>\n                <li style=\"display: none; width: 100%;\" class=\"slide-1700 ms-image\" aria-roledescription=\"slide\" aria-label=\"slide-1700\"><a href=\"https:\/\/sites.google.com\/view\/isfdyt25-biblioteca\/p%C3%A1gina-principal\" target=\"_self\"><img src=\"https:\/\/isfdyt25-bue.infd.edu.ar\/sitio\/wp-content\/uploads\/2021\/11\/G-Sites-Biblio-600x125.jpg\" height=\"125\" width=\"600\" alt=\"\" class=\"slider-1696 slide-1700\" title=\"G Sites Biblio\" \/><\/a><\/li>\n            <\/ul>\n        <\/div>\n        \n    <\/div>\n<\/div>\n<p><!-- \/wp:paragraph --><\/p>\n\n","protected":false},"excerpt":{"rendered":"<p>EL INSTITUTO: Biblioteca Volver \u0399 Aula INFoD I Bibiliotecas Pedag\u00f3gicas I Planes de Estudios \u0399 Programas de Asignaturas I Dise\u00f1os Curriculares I &nbsp; La Biblioteca del Instituto de Formaci\u00f3n Docente y T\u00e9cnica N\u00ba 25 comparte el espacio con la Biblioteca de la Escuela de Educaci\u00f3n Secundaria N\u00ba 2 \u00abIslas Malvinas\u00bb en la Sede Central de\u00a0 &#8230; <a title=\"Biblioteca\" class=\"read-more\" href=\"https:\/\/isfdyt25-bue.infd.edu.ar\/sitio\/biblioteca\/\" aria-label=\"More on Biblioteca\">[+]<\/a><\/p>\n","protected":false},"author":2055,"featured_media":0,"parent":0,"menu_order":0,"comment_status":"closed","ping_status":"closed","template":"","meta":[],"acf":[],"_links":{"self":[{"href":"https:\/\/isfdyt25-bue.infd.edu.ar\/sitio\/wp-json\/wp\/v2\/pages\/957"}],"collection":[{"href":"https:\/\/isfdyt25-bue.infd.edu.ar\/sitio\/wp-json\/wp\/v2\/pages"}],"about":[{"href":"https:\/\/isfdyt25-bue.infd.edu.ar\/sitio\/wp-json\/wp\/v2\/types\/page"}],"author":[{"embeddable":true,"href":"https:\/\/isfdyt25-bue.infd.edu.ar\/sitio\/wp-json\/wp\/v2\/users\/2055"}],"replies":[{"embeddable":true,"href":"https:\/\/isfdyt25-bue.infd.edu.ar\/sitio\/wp-json\/wp\/v2\/comments?post=957"}],"version-history":[{"count":32,"href":"https:\/\/isfdyt25-bue.infd.edu.ar\/sitio\/wp-json\/wp\/v2\/pages\/957\/revisions"}],"predecessor-version":[{"id":6148,"href":"https:\/\/isfdyt25-bue.infd.edu.ar\/sitio\/wp-json\/wp\/v2\/pages\/957\/revisions\/6148"}],"wp:attachment":[{"href":"https:\/\/isfdyt25-bue.infd.edu.ar\/sitio\/wp-json\/wp\/v2\/media?parent=957"}],"curies":[{"name":"wp","href":"https:\/\/api.w.org\/{rel}","templated":true}]}}