{"id":939,"date":"2018-08-29T15:23:24","date_gmt":"2018-08-29T18:23:24","guid":{"rendered":"https:\/\/isfdyt25-bue.infd.edu.ar\/sitio\/congreso-de-tucuman\/"},"modified":"2026-02-06T17:55:39","modified_gmt":"2026-02-06T20:55:39","slug":"mesas-de-examen","status":"publish","type":"page","link":"https:\/\/isfdyt25-bue.infd.edu.ar\/sitio\/mesas-de-examen\/","title":{"rendered":"Mesas de Examen"},"content":{"rendered":"<h5><strong><span style=\"color: #808080;\">ESTUDIANTES:<\/span> Mesas de Examen<\/strong><\/h5>\n<hr \/>\n<h6><a href=\"https:\/\/isfdyt25-bue.infd.edu.ar\/sitio\/estudiantes\/\">Volver<\/a>\u00a0 \u0399 <a href=\"https:\/\/isfdyt25-bue.infd.edu.ar\/sitio\/wp-content\/uploads\/2022\/12\/IS25_Plan-Evaluacio\u0301n-Institucional-y-recomendaciones-para-Mesas-de-Examen.pdf\">Plan Institucional de Evaluaci\u00f3n 2022<\/a> I <a href=\"https:\/\/sites.google.com\/view\/isfdyt25-biblioteca\/p%C3%A1gina-principal\/programas-de-asignaturas\">Programas de Asignaturas<\/a> I <a href=\"https:\/\/drive.google.com\/drive\/folders\/1XWLxTxgcYqTB3GY0fV47rfOM2sKCQxkP?usp=drive_link\">Mesas de Ex\u00e1menes Febrero-Marzo 2026<\/a><\/h6>\n<p>La\u00a0<strong>Mesa de Examen<\/strong>\u00a0es una modalidad de evaluaci\u00f3n de los aprendizajes, es la instancia donde la\/el Estudiante puede Acreditar sus saberes. La aprobaci\u00f3n de las Asignaturas de los Planes de Estudios en Vigencia se har\u00e1 mediante ex\u00e1menes finales que ser\u00e1n orales, u orales y escritos de acuerdo a la \u00edndole de la Asignatura y la modalidad del cursado.<\/p>\n<p>El\u00a0<strong>Instituto Superior de Formaci\u00f3n Docente y T\u00e9cnica N\u00ba 25<\/strong> tiene tres instancias de Mesas de Examen pautados de antemano para cada Ciclo Lectivo: <strong>Febrero \u2013 Marzo<\/strong> con un \u00fanico llamado, <strong>Agosto<\/strong>\u00a0con un \u00fanico llamado y\u00a0<strong>Diciembre<\/strong> con un \u00fanico llamado.<\/p>\n<p>&nbsp;<\/p>\n<p><span style=\"color: #000080;\"><strong>Ver Plan Institucional de Evaluaci\u00f3n 2022:<\/strong><\/span><\/p>\n<p>&nbsp;<\/p>\n<p><a href=\"https:\/\/isfdyt25-bue.infd.edu.ar\/sitio\/wp-content\/uploads\/2022\/12\/IS25_Plan-Evaluacio\u0301n-Institucional-y-recomendaciones-para-Mesas-de-Examen.pdf\"><img decoding=\"async\" loading=\"lazy\" class=\"alignnone  wp-image-5104\" src=\"https:\/\/isfdyt25-bue.infd.edu.ar\/sitio\/wp-content\/uploads\/2023\/08\/Plan-de-Evaluacion-Institucional-2022-Caratula-1-1000x737.jpg\" alt=\"\" width=\"611\" height=\"450\" srcset=\"https:\/\/isfdyt25-bue.infd.edu.ar\/sitio\/wp-content\/uploads\/2023\/08\/Plan-de-Evaluacion-Institucional-2022-Caratula-1-1000x737.jpg 1000w, https:\/\/isfdyt25-bue.infd.edu.ar\/sitio\/wp-content\/uploads\/2023\/08\/Plan-de-Evaluacion-Institucional-2022-Caratula-1-768x566.jpg 768w, https:\/\/isfdyt25-bue.infd.edu.ar\/sitio\/wp-content\/uploads\/2023\/08\/Plan-de-Evaluacion-Institucional-2022-Caratula-1.jpg 1040w\" sizes=\"(max-width: 611px) 100vw, 611px\" \/><\/a><\/p>\n","protected":false},"excerpt":{"rendered":"<p>ESTUDIANTES: Mesas de Examen Volver\u00a0 \u0399 Plan Institucional de Evaluaci\u00f3n 2022 I Programas de Asignaturas I Mesas de Ex\u00e1menes Febrero-Marzo 2026 La\u00a0Mesa de Examen\u00a0es una modalidad de evaluaci\u00f3n de los aprendizajes, es la instancia donde la\/el Estudiante puede Acreditar sus saberes. La aprobaci\u00f3n de las Asignaturas de los Planes de Estudios en Vigencia se har\u00e1 &#8230; <a title=\"Mesas de Examen\" class=\"read-more\" href=\"https:\/\/isfdyt25-bue.infd.edu.ar\/sitio\/mesas-de-examen\/\" aria-label=\"More on Mesas de Examen\">[+]<\/a><\/p>\n","protected":false},"author":234,"featured_media":0,"parent":0,"menu_order":0,"comment_status":"closed","ping_status":"closed","template":"","meta":[],"acf":[],"_links":{"self":[{"href":"https:\/\/isfdyt25-bue.infd.edu.ar\/sitio\/wp-json\/wp\/v2\/pages\/939"}],"collection":[{"href":"https:\/\/isfdyt25-bue.infd.edu.ar\/sitio\/wp-json\/wp\/v2\/pages"}],"about":[{"href":"https:\/\/isfdyt25-bue.infd.edu.ar\/sitio\/wp-json\/wp\/v2\/types\/page"}],"author":[{"embeddable":true,"href":"https:\/\/isfdyt25-bue.infd.edu.ar\/sitio\/wp-json\/wp\/v2\/users\/234"}],"replies":[{"embeddable":true,"href":"https:\/\/isfdyt25-bue.infd.edu.ar\/sitio\/wp-json\/wp\/v2\/comments?post=939"}],"version-history":[{"count":205,"href":"https:\/\/isfdyt25-bue.infd.edu.ar\/sitio\/wp-json\/wp\/v2\/pages\/939\/revisions"}],"predecessor-version":[{"id":6051,"href":"https:\/\/isfdyt25-bue.infd.edu.ar\/sitio\/wp-json\/wp\/v2\/pages\/939\/revisions\/6051"}],"wp:attachment":[{"href":"https:\/\/isfdyt25-bue.infd.edu.ar\/sitio\/wp-json\/wp\/v2\/media?parent=939"}],"curies":[{"name":"wp","href":"https:\/\/api.w.org\/{rel}","templated":true}]}}