{"id":924,"date":"2018-08-29T15:23:17","date_gmt":"2018-08-29T18:23:17","guid":{"rendered":"https:\/\/isfdyt25-bue.infd.edu.ar\/sitio\/autoridades\/"},"modified":"2026-03-10T08:51:11","modified_gmt":"2026-03-10T11:51:11","slug":"autoridades","status":"publish","type":"page","link":"https:\/\/isfdyt25-bue.infd.edu.ar\/sitio\/autoridades\/","title":{"rendered":"Autoridades"},"content":{"rendered":"<h5><strong><span style=\"color: #808080;\">EL INSTITUTO:<\/span> Equipo de Conducci\u00f3n<\/strong><\/h5>\n<hr \/>\n<h6><a href=\"https:\/\/isfdyt25-bue.infd.edu.ar\/sitio\/principal\/\">Volver<\/a> \u0399 <a href=\"https:\/\/isfdyt25-bue.infd.edu.ar\/sitio\/autoridades-anteriores\/\">Galer\u00eda de Autoridades<\/a><\/h6>\n<div id=\"metaslider-id-1445\" style=\"max-width: 650px;\" class=\"ml-slider-3-33-0 metaslider metaslider-flex metaslider-1445 ml-slider ms-theme-default nav-hidden\" role=\"region\" aria-roledescription=\"Slideshow\" aria-label=\"Slideshow\">\n    <div id=\"metaslider_container_1445\">\n        <div id=\"metaslider_1445\" class=\"flexslider\">\n            <ul aria-live=\"polite\" class=\"slides\">\n                <li style=\"display: block; width: 100%;\" class=\"slide-6081 ms-image\" aria-roledescription=\"slide\" aria-label=\"slide-6081\"><img src=\"https:\/\/isfdyt25-bue.infd.edu.ar\/sitio\/wp-content\/uploads\/2026\/03\/Autoridades-4-2-650x160.jpg\" height=\"160\" width=\"650\" alt=\"\" class=\"slider-1445 slide-6081\" title=\"Autoridades-4-2\" \/><\/li>\n                <li style=\"display: none; width: 100%;\" class=\"slide-5035 ms-image\" aria-roledescription=\"slide\" aria-label=\"slide-5035\"><img src=\"https:\/\/isfdyt25-bue.infd.edu.ar\/sitio\/wp-content\/uploads\/2023\/07\/Autoridades-1-650x160.jpg\" height=\"160\" width=\"650\" alt=\"\" class=\"slider-1445 slide-5035\" title=\"Autoridades 1\" \/><\/li>\n                <li style=\"display: none; width: 100%;\" class=\"slide-5037 ms-image\" aria-roledescription=\"slide\" aria-label=\"slide-5037\"><img src=\"https:\/\/isfdyt25-bue.infd.edu.ar\/sitio\/wp-content\/uploads\/2023\/07\/Autoridades-3-650x160.jpg\" height=\"160\" width=\"650\" alt=\"\" class=\"slider-1445 slide-5037\" title=\"Autoridades 3\" \/><\/li>\n                <li style=\"display: none; width: 100%;\" class=\"slide-5036 ms-image\" aria-roledescription=\"slide\" aria-label=\"slide-5036\"><img src=\"https:\/\/isfdyt25-bue.infd.edu.ar\/sitio\/wp-content\/uploads\/2023\/07\/Autoridades-2-650x160.jpg\" height=\"160\" width=\"650\" alt=\"\" class=\"slider-1445 slide-5036\" title=\"Autoridades 2\" \/><\/li>\n                <li style=\"display: none; width: 100%;\" class=\"slide-6080 ms-image\" aria-roledescription=\"slide\" aria-label=\"slide-6080\"><img src=\"https:\/\/isfdyt25-bue.infd.edu.ar\/sitio\/wp-content\/uploads\/2026\/03\/Autoridades-4-1-650x160.jpg\" height=\"160\" width=\"650\" alt=\"\" class=\"slider-1445 slide-6080\" title=\"Autoridades-4-1\" \/><\/li>\n            <\/ul>\n        <\/div>\n        \n    <\/div>\n<\/div>\n<p>&nbsp;<\/p>\n<p>&nbsp;<\/p>\n<p>Director: Lic. Andr\u00e9s Amoroso<\/p>\n<p>Vice Directora: Esp. Nazarena M\u00e9ndez<\/p>\n<p>Regente: Prof. Silvina Feci<\/p>\n<p>Regente: Prof. Wualdo Gibelli<\/p>\n<p>Secretaria: Prof. Carolina Beilinson<\/p>\n<p>&nbsp;<\/p>\n<div id=\"metaslider-id-4140\" style=\"max-width: 650px;\" class=\"ml-slider-3-33-0 metaslider metaslider-flex metaslider-4140 ml-slider ms-theme-default nav-hidden nav-hidden\" role=\"region\" aria-roledescription=\"Slideshow\" aria-label=\"Slideshow\">\n    <div id=\"metaslider_container_4140\">\n        <div id=\"metaslider_4140\" class=\"flexslider\">\n            <ul aria-live=\"polite\" class=\"slides\">\n                <li style=\"display: block; width: 100%;\" class=\"slide-5038 ms-image\" aria-roledescription=\"slide\" aria-label=\"slide-5038\"><img src=\"https:\/\/isfdyt25-bue.infd.edu.ar\/sitio\/wp-content\/uploads\/2023\/07\/Autoridades-2-650x160.jpg\" height=\"160\" width=\"650\" alt=\"\" class=\"slider-4140 slide-5038\" title=\"Autoridades 2\" \/><\/li>\n                <li style=\"display: none; width: 100%;\" class=\"slide-5039 ms-image\" aria-roledescription=\"slide\" aria-label=\"slide-5039\"><img src=\"https:\/\/isfdyt25-bue.infd.edu.ar\/sitio\/wp-content\/uploads\/2023\/07\/Autoridades-1-650x160.jpg\" height=\"160\" width=\"650\" alt=\"\" class=\"slider-4140 slide-5039\" title=\"Autoridades 1\" \/><\/li>\n                <li style=\"display: none; width: 100%;\" class=\"slide-5042 ms-image\" aria-roledescription=\"slide\" aria-label=\"slide-5042\"><img src=\"https:\/\/isfdyt25-bue.infd.edu.ar\/sitio\/wp-content\/uploads\/2023\/07\/Autoridades-4-650x160.jpg\" height=\"160\" width=\"650\" alt=\"\" class=\"slider-4140 slide-5042\" title=\"Autoridades 4\" \/><\/li>\n                <li style=\"display: none; width: 100%;\" class=\"slide-5043 ms-image\" aria-roledescription=\"slide\" aria-label=\"slide-5043\"><img src=\"https:\/\/isfdyt25-bue.infd.edu.ar\/sitio\/wp-content\/uploads\/2023\/07\/Autoridades-5-650x160.jpg\" height=\"160\" width=\"650\" alt=\"\" class=\"slider-4140 slide-5043\" title=\"Autoridades 5\" \/><\/li>\n            <\/ul>\n        <\/div>\n        \n    <\/div>\n<\/div>\n","protected":false},"excerpt":{"rendered":"<p>EL INSTITUTO: Equipo de Conducci\u00f3n Volver \u0399 Galer\u00eda de Autoridades &nbsp; &nbsp; Director: Lic. Andr\u00e9s Amoroso Vice Directora: Esp. Nazarena M\u00e9ndez Regente: Prof. Silvina Feci Regente: Prof. Wualdo Gibelli Secretaria: Prof. Carolina Beilinson &nbsp;<\/p>\n","protected":false},"author":234,"featured_media":0,"parent":0,"menu_order":0,"comment_status":"closed","ping_status":"closed","template":"","meta":[],"acf":[],"_links":{"self":[{"href":"https:\/\/isfdyt25-bue.infd.edu.ar\/sitio\/wp-json\/wp\/v2\/pages\/924"}],"collection":[{"href":"https:\/\/isfdyt25-bue.infd.edu.ar\/sitio\/wp-json\/wp\/v2\/pages"}],"about":[{"href":"https:\/\/isfdyt25-bue.infd.edu.ar\/sitio\/wp-json\/wp\/v2\/types\/page"}],"author":[{"embeddable":true,"href":"https:\/\/isfdyt25-bue.infd.edu.ar\/sitio\/wp-json\/wp\/v2\/users\/234"}],"replies":[{"embeddable":true,"href":"https:\/\/isfdyt25-bue.infd.edu.ar\/sitio\/wp-json\/wp\/v2\/comments?post=924"}],"version-history":[{"count":112,"href":"https:\/\/isfdyt25-bue.infd.edu.ar\/sitio\/wp-json\/wp\/v2\/pages\/924\/revisions"}],"predecessor-version":[{"id":6126,"href":"https:\/\/isfdyt25-bue.infd.edu.ar\/sitio\/wp-json\/wp\/v2\/pages\/924\/revisions\/6126"}],"wp:attachment":[{"href":"https:\/\/isfdyt25-bue.infd.edu.ar\/sitio\/wp-json\/wp\/v2\/media?parent=924"}],"curies":[{"name":"wp","href":"https:\/\/api.w.org\/{rel}","templated":true}]}}