{"id":907,"date":"2018-08-29T15:23:09","date_gmt":"2018-08-29T18:23:09","guid":{"rendered":"https:\/\/isfdyt25-bue.infd.edu.ar\/sitio\/tecnicatura-superior-en-trabajo-social\/"},"modified":"2022-04-21T17:44:42","modified_gmt":"2022-04-21T20:44:42","slug":"tecnicatura-superior-en-trabajo-social","status":"publish","type":"page","link":"https:\/\/isfdyt25-bue.infd.edu.ar\/sitio\/tecnicatura-superior-en-trabajo-social\/","title":{"rendered":"Tecnicatura Superior en Trabajo Social"},"content":{"rendered":"<h5><strong><span style=\"color: #808080;\">OFERTA ACAD\u00c9MICA:<\/span> Tecnicatura Superior en Trabajo Social<\/strong><\/h5>\n<hr \/>\n<h6><a href=\"https:\/\/isfdyt25-bue.infd.edu.ar\/sitio\/oferta-academica\/\">Volver<\/a> \u0399 <a href=\"https:\/\/isfdyt25-bue.infd.edu.ar\/sitio\/profesorado-de-educacion-inicial\/\">Prof. de Educ. Inicial<\/a>\u00a0I <a href=\"https:\/\/isfdyt25-bue.infd.edu.ar\/sitio\/profesorado-de-educacion-primaria\/\">Prof. de Educ. Primaria<\/a> I <a href=\"https:\/\/isfdyt25-bue.infd.edu.ar\/sitio\/profesorado-de-educacion-especial\/\">Prof. de Educ. Especial<\/a><\/h6>\n<p><img decoding=\"async\" loading=\"lazy\" class=\"alignnone size-full wp-image-1127\" src=\"https:\/\/isfdyt25-bue.infd.edu.ar\/sitio\/wp-content\/uploads\/2021\/05\/ISFDyT-Sitio-Trab-Social-1.jpg\" alt=\"\" width=\"1384\" height=\"616\" srcset=\"https:\/\/isfdyt25-bue.infd.edu.ar\/sitio\/wp-content\/uploads\/2021\/05\/ISFDyT-Sitio-Trab-Social-1.jpg 1384w, https:\/\/isfdyt25-bue.infd.edu.ar\/sitio\/wp-content\/uploads\/2021\/05\/ISFDyT-Sitio-Trab-Social-1-1000x445.jpg 1000w, https:\/\/isfdyt25-bue.infd.edu.ar\/sitio\/wp-content\/uploads\/2021\/05\/ISFDyT-Sitio-Trab-Social-1-768x342.jpg 768w\" sizes=\"(max-width: 1384px) 100vw, 1384px\" \/><img decoding=\"async\" loading=\"lazy\" class=\"alignnone size-full wp-image-1138\" src=\"https:\/\/isfdyt25-bue.infd.edu.ar\/sitio\/wp-content\/uploads\/2021\/05\/ISFDyT-Sitio-Trab-Social-2.jpg\" alt=\"\" width=\"1384\" height=\"616\" srcset=\"https:\/\/isfdyt25-bue.infd.edu.ar\/sitio\/wp-content\/uploads\/2021\/05\/ISFDyT-Sitio-Trab-Social-2.jpg 1384w, https:\/\/isfdyt25-bue.infd.edu.ar\/sitio\/wp-content\/uploads\/2021\/05\/ISFDyT-Sitio-Trab-Social-2-1000x445.jpg 1000w, https:\/\/isfdyt25-bue.infd.edu.ar\/sitio\/wp-content\/uploads\/2021\/05\/ISFDyT-Sitio-Trab-Social-2-768x342.jpg 768w\" sizes=\"(max-width: 1384px) 100vw, 1384px\" \/><img decoding=\"async\" loading=\"lazy\" class=\"alignnone size-full wp-image-1139\" src=\"https:\/\/isfdyt25-bue.infd.edu.ar\/sitio\/wp-content\/uploads\/2021\/05\/ISFDyT-Sitio-Trab-Social-3.jpg\" alt=\"\" width=\"1384\" height=\"616\" srcset=\"https:\/\/isfdyt25-bue.infd.edu.ar\/sitio\/wp-content\/uploads\/2021\/05\/ISFDyT-Sitio-Trab-Social-3.jpg 1384w, https:\/\/isfdyt25-bue.infd.edu.ar\/sitio\/wp-content\/uploads\/2021\/05\/ISFDyT-Sitio-Trab-Social-3-1000x445.jpg 1000w, https:\/\/isfdyt25-bue.infd.edu.ar\/sitio\/wp-content\/uploads\/2021\/05\/ISFDyT-Sitio-Trab-Social-3-768x342.jpg 768w\" sizes=\"(max-width: 1384px) 100vw, 1384px\" \/><img decoding=\"async\" loading=\"lazy\" class=\"alignnone size-full wp-image-1140\" src=\"https:\/\/isfdyt25-bue.infd.edu.ar\/sitio\/wp-content\/uploads\/2021\/05\/ISFDyT-Sitio-Prof-Primaria-4-1.jpg\" alt=\"\" width=\"1384\" height=\"616\" srcset=\"https:\/\/isfdyt25-bue.infd.edu.ar\/sitio\/wp-content\/uploads\/2021\/05\/ISFDyT-Sitio-Prof-Primaria-4-1.jpg 1384w, https:\/\/isfdyt25-bue.infd.edu.ar\/sitio\/wp-content\/uploads\/2021\/05\/ISFDyT-Sitio-Prof-Primaria-4-1-1000x445.jpg 1000w, https:\/\/isfdyt25-bue.infd.edu.ar\/sitio\/wp-content\/uploads\/2021\/05\/ISFDyT-Sitio-Prof-Primaria-4-1-768x342.jpg 768w\" sizes=\"(max-width: 1384px) 100vw, 1384px\" \/><\/p>\n<div class=\"my_own_div\">\n<div class=\"my_own_header\">\n<p><a href=\"https:\/\/isfdyt25-bue.infd.edu.ar\/sitio\/wp-content\/uploads\/2021\/05\/Tecnicatura-Superior-en-Trabajo-Social_Plan-de-Estudios.pdf\" download=\"ISFDyT25 Tec Sup Trabajo Social_Plan de Estudios\"><img decoding=\"async\" loading=\"lazy\" class=\"alignnone wp-image-1221\" src=\"https:\/\/isfdyt25-bue.infd.edu.ar\/sitio\/wp-content\/uploads\/2021\/05\/ISFDyT-Sitio-Descargar-PDF.jpg\" alt=\"\" width=\"46\" height=\"46\" \/><\/a>\u00a0Plan de Estudios y Correlatividades<\/p>\n<p>&nbsp;<\/p>\n<p><strong>Perfil Profesional<\/strong><\/p>\n<\/div>\n<p style=\"text-align: justify; margin: 30px 60px 30px 60px; line-height: 1.5;\">El Trabajador Social es un profesional competente para intervenir en diferentes espacios gubernamentales y no gubernamentales; capacitado para el abordaje de problem\u00e1ticas sociales e implementar alternativas de resoluci\u00f3n instrumentando metodolog\u00edas de la investigaci\u00f3n, elaborando diagn\u00f3sticos y planificaciones; asesorando, gestionando y coordinando acciones y recursos a trav\u00e9s de la sistematizaci\u00f3n de su pr\u00e1ctica profesional.<\/p>\n<p>&nbsp;<\/p>\n<p style=\"text-align: left;\"><span style=\"font-size: 14pt;\"><strong>\u00c1rea Ocupacional<\/strong><\/span><\/p>\n<p style=\"text-align: justify; margin: 30px 0px; padding-left: 60px;\">El trabajador social podr\u00e1 desempe\u00f1arse:<\/p>\n<blockquote>\n<ul style=\"line-height: 1.5; margin-bottom: 30px;\">\n<li>en organizaciones gubernamentales y no gubernamentales de distinto tipo y tama\u00f1o;<\/li>\n<li>en funciones y roles diversos de acuerdo a las caracter\u00edsticas de las organizaciones, realizando peritajes, informes sociales y mediaci\u00f3n;<\/li>\n<li>en programas y proyectos en el marco de Pol\u00edticas Sociales estatales y no estatales; participando en procesos de organizaci\u00f3n comunitaria y en equipos de trabajo.<\/li>\n<\/ul>\n<\/blockquote>\n<\/div>\n","protected":false},"excerpt":{"rendered":"<p>OFERTA ACAD\u00c9MICA: Tecnicatura Superior en Trabajo Social Volver \u0399 Prof. de Educ. Inicial\u00a0I Prof. de Educ. Primaria I Prof. de Educ. Especial \u00a0Plan de Estudios y Correlatividades &nbsp; Perfil Profesional El Trabajador Social es un profesional competente para intervenir en diferentes espacios gubernamentales y no gubernamentales; capacitado para el abordaje de problem\u00e1ticas sociales e implementar &#8230; <a title=\"Tecnicatura Superior en Trabajo Social\" class=\"read-more\" href=\"https:\/\/isfdyt25-bue.infd.edu.ar\/sitio\/tecnicatura-superior-en-trabajo-social\/\" aria-label=\"More on Tecnicatura Superior en Trabajo Social\">[+]<\/a><\/p>\n","protected":false},"author":234,"featured_media":0,"parent":0,"menu_order":0,"comment_status":"closed","ping_status":"closed","template":"","meta":[],"acf":[],"_links":{"self":[{"href":"https:\/\/isfdyt25-bue.infd.edu.ar\/sitio\/wp-json\/wp\/v2\/pages\/907"}],"collection":[{"href":"https:\/\/isfdyt25-bue.infd.edu.ar\/sitio\/wp-json\/wp\/v2\/pages"}],"about":[{"href":"https:\/\/isfdyt25-bue.infd.edu.ar\/sitio\/wp-json\/wp\/v2\/types\/page"}],"author":[{"embeddable":true,"href":"https:\/\/isfdyt25-bue.infd.edu.ar\/sitio\/wp-json\/wp\/v2\/users\/234"}],"replies":[{"embeddable":true,"href":"https:\/\/isfdyt25-bue.infd.edu.ar\/sitio\/wp-json\/wp\/v2\/comments?post=907"}],"version-history":[{"count":13,"href":"https:\/\/isfdyt25-bue.infd.edu.ar\/sitio\/wp-json\/wp\/v2\/pages\/907\/revisions"}],"predecessor-version":[{"id":3379,"href":"https:\/\/isfdyt25-bue.infd.edu.ar\/sitio\/wp-json\/wp\/v2\/pages\/907\/revisions\/3379"}],"wp:attachment":[{"href":"https:\/\/isfdyt25-bue.infd.edu.ar\/sitio\/wp-json\/wp\/v2\/media?parent=907"}],"curies":[{"name":"wp","href":"https:\/\/api.w.org\/{rel}","templated":true}]}}