{"id":4788,"date":"2023-03-09T14:52:34","date_gmt":"2023-03-09T17:52:34","guid":{"rendered":"https:\/\/isfdyt25-bue.infd.edu.ar\/sitio\/?page_id=4788"},"modified":"2026-03-17T08:18:51","modified_gmt":"2026-03-17T11:18:51","slug":"inscripcion-a-cursados","status":"publish","type":"page","link":"https:\/\/isfdyt25-bue.infd.edu.ar\/sitio\/inscripcion-a-cursados\/","title":{"rendered":"Inscripci\u00f3n a Cursados"},"content":{"rendered":"<h5><strong><span style=\"color: #808080;\">Ciclo Lectivo 2026<\/span><\/strong><strong><span style=\"color: #808080;\">:<\/span> Inscripci\u00f3n a Cursados<\/strong><\/h5>\n<hr \/>\n<h6><a href=\"https:\/\/isfdyt25-bue.infd.edu.ar\/sitio\/ciclo-lectivo-2024\/\">Volver<\/a>\u00a0 \u0399 <a href=\"https:\/\/isfdyt25-bue.infd.edu.ar\/sitio\/horarios-de-cursados\/\">Horario de Cursados<\/a><\/h6>\n<p>Al inicio de cada Ciclo Lectivo, las\/os Estudiantes pueden optar por dos Reg\u00edmenes para transitar los Trayectos Formativos:<\/p>\n<p><strong>R\u00e9gimen de Cursada Presencial<\/strong>:<\/p>\n<p style=\"padding-left: 40px;\">La\/el Estudiante podr\u00e1 inscribirse como <strong>Estudiante Regular<\/strong> en cada unidad curricular (Materia,\u00a0\u00a0Espacio de Definici\u00f3n Institucional, Pr\u00e1ctica docente y profesional,\u00a0 Talleres, Seminarios, Ateneos entre otras) que conformen los dise\u00f1os o\u00a0 Planes de\u00a0 Estudios de las carreras. Dichas unidades curriculares tienen su d\u00eda y horario asignado.<\/p>\n<p><strong>R\u00e9gimen de Estudiante Libre:<\/strong><\/p>\n<p style=\"padding-left: 40px;\">La\/el Estudiante podr\u00e1 inscribirse como <strong>Estudiante Libre<\/strong> hasta en un 30% de las unidades curriculares con formato Materia establecidas por a\u00f1o en el dise\u00f1o curricular.<\/p>\n<p style=\"padding-left: 40px;\">Quedan exceptuados\u00a0 de este r\u00e9gimen los Talleres, Seminarios, Ateneos, TFO y los Campos de la Pr\u00e1ctica Docente y de la Pr\u00e1ctica Profesional.<\/p>\n<p style=\"padding-left: 40px;\">En el momento de la Inscripci\u00f3n al Cursado como Libre, el estudiante tendr\u00e1 que respetar las correlatividades, debiendo haber aprobado las cursadas de todas las materias que este r\u00e9gimen exige.<\/p>\n<hr \/>\n<p><strong>IMPORTANTE:<\/strong><\/p>\n<ul>\n<li>Las\/os <strong>Estudiantes<\/strong> <strong>Ingresantes <\/strong>de todas las carreras ya <strong>est\u00e1n Inscriptos a Cursados<\/strong> de todas las unidades curriculares de <strong>Primer A\u00f1o<\/strong>.<\/li>\n<li>Planifiquen sus trayectorias estudiantiles teniendo en cuenta tanto los <strong><a href=\"https:\/\/sites.google.com\/view\/isfdyt25-biblioteca\/p%C3%A1gina-principal\/planes-de-estudio\/vigentes\">Planes de Estudios que tuvieron modificaciones en las Correlatividades<\/a><\/strong> como los <a href=\"https:\/\/isfdyt25-bue.infd.edu.ar\/sitio\/horarios-de-cursados\/\"><strong>Horarios de Cursados<\/strong><\/a> antes de completar la Inscripci\u00f3n a Cursados y de este modo evitar\u00e1n que haya superposici\u00f3n horaria entre las unidades curriculares de distintos A\u00f1os (Primero, Segundo, Tercero o Cuarto).<\/li>\n<li>Recuerden que el Plan de Estudios establece <strong>cursado por cursado<\/strong> en unidades curriculares correlativas y adem\u00e1s que para abrir cursado en 3er A\u00f1o deben tener todas las unidades curriculares de 1er A\u00f1o cursadas y aprobadas. Del mismo modo, para abrir cursado en 4to, deben tener todas las unidades curriculares de 2do A\u00f1o cursadas y aprobadas.<\/li>\n<li>Consulten a las\/os Preceptores de cada carrera en caso de Inscribirse en una unidad curricular en situaci\u00f3n de cursada<strong>\u00a0Libre<\/strong>.<\/li>\n<li>Los <strong>Campos de la Pr\u00e1ctica Docente<\/strong> o de la <strong>Pr\u00e1ctica Profesionalizante<\/strong> generalmente est\u00e1n conformados por\u00a0 2 grupos con diferentes horarios de cursada. Miren con atenci\u00f3n para inscribirse en el grupo cuyo horario les sea m\u00e1s conveniente.<\/li>\n<\/ul>\n<p>&nbsp;<\/p>\n<p><strong>PARA TENER EN CUENTA:<\/strong><\/p>\n<ul>\n<li>El nuevo r\u00e9gimen de<strong>\u00a0Correlatividades <\/strong>de las unidades curriculares en los <strong>Planes de Estudios<\/strong> de: <a href=\"https:\/\/isfdyt25-bue.infd.edu.ar\/sitio\/wp-content\/uploads\/2026\/03\/IS25-Prof-Educ-Inicial_Plan-de-Estudios-y-Anexo-2-Modif-Correlatividades-2026.pdf\"><strong>Profesorado de Educaci\u00f3n Inicial<\/strong><\/a>, <a href=\"https:\/\/isfdyt25-bue.infd.edu.ar\/sitio\/wp-content\/uploads\/2026\/03\/IS25-Prof-Educ-Primaria_Plan-de-Estudios-y-Anexo-3-Modif-Correlatividades-2026.pdf\"><strong>Profesorado de Educaci\u00f3n Primaria<\/strong><\/a> y <strong><a href=\"https:\/\/isfdyt25-bue.infd.edu.ar\/sitio\/wp-content\/uploads\/2026\/03\/IS25-Prof-Educ-Especial_Plan-de-Estudios-y-Anexo-4-Modif-Correlatividades-2026.pdf\">Profesorado de Educaci\u00f3n Especial<\/a><\/strong>, establecen nuevos requisitos para cursar. Debido a estos cambios en los <strong>Planes de Estudio, <\/strong>algunas Inscripciones a Cursados se realizar\u00e1n de modo condicional y quedar\u00e1n sujetas al seguimiento de las trayectorias personales de cada Estudiante.\u00a0<\/li>\n<\/ul>\n<p>Las\/os Estudiantes de <strong>Segundo A\u00f1o<\/strong>, <strong>Tercer A\u00f1o<\/strong> y <strong>Cuarto A\u00f1o<\/strong> de las carreras: <span style=\"color: #008080;\"><strong>Profesorado de Educaci\u00f3n Inicial<\/strong><\/span>, <span style=\"color: #008080;\"><strong>Profesorado de Educaci\u00f3n Primaria<\/strong><\/span>, <span style=\"color: #008080;\"><strong>Profesorado de Educaci\u00f3n Especial<\/strong><\/span> y <span style=\"color: #0000ff;\"><strong><span style=\"color: #008080;\">Tecnicatura Superior en Trabajo Social<\/span><\/strong><\/span>\u00a0y las\/os Estudiantes de <strong>Cuarto A\u00f1o<\/strong> de la carrera <span style=\"color: #0000ff;\"><span style=\"color: #008080;\"><strong>Profesorado de Educaci\u00f3n Secundaria en Matem\u00e1tica<\/strong><\/span><span style=\"color: #000000;\">, <\/span><\/span>deben Inscribirse a los Cursados a trav\u00e9s del Sistema SADIS.<\/p>\n<p><strong>PER\u00cdODO DE INSCRIPCI\u00d3N A CURSADOS:<\/strong> a partir de las<strong> 13:00 hs. <\/strong>del <strong>mi\u00e9rcoles 11 de marzo <\/strong>\u00a0hasta las <strong>22:30 hs. <\/strong>del<strong> mi\u00e9rcoles 18 de marzo.<\/strong><\/p>\n<p>&nbsp;<\/p>\n<p><strong>Importante<\/strong>: reiteramos que es suma importancia formalizar la inscripci\u00f3n con la debida antelaci\u00f3n, evitando dejar el tr\u00e1mite para los momentos finales del per\u00edodo habilitado.<\/p>\n<figure id=\"attachment_4813\" aria-describedby=\"caption-attachment-4813\" style=\"width: 263px\" class=\"wp-caption alignnone\"><a href=\"http:\/\/190.92.109.251\/alumnos\/index.php\"><img decoding=\"async\" loading=\"lazy\" class=\"wp-image-4813\" src=\"https:\/\/isfdyt25-bue.infd.edu.ar\/sitio\/wp-content\/uploads\/2023\/03\/SADIS.jpg\" alt=\"\" width=\"273\" height=\"206\" \/><\/a><figcaption id=\"caption-attachment-4813\" class=\"wp-caption-text\">Click sobre la imagen para ingresar a SADIS<\/figcaption><\/figure>\n<p><a href=\"https:\/\/isfdyt25-bue.infd.edu.ar\/sitio\/instructivo\/\"><strong>Instructivo de Ingreso a SADIS<\/strong><\/a><\/p>\n","protected":false},"excerpt":{"rendered":"<p>Ciclo Lectivo 2026: Inscripci\u00f3n a Cursados Volver\u00a0 \u0399 Horario de Cursados Al inicio de cada Ciclo Lectivo, las\/os Estudiantes pueden optar por dos Reg\u00edmenes para transitar los Trayectos Formativos: R\u00e9gimen de Cursada Presencial: La\/el Estudiante podr\u00e1 inscribirse como Estudiante Regular en cada unidad curricular (Materia,\u00a0\u00a0Espacio de Definici\u00f3n Institucional, Pr\u00e1ctica docente y profesional,\u00a0 Talleres, Seminarios, Ateneos &#8230; <a title=\"Inscripci\u00f3n a Cursados\" class=\"read-more\" href=\"https:\/\/isfdyt25-bue.infd.edu.ar\/sitio\/inscripcion-a-cursados\/\" aria-label=\"More on Inscripci\u00f3n a Cursados\">[+]<\/a><\/p>\n","protected":false},"author":2055,"featured_media":0,"parent":0,"menu_order":0,"comment_status":"closed","ping_status":"closed","template":"","meta":[],"acf":[],"_links":{"self":[{"href":"https:\/\/isfdyt25-bue.infd.edu.ar\/sitio\/wp-json\/wp\/v2\/pages\/4788"}],"collection":[{"href":"https:\/\/isfdyt25-bue.infd.edu.ar\/sitio\/wp-json\/wp\/v2\/pages"}],"about":[{"href":"https:\/\/isfdyt25-bue.infd.edu.ar\/sitio\/wp-json\/wp\/v2\/types\/page"}],"author":[{"embeddable":true,"href":"https:\/\/isfdyt25-bue.infd.edu.ar\/sitio\/wp-json\/wp\/v2\/users\/2055"}],"replies":[{"embeddable":true,"href":"https:\/\/isfdyt25-bue.infd.edu.ar\/sitio\/wp-json\/wp\/v2\/comments?post=4788"}],"version-history":[{"count":82,"href":"https:\/\/isfdyt25-bue.infd.edu.ar\/sitio\/wp-json\/wp\/v2\/pages\/4788\/revisions"}],"predecessor-version":[{"id":6226,"href":"https:\/\/isfdyt25-bue.infd.edu.ar\/sitio\/wp-json\/wp\/v2\/pages\/4788\/revisions\/6226"}],"wp:attachment":[{"href":"https:\/\/isfdyt25-bue.infd.edu.ar\/sitio\/wp-json\/wp\/v2\/media?parent=4788"}],"curies":[{"name":"wp","href":"https:\/\/api.w.org\/{rel}","templated":true}]}}