{"id":4424,"date":"2022-11-27T12:57:52","date_gmt":"2022-11-27T15:57:52","guid":{"rendered":"https:\/\/isfdyt25-bue.infd.edu.ar\/sitio\/?page_id=4424"},"modified":"2026-03-10T09:24:53","modified_gmt":"2026-03-10T12:24:53","slug":"pre-inscripcion-2024","status":"publish","type":"page","link":"https:\/\/isfdyt25-bue.infd.edu.ar\/sitio\/pre-inscripcion-2024\/","title":{"rendered":"Pre Inscripci\u00f3n 2025"},"content":{"rendered":"<h5><strong><span style=\"color: #808080;\">ESTUDIANTES:<\/span> Pre Inscripci\u00f3n 2026<\/strong><\/h5>\n<hr \/>\n<h6><a href=\"https:\/\/isfdyt25-bue.infd.edu.ar\/sitio\/estudiantes\/\">Volver<\/a>\u00a0 \u0399\u00a0<\/h6>\n<p align=\"center\">\u00a0<\/p>\n<p align=\"center\">\u00a0<\/p>\n<p align=\"center\"><strong>CONDICIONES DE INSCRIPCI\u00d3N<\/strong><\/p>\n<p style=\"text-align: left;\" align=\"center\">Las mismas se realizaran a trav\u00e9s del <strong>formulario online<\/strong>, desde el 9\/12 al 16\/12, en el que cada interesado\/a deber\u00e1 completar sus datos personales y acad\u00e9micos. Y adjuntar <strong>DN<\/strong>I (scaneado ambos lados en formato PDF), y <strong>Partida de Nacimiento<\/strong> (scaneada en formato PDF)\u00a0 Al hacerlo, recibir\u00e1 un correo de confirmaci\u00f3n (puede llegar a carpeta Spam).<\/p>\n<p style=\"text-align: left;\" align=\"center\">Es <strong>importante<\/strong> aclarar que las carreras tienen un cupo y que una vez superada la cantidad de vacantes disponibles, en los \u00faltimos d\u00edas de diciembre, se efectuar\u00e1 un sorteo entre todas las personas que completaron la Pre Inscripci\u00f3n con la participaci\u00f3n de Autoridades Distritales de Educaci\u00f3n y con posterioridad se public\u00f3 la n\u00f3mina de ingresantes en las redes sociales y en sitios institucionales. Adem\u00e1s, se les informar\u00e1 por correo electr\u00f3nico qu\u00e9 documentaci\u00f3n deber\u00e1n presentar sin excepci\u00f3n en el mes de febrero de 2025 para finalizar el proceso de Inscripci\u00f3n.<\/p>\n<p style=\"text-align: left;\" align=\"center\">Aclaraciones:<\/p>\n<ul>\n<li style=\"text-align: left;\">No se pueden inscribir a m\u00e1s de una carrera. Esto es para dejar lugar a otros\/as interesados\/as. Si esto sucede, solo tendr\u00e1 validez la primera carrera que hayan seleccionado al inscribirse.\u00a0<\/li>\n<li>El ingreso no es por orden de inscripci\u00f3n para darle a todos\/as las mismas posibilidades. Superado el cupo se realiza un sorteo por lo que no se apuren a inscribirse y completen sus datos de forma correcta antes del d\u00eda establecido donde cierra definitivamente.<\/li>\n<li>Las cursadas son presenciales y obligatorias.<\/li>\n<li>\n<p>Las personas que se encuentran cursando en condici\u00f3n regular en el Instituto y se inscriben a otra carrera, acceder\u00e1n solo si quedan vacantes disponibles y si no tienen superposici\u00f3n de horarios. Se busca priorizar a quienes no tuvieron posibilidad de acceder.<\/p>\n<\/li>\n<\/ul>\n<p>Antes de completar el formulario de Pre Inscripci\u00f3n, se les recomienda consultar los <a href=\"https:\/\/isfdyt25-bue.infd.edu.ar\/sitio\/carreras\/\"><strong>planes de estudio<\/strong><\/a> de las carreras en oferta, sus <a href=\"https:\/\/isfdyt25-bue.infd.edu.ar\/sitio\/horarios-de-cursados\/\"><strong>horarios de cursado<\/strong><\/a> visitando nuestro <strong><a href=\"https:\/\/isfdyt25-bue.infd.edu.ar\/sitio\/\">sitio oficial<\/a><\/strong>. Por cualquier duda o consulta sobre la Pre Inscripci\u00f3n, pueden acercarse a la <a href=\"https:\/\/isfdyt25-bue.infd.edu.ar\/sitio\/sede-9-de-julio\/\"><strong>Sede de 9 de julio 176<\/strong><\/a> de 16 a 20 horas, o <a href=\"https:\/\/isfdyt25-bue.infd.edu.ar\/sitio\/sede-san-lorenzo-2\/\"><strong>Sede San Lorenzo 37<\/strong><\/a> de 18 a 22 horas en Carmen de Patagones.<\/p>\n<p style=\"text-align: center;\" align=\"center\"><strong>LINK AL FORMULARIO DE INSCRIPCI\u00d3N 2025<\/strong><\/p>\n<p align=\"center\"><a href=\"https:\/\/forms.gle\/7StfhtW7BKtA2seM9\"><span style=\"color: #3366ff;\"><strong>CLIC AQU\u00cd PARA INSCRIBIRSE<\/strong><\/span><\/a><\/p>\n<p>&nbsp;<\/p>\n<p style=\"text-align: center;\"><a href=\"https:\/\/isfdyt89-bue.infd.edu.ar\/sitio\/wp-content\/uploads\/2024\/11\/planilla-inscripcion-estudiante.pdf\">FICHA INSCRIPCI\u00d3N NIVEL SUPERIOR<\/a><\/p>\n<p><em>Instituto de Formaci\u00f3n Docente y T\u00e9cnica N\u00ba 25.<\/em><\/p>\n<p>&nbsp;<\/p>\n<p>&nbsp;<\/p>\n","protected":false},"excerpt":{"rendered":"<p>ESTUDIANTES: Pre Inscripci\u00f3n 2026 Volver\u00a0 \u0399\u00a0 \u00a0 \u00a0 CONDICIONES DE INSCRIPCI\u00d3N Las mismas se realizaran a trav\u00e9s del formulario online, desde el 9\/12 al 16\/12, en el que cada interesado\/a deber\u00e1 completar sus datos personales y acad\u00e9micos. Y adjuntar DNI (scaneado ambos lados en formato PDF), y Partida de Nacimiento (scaneada en formato PDF)\u00a0 Al &#8230; <a title=\"Pre Inscripci\u00f3n 2025\" class=\"read-more\" href=\"https:\/\/isfdyt25-bue.infd.edu.ar\/sitio\/pre-inscripcion-2024\/\" aria-label=\"More on Pre Inscripci\u00f3n 2025\">[+]<\/a><\/p>\n","protected":false},"author":2055,"featured_media":0,"parent":0,"menu_order":0,"comment_status":"closed","ping_status":"closed","template":"","meta":[],"acf":[],"_links":{"self":[{"href":"https:\/\/isfdyt25-bue.infd.edu.ar\/sitio\/wp-json\/wp\/v2\/pages\/4424"}],"collection":[{"href":"https:\/\/isfdyt25-bue.infd.edu.ar\/sitio\/wp-json\/wp\/v2\/pages"}],"about":[{"href":"https:\/\/isfdyt25-bue.infd.edu.ar\/sitio\/wp-json\/wp\/v2\/types\/page"}],"author":[{"embeddable":true,"href":"https:\/\/isfdyt25-bue.infd.edu.ar\/sitio\/wp-json\/wp\/v2\/users\/2055"}],"replies":[{"embeddable":true,"href":"https:\/\/isfdyt25-bue.infd.edu.ar\/sitio\/wp-json\/wp\/v2\/comments?post=4424"}],"version-history":[{"count":121,"href":"https:\/\/isfdyt25-bue.infd.edu.ar\/sitio\/wp-json\/wp\/v2\/pages\/4424\/revisions"}],"predecessor-version":[{"id":6132,"href":"https:\/\/isfdyt25-bue.infd.edu.ar\/sitio\/wp-json\/wp\/v2\/pages\/4424\/revisions\/6132"}],"wp:attachment":[{"href":"https:\/\/isfdyt25-bue.infd.edu.ar\/sitio\/wp-json\/wp\/v2\/media?parent=4424"}],"curies":[{"name":"wp","href":"https:\/\/api.w.org\/{rel}","templated":true}]}}