{"id":4175,"date":"2022-09-01T17:02:33","date_gmt":"2022-09-01T20:02:33","guid":{"rendered":"https:\/\/isfdyt25-bue.infd.edu.ar\/sitio\/?page_id=4175"},"modified":"2026-04-08T09:47:45","modified_gmt":"2026-04-08T12:47:45","slug":"docentes","status":"publish","type":"page","link":"https:\/\/isfdyt25-bue.infd.edu.ar\/sitio\/docentes\/","title":{"rendered":"DOCENTES"},"content":{"rendered":"<p><style>\n        \/* Estilo general para el contenedor *\/\n        body {\n            font-family: 'Arial', sans-serif;\n            margin: 0;\n            padding: 20px;\n            background-color: #f4f4f9;\n        }<\/p>\n<p>        \/* T\u00edtulos *\/\n        h5 {\n            font-size: 24px;\n            color: #333;\n        }<\/p>\n<p>        h6 {\n            font-size: 18px;\n            color: #555;\n            margin: 10px 0;\n        }<\/p>\n<p>        \/* Estilo para los enlaces *\/\n        a {\n            text-decoration: none;\n            color: #007bff;\n            font-weight: bold;\n            margin: 0 10px;\n            position: relative;\n        }<\/p>\n<p>        \/* Recuadro animado con brillo para \"Certificaciones\" *\/\n        a[href*=\"Certificaciones\"] {\n            padding: 2px 10px;\n            border: 2px solid transparent;\n            background-color: #fff;\n            position: relative;\n            overflow: hidden;\n        }<\/p>\n<p>        a[href*=\"Certificaciones\"]:before {\n            content: '';\n            position: absolute;\n            top: 0;\n            left: -100%;\n            width: 100%;\n            height: 100%;\n            background: linear-gradient(90deg, rgba(255, 0, 0, 0.8), rgba(255, 255, 0, 0.8), rgba(255, 0, 0, 0.8));\n            animation: glowing 1.5s infinite;\n        }<\/p>\n<p>        \/* Animaci\u00f3n del resplandor *\/\n        @keyframes glowing {\n            0% {\n                left: -100%;\n            }\n            50% {\n                left: 100%;\n            }\n            100% {\n                left: -100%;\n            }\n        }\n    <\/style>\n<\/p>\n<h5><strong>DOCENTES<\/strong><\/h5>\n<hr \/>\n<h6><a href=\"https:\/\/drive.google.com\/drive\/folders\/1-2Zhsloj1vmSWhgLRpsUy_7UzF44UMrK?usp=sharing\">Actas Volantes<\/a> \u0399 <a href=\"https:\/\/drive.google.com\/drive\/folders\/1-1IJczvbI-mB6SPdmMrQcSNVbA-QVbkG?usp=sharing\">Avisos de Mesas de Ex\u00e1menes<\/a> \u0399 <a href=\"https:\/\/isfdyt25-bue.infd.edu.ar\/sitio\/convocatorias\/\">Convocatorias a Pruebas de Selecci\u00f3n de Cargos<\/a> \u0399<\/h6>\n<h6>\u00a0<\/h6>\n<div style=\"font-family: Arial, sans-serif; background-color: #f4f4f4; padding: 20px;\">\n<div class=\"dnXCYb\" tabindex=\"0\" role=\"button\" aria-controls=\"_qjGvZLrSF-mN5OUPq-eR0A4_46\" aria-expanded=\"true\" data-hveid=\"CEcQAQ\" style=\"max-width: 800px; margin: auto; background: white; border-radius: 8px; box-shadow: 0 2px 10px rgba(0, 0, 0, 0.1); padding: 20px;\">\n<h5 class=\"JlqpRe\" style=\"color: #333; font-size: 1.5em; margin-bottom: 10px; transition: color 0.3s;\">\n            <span class=\"JCzEY ZwRhJd\"><br \/>\n                <span class=\"CSkcDe\">\u00bfC\u00f3mo debe ser un Docente de Educaci\u00f3n Superior?<\/span><br \/>\n            <\/span><br \/>\n        <\/h5>\n<div style=\"margin-bottom: 20px; line-height: 1.6; color: #555;\">\n            <span class=\"ILfuVd\" lang=\"es\"><br \/>\n                <span class=\"hgKElc\">Para la UNESCO, el perfil profesional del Docente se apoya en cuatro pilares: <b style=\"color: #007BFF;\">aprender a conocer, aprender a actuar, aprender a vivir juntos y aprender a ser<\/b>.<\/span><br \/>\n            <\/span>\n        <\/div>\n<div style=\"margin-bottom: 20px; line-height: 1.6; color: #555;\">\n            <span class=\"ILfuVd\" lang=\"es\"><br \/>\n                <span class=\"hgKElc\">El <b style=\"color: #007BFF;\">Docente<\/b> <span class=\"JCzEY ZwRhJd\"><span class=\"CSkcDe\">de Educaci\u00f3n Superior<\/span><\/span>, es aquel profesional que es capaz de provocar procesos de aprendizaje en el aula, conocer la din\u00e1mica de la misma, seleccionar y organizar contenidos, facilitar el surgimiento y la formulaci\u00f3n de interrogantes, alimentar la discusi\u00f3n y el debate en un marco de respeto y armon\u00eda.<\/span><br \/>\n            <\/span>\n        <\/div>\n<div class=\"L3Ezfd\" data-ved=\"2ahUKEwi6z9j8o4qAAxXpBrkGHatzBOoQuk56BAhHEAI\"><\/div>\n<\/p><\/div>\n<div id=\"_qjGvZLrSF-mN5OUPq-eR0A4_46\" class=\"bCOlv\" data-ved=\"2ahUKEwi6z9j8o4qAAxXpBrkGHatzBOoQ7NUEegQIRxAE\" style=\"max-width: 800px; margin: auto; background: white; border-radius: 8px; box-shadow: 0 2px 10px rgba(0, 0, 0, 0.1); padding: 20px; margin-top: 20px;\">\n<div class=\"IZE3Td\">\n<div class=\"t0bRye r2fjmd\" data-hveid=\"CEcQBQ\" data-ved=\"2ahUKEwi6z9j8o4qAAxXpBrkGHatzBOoQu04oAHoECEcQBQ\">\n<div id=\"qjGvZLrSF-mN5OUPq-eR0A4__70\">\n<div class=\"wDYxhc\" data-md=\"61\">\n<div class=\"LGOjhe\" role=\"heading\" data-attrid=\"wa:\/description\" aria-level=\"3\" data-hveid=\"CEMQAA\">\n                            <span class=\"ILfuVd\" lang=\"es\"><br \/>\n                                <span class=\"hgKElc\">Es deseable destacar las siguientes competencias docentes: <b style=\"color: #007BFF;\">comunicaci\u00f3n clara y segura, actitud entusiasta y empat\u00eda con las\/os Estudiantes<\/b>. Asimismo, las pr\u00e1cticas docentes que las\/os Estudiantes consideran m\u00e1s relevantes son: vinculaci\u00f3n de la teor\u00eda y la pr\u00e1ctica, clases din\u00e1micas e interactivas, y uso de experiencias reales.<\/span><br \/>\n                            <\/span>\n                        <\/div>\n<\/p><\/div>\n<\/p><\/div>\n<\/p><\/div>\n<\/p><\/div>\n<\/p><\/div>\n","protected":false},"excerpt":{"rendered":"<p>DOCENTES Actas Volantes \u0399 Avisos de Mesas de Ex\u00e1menes \u0399 Convocatorias a Pruebas de Selecci\u00f3n de Cargos \u0399 \u00a0 \u00bfC\u00f3mo debe ser un Docente de Educaci\u00f3n Superior? Para la UNESCO, el perfil profesional del Docente se apoya en cuatro pilares: aprender a conocer, aprender a actuar, aprender a vivir juntos y aprender a ser. El &#8230; <a title=\"DOCENTES\" class=\"read-more\" href=\"https:\/\/isfdyt25-bue.infd.edu.ar\/sitio\/docentes\/\" aria-label=\"More on DOCENTES\">[+]<\/a><\/p>\n","protected":false},"author":2055,"featured_media":0,"parent":0,"menu_order":0,"comment_status":"closed","ping_status":"closed","template":"","meta":[],"acf":[],"_links":{"self":[{"href":"https:\/\/isfdyt25-bue.infd.edu.ar\/sitio\/wp-json\/wp\/v2\/pages\/4175"}],"collection":[{"href":"https:\/\/isfdyt25-bue.infd.edu.ar\/sitio\/wp-json\/wp\/v2\/pages"}],"about":[{"href":"https:\/\/isfdyt25-bue.infd.edu.ar\/sitio\/wp-json\/wp\/v2\/types\/page"}],"author":[{"embeddable":true,"href":"https:\/\/isfdyt25-bue.infd.edu.ar\/sitio\/wp-json\/wp\/v2\/users\/2055"}],"replies":[{"embeddable":true,"href":"https:\/\/isfdyt25-bue.infd.edu.ar\/sitio\/wp-json\/wp\/v2\/comments?post=4175"}],"version-history":[{"count":89,"href":"https:\/\/isfdyt25-bue.infd.edu.ar\/sitio\/wp-json\/wp\/v2\/pages\/4175\/revisions"}],"predecessor-version":[{"id":6253,"href":"https:\/\/isfdyt25-bue.infd.edu.ar\/sitio\/wp-json\/wp\/v2\/pages\/4175\/revisions\/6253"}],"wp:attachment":[{"href":"https:\/\/isfdyt25-bue.infd.edu.ar\/sitio\/wp-json\/wp\/v2\/media?parent=4175"}],"curies":[{"name":"wp","href":"https:\/\/api.w.org\/{rel}","templated":true}]}}