{"id":3888,"date":"2022-06-23T16:43:52","date_gmt":"2022-06-23T19:43:52","guid":{"rendered":"https:\/\/isfdyt25-bue.infd.edu.ar\/sitio\/?page_id=3888"},"modified":"2024-05-22T15:29:53","modified_gmt":"2024-05-22T18:29:53","slug":"sadis-preguntas","status":"publish","type":"page","link":"https:\/\/isfdyt25-bue.infd.edu.ar\/sitio\/sadis-preguntas\/","title":{"rendered":"SADIS Preguntas"},"content":{"rendered":"<h5><span style=\"color: #808080;\">SADIS:<\/span> Preguntas Frecuentes<strong><br \/><\/strong><\/h5>\n<hr \/>\n<h6><a href=\"https:\/\/isfdyt25-bue.infd.edu.ar\/sitio\/sadis\/\">Volver<\/a> I<\/h6>\n<p><strong>\u00bfQu\u00e9 es SADIS?<\/strong><\/p>\n<p>El Sistema Administrativo de Institutos Superiores es una aplicaci\u00f3n privada adquirida por el Instituto, a trav\u00e9s de los fondos de la Cooperadora Escolar, para concentrar en un solo lugar toda la informaci\u00f3n acad\u00e9mica con los objetivos de: lograr una mayor agilidad en el \u00e1rea administrativa de Estudiantes, unificar criterios en la carga de los datos institucionales y transparentar el acceso a la informaci\u00f3n acad\u00e9mica. Esta aplicaci\u00f3n comenz\u00f3 a implementarse por etapas desde el Ciclo Lectivo 2020 y entr\u00f3 en un per\u00edodo de pruebas en las Mesas de Examen de Agosto 2022 con las Carreras de Profesorado de Educaci\u00f3n Inicial, Profesorado de Educaci\u00f3n Secundaria en Matem\u00e1tica y la Tecnicatura Superior en Trabajo Social.<\/p>\n<p><strong>\u00bfQu\u00e9 puedo hacer en SADIS?<\/strong><\/p>\n<p>En esta aplicaci\u00f3n las y los Estudiantes podr\u00e1n:<\/p>\n<ul>\n<li>inscribirse como estudiantes Regulares o estudiantes Libres en las distintas materias de la carrera que cursa, desde Segundo hasta Cuarto A\u00f1o,<\/li>\n<li>solicitar Rendimientos Acad\u00e9micos,<\/li>\n<li>inscribirse a las Mesas de Examen convocadas en los turnos correspondientes.<\/li>\n<\/ul>\n<p><strong>\u00bfQu\u00e9 debo hacer si, los datos que veo en SADIS no concuerdan con los datos en mi Libreta de Estudiante?<\/strong><\/p>\n<p>Las\/os Preceptores de cada carrera son los encargados de recolectar la informaci\u00f3n de la situaci\u00f3n acad\u00e9mica de cada estudiante y de subir esos datos a la aplicaci\u00f3n. Tambi\u00e9n tienen la responsabilidad de corregir las inconsistencias que surgen entre lo que est\u00e1 en las Actas Volantes o Libros Matrices y lo que se muestra en la web del Sistema.<\/p>\n<p>&nbsp;<\/p>\n","protected":false},"excerpt":{"rendered":"<p>SADIS: Preguntas Frecuentes Volver I \u00bfQu\u00e9 es SADIS? El Sistema Administrativo de Institutos Superiores es una aplicaci\u00f3n privada adquirida por el Instituto, a trav\u00e9s de los fondos de la Cooperadora Escolar, para concentrar en un solo lugar toda la informaci\u00f3n acad\u00e9mica con los objetivos de: lograr una mayor agilidad en el \u00e1rea administrativa de Estudiantes, &#8230; <a title=\"SADIS Preguntas\" class=\"read-more\" href=\"https:\/\/isfdyt25-bue.infd.edu.ar\/sitio\/sadis-preguntas\/\" aria-label=\"More on SADIS Preguntas\">[+]<\/a><\/p>\n","protected":false},"author":2055,"featured_media":0,"parent":0,"menu_order":0,"comment_status":"closed","ping_status":"closed","template":"","meta":[],"acf":[],"_links":{"self":[{"href":"https:\/\/isfdyt25-bue.infd.edu.ar\/sitio\/wp-json\/wp\/v2\/pages\/3888"}],"collection":[{"href":"https:\/\/isfdyt25-bue.infd.edu.ar\/sitio\/wp-json\/wp\/v2\/pages"}],"about":[{"href":"https:\/\/isfdyt25-bue.infd.edu.ar\/sitio\/wp-json\/wp\/v2\/types\/page"}],"author":[{"embeddable":true,"href":"https:\/\/isfdyt25-bue.infd.edu.ar\/sitio\/wp-json\/wp\/v2\/users\/2055"}],"replies":[{"embeddable":true,"href":"https:\/\/isfdyt25-bue.infd.edu.ar\/sitio\/wp-json\/wp\/v2\/comments?post=3888"}],"version-history":[{"count":20,"href":"https:\/\/isfdyt25-bue.infd.edu.ar\/sitio\/wp-json\/wp\/v2\/pages\/3888\/revisions"}],"predecessor-version":[{"id":5619,"href":"https:\/\/isfdyt25-bue.infd.edu.ar\/sitio\/wp-json\/wp\/v2\/pages\/3888\/revisions\/5619"}],"wp:attachment":[{"href":"https:\/\/isfdyt25-bue.infd.edu.ar\/sitio\/wp-json\/wp\/v2\/media?parent=3888"}],"curies":[{"name":"wp","href":"https:\/\/api.w.org\/{rel}","templated":true}]}}