{"id":3870,"date":"2022-06-22T21:08:02","date_gmt":"2022-06-23T00:08:02","guid":{"rendered":"https:\/\/isfdyt25-bue.infd.edu.ar\/sitio\/?page_id=3870"},"modified":"2023-08-01T18:45:22","modified_gmt":"2023-08-01T21:45:22","slug":"instructivo","status":"publish","type":"page","link":"https:\/\/isfdyt25-bue.infd.edu.ar\/sitio\/instructivo\/","title":{"rendered":"Instructivo"},"content":{"rendered":"<h5><span style=\"color: #808080;\">SADIS:<\/span> <strong>Instructivo para el Ingreso<\/strong><\/h5>\n<hr \/>\n<h6><a href=\"https:\/\/isfdyt25-bue.infd.edu.ar\/sitio\/sadis\/\">Volver<\/a> I<\/h6>\n<p><strong>ACCESO:<\/strong><\/p>\n<p><strong>&#8211;<\/strong> Ingrese a la p\u00e1gina oficial de nuestra Instituci\u00f3n: <a href=\"https:\/\/isfdyt25-bue.infd.edu.ar\/sitio\/\"><strong>https:\/\/isfdyt25-bue.infd.edu.ar\/sitio\/<\/strong><\/a><\/p>\n<p><strong>&#8211;<\/strong> En el men\u00fa principal, haga clic en la opci\u00f3n <strong>SADIS<\/strong><\/p>\n<p><strong>&#8211;<\/strong> Seleccione su perfil dentro de la Instituci\u00f3n: <strong>Estudiante<\/strong> o <strong>Docente<\/strong><\/p>\n<p><strong>&#8211;<\/strong> La pantalla de acceso a la aplicaci\u00f3n muestra una imagen como la que aparece a continuaci\u00f3n:<\/p>\n<p><img decoding=\"async\" loading=\"lazy\" class=\"alignnone size-full wp-image-3883\" src=\"https:\/\/isfdyt25-bue.infd.edu.ar\/sitio\/wp-content\/uploads\/2022\/06\/Pantalla-SADIS.jpeg\" alt=\"\" width=\"602\" height=\"435\" \/><\/p>\n<p><strong>&#8211;<\/strong> En la casilla de Login, ingrese su <strong>DNI<\/strong> y como clave inicial, escriba <strong>1234<\/strong><\/p>\n<p><strong>&#8211;<\/strong> Ingrese el c\u00f3digo que muestra la pantalla inicial del Sistema y luego pulse en el bot\u00f3n Ingresar<\/p>\n<hr \/>\n<p><strong>CAMBIO DE CLAVE:<\/strong><\/p>\n<p><strong>&#8211;<\/strong> Si desea cambiar la clave inicial, haga clic en el bot\u00f3n <strong>Datos<\/strong> y luego se desplegar\u00e1n los casilleros que permitir\u00e1n personalizar su perfil<\/p>\n<p><img decoding=\"async\" loading=\"lazy\" class=\"alignnone  wp-image-4848\" src=\"https:\/\/isfdyt25-bue.infd.edu.ar\/sitio\/wp-content\/uploads\/2023\/03\/SADIS-Pantalla-1.jpg\" alt=\"\" width=\"492\" height=\"418\" srcset=\"https:\/\/isfdyt25-bue.infd.edu.ar\/sitio\/wp-content\/uploads\/2023\/03\/SADIS-Pantalla-1.jpg 840w, https:\/\/isfdyt25-bue.infd.edu.ar\/sitio\/wp-content\/uploads\/2023\/03\/SADIS-Pantalla-1-768x653.jpg 768w\" sizes=\"(max-width: 492px) 100vw, 492px\" \/><\/p>\n<hr \/>\n<p><strong>INSCRIPCI\u00d3N A CURSADOS:<\/strong><\/p>\n<p><strong>&#8211;<\/strong> Para completar la Inscripci\u00f3n a Cursados de las distintas unidades curriculares, haga clic en el bot\u00f3n <strong>Matriculaci\u00f3n<\/strong> como se puede ver en la siguiente pantalla<\/p>\n<p><img decoding=\"async\" loading=\"lazy\" class=\"alignnone  wp-image-4849\" src=\"https:\/\/isfdyt25-bue.infd.edu.ar\/sitio\/wp-content\/uploads\/2023\/03\/SADIS-Pantalla-2.jpg\" alt=\"\" width=\"503\" height=\"427\" srcset=\"https:\/\/isfdyt25-bue.infd.edu.ar\/sitio\/wp-content\/uploads\/2023\/03\/SADIS-Pantalla-2.jpg 840w, https:\/\/isfdyt25-bue.infd.edu.ar\/sitio\/wp-content\/uploads\/2023\/03\/SADIS-Pantalla-2-768x653.jpg 768w\" sizes=\"(max-width: 503px) 100vw, 503px\" \/><\/p>\n<p><strong>&#8211;<\/strong> Al acceder al \u00e1rea de Matriculaci\u00f3n, haga clic en el bot\u00f3n <strong>Inscribirse a una Materia<\/strong>. A continuaci\u00f3n, ya podr\u00e1 iniciar el proceso de inscripci\u00f3n a los cursados de las unidades curriculares en las que se encuentra habilitado<\/p>\n<p><img decoding=\"async\" loading=\"lazy\" class=\"alignnone  wp-image-4861\" src=\"https:\/\/isfdyt25-bue.infd.edu.ar\/sitio\/wp-content\/uploads\/2023\/03\/SADIS-Pantalla-4.jpg\" alt=\"\" width=\"504\" height=\"428\" srcset=\"https:\/\/isfdyt25-bue.infd.edu.ar\/sitio\/wp-content\/uploads\/2023\/03\/SADIS-Pantalla-4.jpg 840w, https:\/\/isfdyt25-bue.infd.edu.ar\/sitio\/wp-content\/uploads\/2023\/03\/SADIS-Pantalla-4-768x653.jpg 768w\" sizes=\"(max-width: 504px) 100vw, 504px\" \/><\/p>\n<hr \/>\n<p><strong>&#8211;<\/strong> Adem\u00e1s, en la aplicaci\u00f3n SADIS podr\u00e1 realizar otras las acciones administrativas tales como: visualizar la situaci\u00f3n acad\u00e9mica, inscribirse a las mesas de examen, ver las materias que est\u00e1n cursando y su situaci\u00f3n de cursada al finalizar el Ciclo Lectivo&#8230; Por cualquier dificultad o consulta relacionada con la aplicaci\u00f3n, cont\u00e1ctese con el\/la Preceptor\/a de la carrera en la que se encuentra cursando.<\/p>\n","protected":false},"excerpt":{"rendered":"<p>SADIS: Instructivo para el Ingreso Volver I ACCESO: &#8211; Ingrese a la p\u00e1gina oficial de nuestra Instituci\u00f3n: https:\/\/isfdyt25-bue.infd.edu.ar\/sitio\/ &#8211; En el men\u00fa principal, haga clic en la opci\u00f3n SADIS &#8211; Seleccione su perfil dentro de la Instituci\u00f3n: Estudiante o Docente &#8211; La pantalla de acceso a la aplicaci\u00f3n muestra una imagen como la que aparece &#8230; <a title=\"Instructivo\" class=\"read-more\" href=\"https:\/\/isfdyt25-bue.infd.edu.ar\/sitio\/instructivo\/\" aria-label=\"More on Instructivo\">[+]<\/a><\/p>\n","protected":false},"author":2055,"featured_media":0,"parent":0,"menu_order":0,"comment_status":"closed","ping_status":"closed","template":"","meta":[],"acf":[],"_links":{"self":[{"href":"https:\/\/isfdyt25-bue.infd.edu.ar\/sitio\/wp-json\/wp\/v2\/pages\/3870"}],"collection":[{"href":"https:\/\/isfdyt25-bue.infd.edu.ar\/sitio\/wp-json\/wp\/v2\/pages"}],"about":[{"href":"https:\/\/isfdyt25-bue.infd.edu.ar\/sitio\/wp-json\/wp\/v2\/types\/page"}],"author":[{"embeddable":true,"href":"https:\/\/isfdyt25-bue.infd.edu.ar\/sitio\/wp-json\/wp\/v2\/users\/2055"}],"replies":[{"embeddable":true,"href":"https:\/\/isfdyt25-bue.infd.edu.ar\/sitio\/wp-json\/wp\/v2\/comments?post=3870"}],"version-history":[{"count":36,"href":"https:\/\/isfdyt25-bue.infd.edu.ar\/sitio\/wp-json\/wp\/v2\/pages\/3870\/revisions"}],"predecessor-version":[{"id":5103,"href":"https:\/\/isfdyt25-bue.infd.edu.ar\/sitio\/wp-json\/wp\/v2\/pages\/3870\/revisions\/5103"}],"wp:attachment":[{"href":"https:\/\/isfdyt25-bue.infd.edu.ar\/sitio\/wp-json\/wp\/v2\/media?parent=3870"}],"curies":[{"name":"wp","href":"https:\/\/api.w.org\/{rel}","templated":true}]}}