{"id":3490,"date":"2022-05-15T10:43:28","date_gmt":"2022-05-15T13:43:28","guid":{"rendered":"https:\/\/isfdyt25-bue.infd.edu.ar\/sitio\/?page_id=3490"},"modified":"2022-05-15T12:04:58","modified_gmt":"2022-05-15T15:04:58","slug":"contacto-plataforma","status":"publish","type":"page","link":"https:\/\/isfdyt25-bue.infd.edu.ar\/sitio\/contacto-plataforma\/","title":{"rendered":"Tutoriales y Contacto"},"content":{"rendered":"<h5><strong><span style=\"color: #808080;\">CAMPUS VIRTUAL:<\/span> Tutoriales y Contacto<\/strong><\/h5>\n<hr \/>\n<h6>\u00a0<\/h6>\n<p><a href=\"https:\/\/red.infd.edu.ar\/video-tutoriales-del-campus\/\"><img decoding=\"async\" loading=\"lazy\" class=\"size-medium wp-image-3494 aligncenter\" src=\"https:\/\/isfdyt25-bue.infd.edu.ar\/sitio\/wp-content\/uploads\/2022\/05\/Preguntas-Frecuentes-INFoD-1000x264.jpg\" alt=\"\" width=\"1000\" height=\"264\" srcset=\"https:\/\/isfdyt25-bue.infd.edu.ar\/sitio\/wp-content\/uploads\/2022\/05\/Preguntas-Frecuentes-INFoD-1000x264.jpg 1000w, https:\/\/isfdyt25-bue.infd.edu.ar\/sitio\/wp-content\/uploads\/2022\/05\/Preguntas-Frecuentes-INFoD-768x203.jpg 768w, https:\/\/isfdyt25-bue.infd.edu.ar\/sitio\/wp-content\/uploads\/2022\/05\/Preguntas-Frecuentes-INFoD.jpg 1016w\" sizes=\"(max-width: 1000px) 100vw, 1000px\" \/><\/a><\/p>\n<p>&nbsp;<\/p>\n<p>Si las\/os Docentes o las\/os Estudiantes tienen dudas, consultas, problemas \u00f3 dificultades en el acceso y utilizaci\u00f3n de la <strong>Plataforma INFoD<\/strong> del Instituto Superior de Formaci\u00f3n Docente y T\u00e9cnica N\u00ba 25,\u00a0 como as\u00ed tambi\u00e9n en las <strong>Aulas Virtuales<\/strong>, enviar un mail a:<\/p>\n<p><a href=\"https:\/\/mail.google.com\/mail\/u\/0\/?ogbl\"><img decoding=\"async\" loading=\"lazy\" class=\"size-full wp-image-3495 aligncenter\" src=\"https:\/\/isfdyt25-bue.infd.edu.ar\/sitio\/wp-content\/uploads\/2022\/05\/Gmail-Plataforma.jpg\" alt=\"\" width=\"654\" height=\"168\" \/><\/a><\/p>\n","protected":false},"excerpt":{"rendered":"<p>CAMPUS VIRTUAL: Tutoriales y Contacto \u00a0 &nbsp; Si las\/os Docentes o las\/os Estudiantes tienen dudas, consultas, problemas \u00f3 dificultades en el acceso y utilizaci\u00f3n de la Plataforma INFoD del Instituto Superior de Formaci\u00f3n Docente y T\u00e9cnica N\u00ba 25,\u00a0 como as\u00ed tambi\u00e9n en las Aulas Virtuales, enviar un mail a:<\/p>\n","protected":false},"author":2055,"featured_media":0,"parent":0,"menu_order":0,"comment_status":"closed","ping_status":"closed","template":"","meta":[],"acf":[],"_links":{"self":[{"href":"https:\/\/isfdyt25-bue.infd.edu.ar\/sitio\/wp-json\/wp\/v2\/pages\/3490"}],"collection":[{"href":"https:\/\/isfdyt25-bue.infd.edu.ar\/sitio\/wp-json\/wp\/v2\/pages"}],"about":[{"href":"https:\/\/isfdyt25-bue.infd.edu.ar\/sitio\/wp-json\/wp\/v2\/types\/page"}],"author":[{"embeddable":true,"href":"https:\/\/isfdyt25-bue.infd.edu.ar\/sitio\/wp-json\/wp\/v2\/users\/2055"}],"replies":[{"embeddable":true,"href":"https:\/\/isfdyt25-bue.infd.edu.ar\/sitio\/wp-json\/wp\/v2\/comments?post=3490"}],"version-history":[{"count":12,"href":"https:\/\/isfdyt25-bue.infd.edu.ar\/sitio\/wp-json\/wp\/v2\/pages\/3490\/revisions"}],"predecessor-version":[{"id":3508,"href":"https:\/\/isfdyt25-bue.infd.edu.ar\/sitio\/wp-json\/wp\/v2\/pages\/3490\/revisions\/3508"}],"wp:attachment":[{"href":"https:\/\/isfdyt25-bue.infd.edu.ar\/sitio\/wp-json\/wp\/v2\/media?parent=3490"}],"curies":[{"name":"wp","href":"https:\/\/api.w.org\/{rel}","templated":true}]}}