{"id":3238,"date":"2022-04-17T11:39:23","date_gmt":"2022-04-17T14:39:23","guid":{"rendered":"https:\/\/isfdyt25-bue.infd.edu.ar\/sitio\/?page_id=3238"},"modified":"2026-03-12T08:34:52","modified_gmt":"2026-03-12T11:34:52","slug":"sede-9-de-julio","status":"publish","type":"page","link":"https:\/\/isfdyt25-bue.infd.edu.ar\/sitio\/sede-9-de-julio\/","title":{"rendered":"Sede 9 de Julio"},"content":{"rendered":"<h5><strong><span style=\"color: #808080;\">Ubicaci\u00f3n:<\/span> Sede 9 de Julio<\/strong><\/h5>\n<hr \/>\n<h6><a href=\"https:\/\/isfdyt25-bue.infd.edu.ar\/sitio\/ubicacion\/\">Volver<\/a> I <a href=\"https:\/\/isfdyt25-bue.infd.edu.ar\/sitio\/sede-san-lorenzo-2\/\">Sede San Lorenzo<\/a> I <a href=\"https:\/\/isfdyt25-bue.infd.edu.ar\/sitio\/sede-bottazzi\/\">Sede Bottazzi<\/a><\/h6>\n<p>En la <strong>Sede Central<\/strong> funcionan la Direcci\u00f3n, la Secretar\u00eda y la Biblioteca; es la denominada <strong>Sede 9 de Julio<\/strong>, que se encuentra en calle 9 de Julio 176 de Carmen de Patagones. All\u00ed, se desarrollan las clases del <strong>Profesorado de Educaci\u00f3n Primaria <\/strong>&#8211; Turno Diurno.<\/p>\n<p>Esta Sede, abre su puertas al p\u00fablico durante los d\u00edas h\u00e1biles en el horario de 13:00 a 22:30 hs.\u00a0\u00a0<\/p>\n<ul>\n<li>Autoridad Permanente: Director <strong>Andr\u00e9s Amoroso<\/strong>; Vice Directora <strong>Nazarena M\u00e9ndez<\/strong>; Secretaria <strong>Carolina Beilinson<\/strong><\/li>\n<li>Preceptores: <strong>Rosa Blanca \u00c1lvarez<\/strong> a cargo del Prof. Educaci\u00f3n Primaria &#8211; turno Diurno<\/li>\n<li>Bibliotecario: <strong>Jos\u00e9 Gomes<\/strong><\/li>\n<\/ul>\n<p>A continuaci\u00f3n, se muestra Google Map con la localizaci\u00f3n de la Sede 9 de Julio.<\/p>\n<p><iframe loading=\"lazy\" src=\"https:\/\/www.google.com\/maps\/d\/u\/0\/embed?mid=1bJKkrIlc9iaDU11K5GBSA7fYwq-uEO8E&amp;ehbc=2E312F\" width=\"640\" height=\"480\"><\/iframe><\/p>\n","protected":false},"excerpt":{"rendered":"<p>Ubicaci\u00f3n: Sede 9 de Julio Volver I Sede San Lorenzo I Sede Bottazzi En la Sede Central funcionan la Direcci\u00f3n, la Secretar\u00eda y la Biblioteca; es la denominada Sede 9 de Julio, que se encuentra en calle 9 de Julio 176 de Carmen de Patagones. All\u00ed, se desarrollan las clases del Profesorado de Educaci\u00f3n Primaria &#8230; <a title=\"Sede 9 de Julio\" class=\"read-more\" href=\"https:\/\/isfdyt25-bue.infd.edu.ar\/sitio\/sede-9-de-julio\/\" aria-label=\"More on Sede 9 de Julio\">[+]<\/a><\/p>\n","protected":false},"author":2055,"featured_media":0,"parent":0,"menu_order":0,"comment_status":"closed","ping_status":"closed","template":"","meta":[],"acf":[],"_links":{"self":[{"href":"https:\/\/isfdyt25-bue.infd.edu.ar\/sitio\/wp-json\/wp\/v2\/pages\/3238"}],"collection":[{"href":"https:\/\/isfdyt25-bue.infd.edu.ar\/sitio\/wp-json\/wp\/v2\/pages"}],"about":[{"href":"https:\/\/isfdyt25-bue.infd.edu.ar\/sitio\/wp-json\/wp\/v2\/types\/page"}],"author":[{"embeddable":true,"href":"https:\/\/isfdyt25-bue.infd.edu.ar\/sitio\/wp-json\/wp\/v2\/users\/2055"}],"replies":[{"embeddable":true,"href":"https:\/\/isfdyt25-bue.infd.edu.ar\/sitio\/wp-json\/wp\/v2\/comments?post=3238"}],"version-history":[{"count":30,"href":"https:\/\/isfdyt25-bue.infd.edu.ar\/sitio\/wp-json\/wp\/v2\/pages\/3238\/revisions"}],"predecessor-version":[{"id":6184,"href":"https:\/\/isfdyt25-bue.infd.edu.ar\/sitio\/wp-json\/wp\/v2\/pages\/3238\/revisions\/6184"}],"wp:attachment":[{"href":"https:\/\/isfdyt25-bue.infd.edu.ar\/sitio\/wp-json\/wp\/v2\/media?parent=3238"}],"curies":[{"name":"wp","href":"https:\/\/api.w.org\/{rel}","templated":true}]}}