{"id":3223,"date":"2022-04-17T11:20:18","date_gmt":"2022-04-17T14:20:18","guid":{"rendered":"https:\/\/isfdyt25-bue.infd.edu.ar\/sitio\/?page_id=3223"},"modified":"2026-03-12T08:36:32","modified_gmt":"2026-03-12T11:36:32","slug":"sede-bottazzi","status":"publish","type":"page","link":"https:\/\/isfdyt25-bue.infd.edu.ar\/sitio\/sede-bottazzi\/","title":{"rendered":"Sede Bottazzi"},"content":{"rendered":"<h5><strong><span style=\"color: #808080;\">Ubicaci\u00f3n:<\/span> Sede Bottazzi<\/strong><\/h5>\n<hr \/>\n<h6><a href=\"https:\/\/isfdyt25-bue.infd.edu.ar\/sitio\/ubicacion\/\">Volver<\/a> \u0399 <a href=\"https:\/\/isfdyt25-bue.infd.edu.ar\/sitio\/sede-9-de-julio\/\">Sede 9 de Julio<\/a> I <a href=\"https:\/\/isfdyt25-bue.infd.edu.ar\/sitio\/sede-san-lorenzo-2\/\">Sede San Lorenzo<\/a><\/h6>\n<p>En la <strong>Sede Bottazzi<\/strong>, sita en Carmelo Bottazzi 376 de Carmen de Patagones, se desarrollan las clases del <strong>Profesorado de Educaci\u00f3n Primaria<\/strong> &#8211; Turno Vespertino, del <strong>Profesorado de Educaci\u00f3n Especial<\/strong> y del <strong>Profesorado de Educaci\u00f3n Secundaria en Matem\u00e1tica<\/strong>.<\/p>\n<p>Esta Sede, abre su puertas al p\u00fablico durante los d\u00edas h\u00e1biles en el horario de 18:00 a 22:30 hs.\u00a0<\/p>\n<ul>\n<li>Autoridad Permanente: Regente <strong>Silvina Feci<\/strong><strong><br \/><\/strong><\/li>\n<li>Preceptores: <strong>Griselda Albanesi<\/strong> a cargo de Prof. Educaci\u00f3n Especial; <strong>Rosa Blanca \u00c1lvarez<\/strong> a cargo de Prof. Educaci\u00f3n Primaria; <strong>Mar\u00eda Atala <\/strong>a cargo de Prof. Educaci\u00f3n Secundaria en Matem\u00e1tica<\/li>\n<\/ul>\n<p>A continuaci\u00f3n, se muestra Google Map con la localizaci\u00f3n de la Sede Bottazzi.<\/p>\n<p><iframe loading=\"lazy\" src=\"https:\/\/www.google.com\/maps\/d\/u\/0\/embed?mid=1EuXQHOZpOQFkqixm3o-2TrfQnPHUhZTj&amp;ehbc=2E312F\" width=\"640\" height=\"480\"><\/iframe><\/p>\n","protected":false},"excerpt":{"rendered":"<p>Ubicaci\u00f3n: Sede Bottazzi Volver \u0399 Sede 9 de Julio I Sede San Lorenzo En la Sede Bottazzi, sita en Carmelo Bottazzi 376 de Carmen de Patagones, se desarrollan las clases del Profesorado de Educaci\u00f3n Primaria &#8211; Turno Vespertino, del Profesorado de Educaci\u00f3n Especial y del Profesorado de Educaci\u00f3n Secundaria en Matem\u00e1tica. Esta Sede, abre su &#8230; <a title=\"Sede Bottazzi\" class=\"read-more\" href=\"https:\/\/isfdyt25-bue.infd.edu.ar\/sitio\/sede-bottazzi\/\" aria-label=\"More on Sede Bottazzi\">[+]<\/a><\/p>\n","protected":false},"author":2055,"featured_media":0,"parent":0,"menu_order":0,"comment_status":"closed","ping_status":"closed","template":"","meta":[],"acf":[],"_links":{"self":[{"href":"https:\/\/isfdyt25-bue.infd.edu.ar\/sitio\/wp-json\/wp\/v2\/pages\/3223"}],"collection":[{"href":"https:\/\/isfdyt25-bue.infd.edu.ar\/sitio\/wp-json\/wp\/v2\/pages"}],"about":[{"href":"https:\/\/isfdyt25-bue.infd.edu.ar\/sitio\/wp-json\/wp\/v2\/types\/page"}],"author":[{"embeddable":true,"href":"https:\/\/isfdyt25-bue.infd.edu.ar\/sitio\/wp-json\/wp\/v2\/users\/2055"}],"replies":[{"embeddable":true,"href":"https:\/\/isfdyt25-bue.infd.edu.ar\/sitio\/wp-json\/wp\/v2\/comments?post=3223"}],"version-history":[{"count":26,"href":"https:\/\/isfdyt25-bue.infd.edu.ar\/sitio\/wp-json\/wp\/v2\/pages\/3223\/revisions"}],"predecessor-version":[{"id":6186,"href":"https:\/\/isfdyt25-bue.infd.edu.ar\/sitio\/wp-json\/wp\/v2\/pages\/3223\/revisions\/6186"}],"wp:attachment":[{"href":"https:\/\/isfdyt25-bue.infd.edu.ar\/sitio\/wp-json\/wp\/v2\/media?parent=3223"}],"curies":[{"name":"wp","href":"https:\/\/api.w.org\/{rel}","templated":true}]}}