{"id":3201,"date":"2022-04-17T10:58:10","date_gmt":"2022-04-17T13:58:10","guid":{"rendered":"https:\/\/isfdyt25-bue.infd.edu.ar\/sitio\/?page_id=3201"},"modified":"2026-03-12T08:23:31","modified_gmt":"2026-03-12T11:23:31","slug":"sede-san-lorenzo-2","status":"publish","type":"page","link":"https:\/\/isfdyt25-bue.infd.edu.ar\/sitio\/sede-san-lorenzo-2\/","title":{"rendered":"Sede San Lorenzo"},"content":{"rendered":"<h5><strong><span style=\"color: #808080;\">Ubicaci\u00f3n:<\/span> Sede San Lorenzo<\/strong><\/h5>\n<hr \/>\n<h6><a href=\"https:\/\/isfdyt25-bue.infd.edu.ar\/sitio\/ubicacion\/\">Volver<\/a> \u0399 <a href=\"https:\/\/isfdyt25-bue.infd.edu.ar\/sitio\/sede-9-de-julio\/\">Sede 9 de Julio<\/a> I <a href=\"https:\/\/isfdyt25-bue.infd.edu.ar\/sitio\/sede-bottazzi\/\">Sede Bottazzi<\/a><\/h6>\n<p>En la <strong>Sede San Lorenzo<\/strong>, ubicada en San Lorenzo 37 de Carmen de Patagones, se desarrollan las clases del <strong>Profesorado de Educaci\u00f3n Inicial<\/strong>\u00a0y de la\u00a0<strong>Tecnicatura Superior en Trabajo Social<\/strong>.<\/p>\n<p>Esta Sede, abre su puertas al p\u00fablico durante los d\u00edas h\u00e1biles en el horario de 18:00 a 22:30 hs.\u00a0<\/p>\n<ul>\n<li>Autoridad Permanente: Regente <strong>Wualdo Gibelli<\/strong>\u00a0<strong>\u00a0<br \/><\/strong><\/li>\n<li>Preceptores: <strong>Vanesa C\u00e1rdenas<\/strong> a cargo de Tec. Sup. Trabajo Social; <strong>Guillermina Calcinaro<\/strong> a cargo de Prof. Educaci\u00f3n Inicial<\/li>\n<li>Preceptor del \u00c1rea T\u00e9cnica: <strong>Andr\u00e9s Ryan<\/strong><\/li>\n<\/ul>\n<p>A continuaci\u00f3n, se muestra Google Map con la localizaci\u00f3n de la Sede San Lorenzo.<\/p>\n<p><iframe loading=\"lazy\" src=\"https:\/\/www.google.com\/maps\/d\/u\/0\/embed?mid=1JI72UrEdl6uuemKTpnaFEah37r2S2fAE&amp;ehbc=2E312F\" width=\"640\" height=\"480\"><\/iframe><\/p>\n","protected":false},"excerpt":{"rendered":"<p>Ubicaci\u00f3n: Sede San Lorenzo Volver \u0399 Sede 9 de Julio I Sede Bottazzi En la Sede San Lorenzo, ubicada en San Lorenzo 37 de Carmen de Patagones, se desarrollan las clases del Profesorado de Educaci\u00f3n Inicial\u00a0y de la\u00a0Tecnicatura Superior en Trabajo Social. Esta Sede, abre su puertas al p\u00fablico durante los d\u00edas h\u00e1biles en el &#8230; <a title=\"Sede San Lorenzo\" class=\"read-more\" href=\"https:\/\/isfdyt25-bue.infd.edu.ar\/sitio\/sede-san-lorenzo-2\/\" aria-label=\"More on Sede San Lorenzo\">[+]<\/a><\/p>\n","protected":false},"author":2055,"featured_media":0,"parent":0,"menu_order":0,"comment_status":"closed","ping_status":"closed","template":"","meta":[],"acf":[],"_links":{"self":[{"href":"https:\/\/isfdyt25-bue.infd.edu.ar\/sitio\/wp-json\/wp\/v2\/pages\/3201"}],"collection":[{"href":"https:\/\/isfdyt25-bue.infd.edu.ar\/sitio\/wp-json\/wp\/v2\/pages"}],"about":[{"href":"https:\/\/isfdyt25-bue.infd.edu.ar\/sitio\/wp-json\/wp\/v2\/types\/page"}],"author":[{"embeddable":true,"href":"https:\/\/isfdyt25-bue.infd.edu.ar\/sitio\/wp-json\/wp\/v2\/users\/2055"}],"replies":[{"embeddable":true,"href":"https:\/\/isfdyt25-bue.infd.edu.ar\/sitio\/wp-json\/wp\/v2\/comments?post=3201"}],"version-history":[{"count":30,"href":"https:\/\/isfdyt25-bue.infd.edu.ar\/sitio\/wp-json\/wp\/v2\/pages\/3201\/revisions"}],"predecessor-version":[{"id":6174,"href":"https:\/\/isfdyt25-bue.infd.edu.ar\/sitio\/wp-json\/wp\/v2\/pages\/3201\/revisions\/6174"}],"wp:attachment":[{"href":"https:\/\/isfdyt25-bue.infd.edu.ar\/sitio\/wp-json\/wp\/v2\/media?parent=3201"}],"curies":[{"name":"wp","href":"https:\/\/api.w.org\/{rel}","templated":true}]}}