{"id":3020,"date":"2022-04-16T08:10:51","date_gmt":"2022-04-16T11:10:51","guid":{"rendered":"https:\/\/isfdyt25-bue.infd.edu.ar\/sitio\/?page_id=3020"},"modified":"2023-02-17T10:45:09","modified_gmt":"2023-02-17T13:45:09","slug":"actividades-cooperadora","status":"publish","type":"page","link":"https:\/\/isfdyt25-bue.infd.edu.ar\/sitio\/actividades-cooperadora\/","title":{"rendered":"Actividades Cooperadora"},"content":{"rendered":"<h5><strong><span style=\"color: #808080;\">Asociaci\u00f3n Cooperadora:<\/span> Actividades<\/strong><\/h5>\n<hr \/>\n<h6><a href=\"https:\/\/isfdyt25-bue.infd.edu.ar\/sitio\/asociacion-cooperadora\/\">Volver<\/a> \u0399<\/h6>\n<p><strong>Iniciamos el 2023 con TODO!!<\/strong><\/p>\n<div style=\"width: 720px;\" class=\"wp-video\"><!--[if lt IE 9]><script>document.createElement('video');<\/script><![endif]-->\n<video class=\"wp-video-shortcode\" id=\"video-3020-1\" width=\"720\" height=\"1280\" preload=\"metadata\" controls=\"controls\"><source type=\"video\/mp4\" src=\"https:\/\/isfdyt25-bue.infd.edu.ar\/sitio\/wp-content\/uploads\/2023\/02\/WhatsApp-Video-2023-02-17-at-09.45.54.mp4?_=1\" \/><a href=\"https:\/\/isfdyt25-bue.infd.edu.ar\/sitio\/wp-content\/uploads\/2023\/02\/WhatsApp-Video-2023-02-17-at-09.45.54.mp4\">https:\/\/isfdyt25-bue.infd.edu.ar\/sitio\/wp-content\/uploads\/2023\/02\/WhatsApp-Video-2023-02-17-at-09.45.54.mp4<\/a><\/video><\/div>\n<p>Acercate a tu Preceptor o Preceptora y ped\u00ed info sobre la Cooperadora. Tu participaci\u00f3n Cuenta&#8230;<\/p>\n<p>&nbsp;<\/p>\n<hr \/>\n<p>De a poco va tomando Identidad nuestra nueva <strong>Sede<\/strong> de la calle <strong>9 de Julio<\/strong>. El d\u00eda <strong>21 de Marzo de 2022<\/strong>, algunos integrantes de la Comisi\u00f3n Directiva y el Personal Auxiliar: Mar\u00eda Churrar\u00edn Mu\u00f1oz y Elisa Marinao instalaron la carteler\u00eda en el ingreso a la Sede.<\/p>\n<div id='gallery-1' class='gallery galleryid-3020 gallery-columns-3 gallery-size-thumbnail'><figure class='gallery-item'>\n\t\t\t<div class='gallery-icon landscape'>\n\t\t\t\t<a href='https:\/\/isfdyt25-bue.infd.edu.ar\/sitio\/whatsapp-image-2022-03-17-at-19-30-12\/'><img width=\"500\" height=\"500\" src=\"https:\/\/isfdyt25-bue.infd.edu.ar\/sitio\/wp-content\/uploads\/2022\/03\/WhatsApp-Image-2022-03-17-at-19.30.12-500x500.jpeg\" class=\"attachment-thumbnail size-thumbnail\" alt=\"\" decoding=\"async\" loading=\"lazy\" \/><\/a>\n\t\t\t<\/div><\/figure><figure class='gallery-item'>\n\t\t\t<div class='gallery-icon landscape'>\n\t\t\t\t<a href='https:\/\/isfdyt25-bue.infd.edu.ar\/sitio\/whatsapp-image-2022-03-17-at-19-30-18\/'><img width=\"500\" height=\"500\" src=\"https:\/\/isfdyt25-bue.infd.edu.ar\/sitio\/wp-content\/uploads\/2022\/03\/WhatsApp-Image-2022-03-17-at-19.30.18-500x500.jpeg\" class=\"attachment-thumbnail size-thumbnail\" alt=\"\" decoding=\"async\" loading=\"lazy\" \/><\/a>\n\t\t\t<\/div><\/figure><figure class='gallery-item'>\n\t\t\t<div class='gallery-icon portrait'>\n\t\t\t\t<a href='https:\/\/isfdyt25-bue.infd.edu.ar\/sitio\/whatsapp-image-2022-03-17-at-19-30-19\/'><img width=\"500\" height=\"500\" src=\"https:\/\/isfdyt25-bue.infd.edu.ar\/sitio\/wp-content\/uploads\/2022\/03\/WhatsApp-Image-2022-03-17-at-19.30.19-500x500.jpeg\" class=\"attachment-thumbnail size-thumbnail\" alt=\"\" decoding=\"async\" loading=\"lazy\" \/><\/a>\n\t\t\t<\/div><\/figure><figure class='gallery-item'>\n\t\t\t<div class='gallery-icon landscape'>\n\t\t\t\t<a href='https:\/\/isfdyt25-bue.infd.edu.ar\/sitio\/whatsapp-image-2022-03-17-at-19-30-19-1\/'><img width=\"500\" height=\"500\" src=\"https:\/\/isfdyt25-bue.infd.edu.ar\/sitio\/wp-content\/uploads\/2022\/03\/WhatsApp-Image-2022-03-17-at-19.30.19-1-500x500.jpeg\" class=\"attachment-thumbnail size-thumbnail\" alt=\"\" decoding=\"async\" loading=\"lazy\" \/><\/a>\n\t\t\t<\/div><\/figure><figure class='gallery-item'>\n\t\t\t<div class='gallery-icon portrait'>\n\t\t\t\t<a href='https:\/\/isfdyt25-bue.infd.edu.ar\/sitio\/whatsapp-image-2022-03-17-at-19-30-20\/'><img width=\"500\" height=\"500\" src=\"https:\/\/isfdyt25-bue.infd.edu.ar\/sitio\/wp-content\/uploads\/2022\/03\/WhatsApp-Image-2022-03-17-at-19.30.20-500x500.jpeg\" class=\"attachment-thumbnail size-thumbnail\" alt=\"\" decoding=\"async\" loading=\"lazy\" \/><\/a>\n\t\t\t<\/div><\/figure>\n\t\t<\/div>\n\n<p>El d\u00eda <strong>18 de Marzo de 2022<\/strong> se reunieron los integrantes de la <strong>Comisi\u00f3n Directiva<\/strong> de la Asociaci\u00f3n Cooperadora, Docentes, Estudiantes y Auxilares para organizar una agenda de actividades que abarque todo el <strong>Ciclo Lectivo 2022<\/strong>.<\/p>\n<div id='gallery-2' class='gallery galleryid-3020 gallery-columns-2 gallery-size-thumbnail'><figure class='gallery-item'>\n\t\t\t<div class='gallery-icon landscape'>\n\t\t\t\t<a href='https:\/\/isfdyt25-bue.infd.edu.ar\/sitio\/whatsapp-image-2022-03-18-at-17-55-15\/'><img width=\"500\" height=\"500\" src=\"https:\/\/isfdyt25-bue.infd.edu.ar\/sitio\/wp-content\/uploads\/2022\/03\/WhatsApp-Image-2022-03-18-at-17.55.15-500x500.jpeg\" class=\"attachment-thumbnail size-thumbnail\" alt=\"\" decoding=\"async\" loading=\"lazy\" \/><\/a>\n\t\t\t<\/div><\/figure><figure class='gallery-item'>\n\t\t\t<div class='gallery-icon portrait'>\n\t\t\t\t<a href='https:\/\/isfdyt25-bue.infd.edu.ar\/sitio\/whatsapp-image-2022-03-16-at-13-28-59\/'><img width=\"500\" height=\"500\" src=\"https:\/\/isfdyt25-bue.infd.edu.ar\/sitio\/wp-content\/uploads\/2022\/03\/WhatsApp-Image-2022-03-16-at-13.28.59-500x500.jpeg\" class=\"attachment-thumbnail size-thumbnail\" alt=\"\" decoding=\"async\" loading=\"lazy\" \/><\/a>\n\t\t\t<\/div><\/figure><figure class='gallery-item'>\n\t\t\t<div class='gallery-icon portrait'>\n\t\t\t\t<a href='https:\/\/isfdyt25-bue.infd.edu.ar\/sitio\/whatsapp-image-2022-03-09-at-17-46-00\/'><img width=\"500\" height=\"500\" src=\"https:\/\/isfdyt25-bue.infd.edu.ar\/sitio\/wp-content\/uploads\/2022\/03\/WhatsApp-Image-2022-03-09-at-17.46.00-500x500.jpeg\" class=\"attachment-thumbnail size-thumbnail\" alt=\"\" decoding=\"async\" loading=\"lazy\" \/><\/a>\n\t\t\t<\/div><\/figure><figure class='gallery-item'>\n\t\t\t<div class='gallery-icon portrait'>\n\t\t\t\t<a href='https:\/\/isfdyt25-bue.infd.edu.ar\/sitio\/whatsapp-image-2022-03-09-at-17-46-01\/'><img width=\"500\" height=\"500\" src=\"https:\/\/isfdyt25-bue.infd.edu.ar\/sitio\/wp-content\/uploads\/2022\/03\/WhatsApp-Image-2022-03-09-at-17.46.01-500x500.jpeg\" class=\"attachment-thumbnail size-thumbnail\" alt=\"\" decoding=\"async\" loading=\"lazy\" \/><\/a>\n\t\t\t<\/div><\/figure>\n\t\t<\/div>\n\n<p>En el inicio del <strong>Ciclo Lectivo 2022<\/strong>, presentamos el nuevo dise\u00f1o de las Libretas del Estudiante. La compra de las misma se realiz\u00f3 con los fondos recaudados por la Asociaci\u00f3n Cooperadora y con el aporte de toda la Comunidad Educativa de la Instituci\u00f3n.<\/p>\n<p><img decoding=\"async\" loading=\"lazy\" class=\"alignnone  wp-image-2243\" src=\"https:\/\/isfdyt25-bue.infd.edu.ar\/sitio\/wp-content\/uploads\/2022\/03\/WhatsApp-Image-2022-03-12-at-20.41.52-1.jpeg\" alt=\"\" width=\"574\" height=\"546\" srcset=\"https:\/\/isfdyt25-bue.infd.edu.ar\/sitio\/wp-content\/uploads\/2022\/03\/WhatsApp-Image-2022-03-12-at-20.41.52-1.jpeg 900w, https:\/\/isfdyt25-bue.infd.edu.ar\/sitio\/wp-content\/uploads\/2022\/03\/WhatsApp-Image-2022-03-12-at-20.41.52-1-768x730.jpeg 768w\" sizes=\"(max-width: 574px) 100vw, 574px\" \/><\/p>\n<p>Para el Cierre del <strong>Ciclo Lectivo 2021<\/strong>, la Asociaci\u00f3n Cooperadora organiz\u00f3 un agasajo para las\/os Docentes de la Instituci\u00f3n. Colaboraron en la organizaci\u00f3n del mismo, todos los miembros de la Comisi\u00f3n Directiva, personal docente y todo el personal auxiliar de las tres sedes.<\/p>\n<div id='gallery-3' class='gallery galleryid-3020 gallery-columns-3 gallery-size-thumbnail'><figure class='gallery-item'>\n\t\t\t<div class='gallery-icon landscape'>\n\t\t\t\t<a href='https:\/\/isfdyt25-bue.infd.edu.ar\/sitio\/whatsapp-image-2021-11-26-at-20-35-28-1\/'><img width=\"500\" height=\"500\" src=\"https:\/\/isfdyt25-bue.infd.edu.ar\/sitio\/wp-content\/uploads\/2022\/03\/WhatsApp-Image-2021-11-26-at-20.35.28-1-500x500.jpeg\" class=\"attachment-thumbnail size-thumbnail\" alt=\"\" decoding=\"async\" loading=\"lazy\" \/><\/a>\n\t\t\t<\/div><\/figure><figure class='gallery-item'>\n\t\t\t<div class='gallery-icon landscape'>\n\t\t\t\t<a href='https:\/\/isfdyt25-bue.infd.edu.ar\/sitio\/whatsapp-image-2021-11-26-at-20-35-28\/'><img width=\"500\" height=\"500\" src=\"https:\/\/isfdyt25-bue.infd.edu.ar\/sitio\/wp-content\/uploads\/2022\/03\/WhatsApp-Image-2021-11-26-at-20.35.28-500x500.jpeg\" class=\"attachment-thumbnail size-thumbnail\" alt=\"\" decoding=\"async\" loading=\"lazy\" \/><\/a>\n\t\t\t<\/div><\/figure><figure class='gallery-item'>\n\t\t\t<div class='gallery-icon landscape'>\n\t\t\t\t<a href='https:\/\/isfdyt25-bue.infd.edu.ar\/sitio\/whatsapp-image-2021-11-26-at-20-35-29\/'><img width=\"500\" height=\"500\" src=\"https:\/\/isfdyt25-bue.infd.edu.ar\/sitio\/wp-content\/uploads\/2022\/03\/WhatsApp-Image-2021-11-26-at-20.35.29-500x500.jpeg\" class=\"attachment-thumbnail size-thumbnail\" alt=\"\" decoding=\"async\" loading=\"lazy\" \/><\/a>\n\t\t\t<\/div><\/figure><figure class='gallery-item'>\n\t\t\t<div class='gallery-icon landscape'>\n\t\t\t\t<a href='https:\/\/isfdyt25-bue.infd.edu.ar\/sitio\/whatsapp-image-2021-11-26-at-20-35-31-1\/'><img width=\"500\" height=\"500\" src=\"https:\/\/isfdyt25-bue.infd.edu.ar\/sitio\/wp-content\/uploads\/2022\/03\/WhatsApp-Image-2021-11-26-at-20.35.31-1-500x500.jpeg\" class=\"attachment-thumbnail size-thumbnail\" alt=\"\" decoding=\"async\" loading=\"lazy\" \/><\/a>\n\t\t\t<\/div><\/figure><figure class='gallery-item'>\n\t\t\t<div class='gallery-icon landscape'>\n\t\t\t\t<a href='https:\/\/isfdyt25-bue.infd.edu.ar\/sitio\/whatsapp-image-2021-11-26-at-20-35-31\/'><img width=\"500\" height=\"500\" src=\"https:\/\/isfdyt25-bue.infd.edu.ar\/sitio\/wp-content\/uploads\/2022\/03\/WhatsApp-Image-2021-11-26-at-20.35.31-500x500.jpeg\" class=\"attachment-thumbnail size-thumbnail\" alt=\"\" decoding=\"async\" loading=\"lazy\" \/><\/a>\n\t\t\t<\/div><\/figure><figure class='gallery-item'>\n\t\t\t<div class='gallery-icon landscape'>\n\t\t\t\t<a href='https:\/\/isfdyt25-bue.infd.edu.ar\/sitio\/whatsapp-image-2021-11-26-at-20-40-04\/'><img width=\"500\" height=\"500\" src=\"https:\/\/isfdyt25-bue.infd.edu.ar\/sitio\/wp-content\/uploads\/2022\/03\/WhatsApp-Image-2021-11-26-at-20.40.04-500x500.jpeg\" class=\"attachment-thumbnail size-thumbnail\" alt=\"\" decoding=\"async\" loading=\"lazy\" \/><\/a>\n\t\t\t<\/div><\/figure><figure class='gallery-item'>\n\t\t\t<div class='gallery-icon portrait'>\n\t\t\t\t<a href='https:\/\/isfdyt25-bue.infd.edu.ar\/sitio\/whatsapp-image-2021-11-26-at-20-40-07\/'><img width=\"500\" height=\"500\" src=\"https:\/\/isfdyt25-bue.infd.edu.ar\/sitio\/wp-content\/uploads\/2022\/03\/WhatsApp-Image-2021-11-26-at-20.40.07-500x500.jpeg\" class=\"attachment-thumbnail size-thumbnail\" alt=\"\" decoding=\"async\" loading=\"lazy\" \/><\/a>\n\t\t\t<\/div><\/figure><figure class='gallery-item'>\n\t\t\t<div class='gallery-icon landscape'>\n\t\t\t\t<a href='https:\/\/isfdyt25-bue.infd.edu.ar\/sitio\/whatsapp-image-2021-11-26-at-20-40-08\/'><img width=\"500\" height=\"500\" src=\"https:\/\/isfdyt25-bue.infd.edu.ar\/sitio\/wp-content\/uploads\/2022\/03\/WhatsApp-Image-2021-11-26-at-20.40.08-500x500.jpeg\" class=\"attachment-thumbnail size-thumbnail\" alt=\"\" decoding=\"async\" loading=\"lazy\" \/><\/a>\n\t\t\t<\/div><\/figure><figure class='gallery-item'>\n\t\t\t<div class='gallery-icon landscape'>\n\t\t\t\t<a href='https:\/\/isfdyt25-bue.infd.edu.ar\/sitio\/whatsapp-image-2021-11-26-at-20-40-12\/'><img width=\"500\" height=\"500\" src=\"https:\/\/isfdyt25-bue.infd.edu.ar\/sitio\/wp-content\/uploads\/2022\/03\/WhatsApp-Image-2021-11-26-at-20.40.12-500x500.jpeg\" class=\"attachment-thumbnail size-thumbnail\" alt=\"\" decoding=\"async\" loading=\"lazy\" srcset=\"https:\/\/isfdyt25-bue.infd.edu.ar\/sitio\/wp-content\/uploads\/2022\/03\/WhatsApp-Image-2021-11-26-at-20.40.12-500x500.jpeg 500w, https:\/\/isfdyt25-bue.infd.edu.ar\/sitio\/wp-content\/uploads\/2022\/03\/WhatsApp-Image-2021-11-26-at-20.40.12-1000x1000.jpeg 1000w, https:\/\/isfdyt25-bue.infd.edu.ar\/sitio\/wp-content\/uploads\/2022\/03\/WhatsApp-Image-2021-11-26-at-20.40.12-768x768.jpeg 768w, https:\/\/isfdyt25-bue.infd.edu.ar\/sitio\/wp-content\/uploads\/2022\/03\/WhatsApp-Image-2021-11-26-at-20.40.12-1536x1536.jpeg 1536w, https:\/\/isfdyt25-bue.infd.edu.ar\/sitio\/wp-content\/uploads\/2022\/03\/WhatsApp-Image-2021-11-26-at-20.40.12.jpeg 1600w\" sizes=\"(max-width: 500px) 100vw, 500px\" \/><\/a>\n\t\t\t<\/div><\/figure><figure class='gallery-item'>\n\t\t\t<div class='gallery-icon portrait'>\n\t\t\t\t<a href='https:\/\/isfdyt25-bue.infd.edu.ar\/sitio\/whatsapp-image-2021-11-26-at-20-41-10\/'><img width=\"500\" height=\"500\" src=\"https:\/\/isfdyt25-bue.infd.edu.ar\/sitio\/wp-content\/uploads\/2022\/03\/WhatsApp-Image-2021-11-26-at-20.41.10-500x500.jpeg\" class=\"attachment-thumbnail size-thumbnail\" alt=\"\" decoding=\"async\" loading=\"lazy\" \/><\/a>\n\t\t\t<\/div><\/figure><figure class='gallery-item'>\n\t\t\t<div class='gallery-icon portrait'>\n\t\t\t\t<a href='https:\/\/isfdyt25-bue.infd.edu.ar\/sitio\/whatsapp-image-2021-11-26-at-20-41-11\/'><img width=\"500\" height=\"500\" src=\"https:\/\/isfdyt25-bue.infd.edu.ar\/sitio\/wp-content\/uploads\/2022\/03\/WhatsApp-Image-2021-11-26-at-20.41.11-500x500.jpeg\" class=\"attachment-thumbnail size-thumbnail\" alt=\"\" decoding=\"async\" loading=\"lazy\" \/><\/a>\n\t\t\t<\/div><\/figure><figure class='gallery-item'>\n\t\t\t<div class='gallery-icon portrait'>\n\t\t\t\t<a href='https:\/\/isfdyt25-bue.infd.edu.ar\/sitio\/whatsapp-image-2021-11-26-at-20-41-12\/'><img width=\"500\" height=\"500\" src=\"https:\/\/isfdyt25-bue.infd.edu.ar\/sitio\/wp-content\/uploads\/2022\/03\/WhatsApp-Image-2021-11-26-at-20.41.12-500x500.jpeg\" class=\"attachment-thumbnail size-thumbnail\" alt=\"\" decoding=\"async\" loading=\"lazy\" \/><\/a>\n\t\t\t<\/div><\/figure>\n\t\t<\/div>\n\n","protected":false},"excerpt":{"rendered":"<p>Asociaci\u00f3n Cooperadora: Actividades Volver \u0399 Iniciamos el 2023 con TODO!! Acercate a tu Preceptor o Preceptora y ped\u00ed info sobre la Cooperadora. Tu participaci\u00f3n Cuenta&#8230; &nbsp; De a poco va tomando Identidad nuestra nueva Sede de la calle 9 de Julio. El d\u00eda 21 de Marzo de 2022, algunos integrantes de la Comisi\u00f3n Directiva y &#8230; <a title=\"Actividades Cooperadora\" class=\"read-more\" href=\"https:\/\/isfdyt25-bue.infd.edu.ar\/sitio\/actividades-cooperadora\/\" aria-label=\"More on Actividades Cooperadora\">[+]<\/a><\/p>\n","protected":false},"author":2055,"featured_media":0,"parent":0,"menu_order":0,"comment_status":"closed","ping_status":"closed","template":"","meta":[],"acf":[],"_links":{"self":[{"href":"https:\/\/isfdyt25-bue.infd.edu.ar\/sitio\/wp-json\/wp\/v2\/pages\/3020"}],"collection":[{"href":"https:\/\/isfdyt25-bue.infd.edu.ar\/sitio\/wp-json\/wp\/v2\/pages"}],"about":[{"href":"https:\/\/isfdyt25-bue.infd.edu.ar\/sitio\/wp-json\/wp\/v2\/types\/page"}],"author":[{"embeddable":true,"href":"https:\/\/isfdyt25-bue.infd.edu.ar\/sitio\/wp-json\/wp\/v2\/users\/2055"}],"replies":[{"embeddable":true,"href":"https:\/\/isfdyt25-bue.infd.edu.ar\/sitio\/wp-json\/wp\/v2\/comments?post=3020"}],"version-history":[{"count":14,"href":"https:\/\/isfdyt25-bue.infd.edu.ar\/sitio\/wp-json\/wp\/v2\/pages\/3020\/revisions"}],"predecessor-version":[{"id":4767,"href":"https:\/\/isfdyt25-bue.infd.edu.ar\/sitio\/wp-json\/wp\/v2\/pages\/3020\/revisions\/4767"}],"wp:attachment":[{"href":"https:\/\/isfdyt25-bue.infd.edu.ar\/sitio\/wp-json\/wp\/v2\/media?parent=3020"}],"curies":[{"name":"wp","href":"https:\/\/api.w.org\/{rel}","templated":true}]}}