{"id":286,"date":"2016-10-31T13:17:59","date_gmt":"2016-10-31T16:17:59","guid":{"rendered":"https:\/\/isfdyt25-bue.infd.edu.ar\/sitio\/?page_id=286"},"modified":"2026-03-06T19:58:24","modified_gmt":"2026-03-06T22:58:24","slug":"inicio","status":"publish","type":"page","link":"https:\/\/isfdyt25-bue.infd.edu.ar\/sitio\/","title":{"rendered":"Home Instituto"},"content":{"rendered":"<p style=\"text-align: center;\">\u00a0<\/p>\n<div class=\"text-orange cursor-pointer whitespace-normal inline\" style=\"text-align: center;\"><div id=\"metaslider-id-4732\" style=\"max-width: 600px;\" class=\"ml-slider-3-33-0 metaslider metaslider-responsive metaslider-4732 ml-slider ms-theme-default\" role=\"region\" aria-roledescription=\"Slideshow\" aria-label=\"Slideshow\">\n    <div id=\"metaslider_container_4732\">\n        <ul id='metaslider_4732' class='rslides'>\n            <li aria-roledescription='slide' aria-labelledby='slide-0'><img width=\"855\" height=\"261\" src=\"https:\/\/isfdyt25-bue.infd.edu.ar\/sitio\/wp-content\/uploads\/2026\/03\/Bienvenida-2026-1.jpg\" class=\"slider-4732 slide-5494\" alt=\"\" decoding=\"async\" loading=\"lazy\" rel=\"\" title=\"Bienvenida 2026 1\" srcset=\"https:\/\/isfdyt25-bue.infd.edu.ar\/sitio\/wp-content\/uploads\/2026\/03\/Bienvenida-2026-1.jpg 855w, https:\/\/isfdyt25-bue.infd.edu.ar\/sitio\/wp-content\/uploads\/2026\/03\/Bienvenida-2026-1-768x234.jpg 768w\" sizes=\"(max-width: 855px) 100vw, 855px\" \/><\/li>\n            <li style='display: none;' aria-roledescription='slide' aria-labelledby='slide-1'><img width=\"855\" height=\"262\" src=\"https:\/\/isfdyt25-bue.infd.edu.ar\/sitio\/wp-content\/uploads\/2026\/03\/Bienvenida-2026-2.jpg\" class=\"slider-4732 slide-5496\" alt=\"\" decoding=\"async\" loading=\"lazy\" rel=\"\" title=\"Bienvenida 2026 2\" srcset=\"https:\/\/isfdyt25-bue.infd.edu.ar\/sitio\/wp-content\/uploads\/2026\/03\/Bienvenida-2026-2.jpg 855w, https:\/\/isfdyt25-bue.infd.edu.ar\/sitio\/wp-content\/uploads\/2026\/03\/Bienvenida-2026-2-768x235.jpg 768w\" sizes=\"(max-width: 855px) 100vw, 855px\" \/><\/li>\n            <li style='display: none;' aria-roledescription='slide' aria-labelledby='slide-2'><a href=\"https:\/\/isfdyt25-bue.infd.edu.ar\/sitio\/equivalencias\/\" target=\"_self\"><img width=\"855\" height=\"263\" src=\"https:\/\/isfdyt25-bue.infd.edu.ar\/sitio\/wp-content\/uploads\/2026\/03\/Agenda-Front-Equivalencias.jpg\" class=\"slider-4732 slide-6228\" alt=\"\" decoding=\"async\" loading=\"lazy\" rel=\"\" title=\"Agenda Front Equivalencias\" srcset=\"https:\/\/isfdyt25-bue.infd.edu.ar\/sitio\/wp-content\/uploads\/2026\/03\/Agenda-Front-Equivalencias.jpg 855w, https:\/\/isfdyt25-bue.infd.edu.ar\/sitio\/wp-content\/uploads\/2026\/03\/Agenda-Front-Equivalencias-768x236.jpg 768w\" sizes=\"(max-width: 855px) 100vw, 855px\" \/><\/a><\/li>\n            <li style='display: none;' aria-roledescription='slide' aria-labelledby='slide-3'><a href=\"https:\/\/isfdyt25-bue.infd.edu.ar\/sitio\/ciclo-lectivo-2026\/\" target=\"_self\"><img width=\"855\" height=\"261\" src=\"https:\/\/isfdyt25-bue.infd.edu.ar\/sitio\/wp-content\/uploads\/2026\/03\/Bienvenida-2026-4-1.jpg\" class=\"slider-4732 slide-6063\" alt=\"\" decoding=\"async\" loading=\"lazy\" rel=\"\" title=\"Bienvenida-2026-4 1\" srcset=\"https:\/\/isfdyt25-bue.infd.edu.ar\/sitio\/wp-content\/uploads\/2026\/03\/Bienvenida-2026-4-1.jpg 855w, https:\/\/isfdyt25-bue.infd.edu.ar\/sitio\/wp-content\/uploads\/2026\/03\/Bienvenida-2026-4-1-768x234.jpg 768w\" sizes=\"(max-width: 855px) 100vw, 855px\" \/><\/a><\/li>\n            <li style='display: none;' aria-roledescription='slide' aria-labelledby='slide-4'><a href=\"https:\/\/isfdyt25-bue.infd.edu.ar\/sitio\/inscripcion-a-cursados\/\" target=\"_self\"><img width=\"855\" height=\"262\" src=\"https:\/\/isfdyt25-bue.infd.edu.ar\/sitio\/wp-content\/uploads\/2026\/03\/Bienvenida-2026-6-v1.jpg\" class=\"slider-4732 slide-6220\" alt=\"\" decoding=\"async\" loading=\"lazy\" rel=\"\" title=\"Bienvenida 2026 6 v1\" srcset=\"https:\/\/isfdyt25-bue.infd.edu.ar\/sitio\/wp-content\/uploads\/2026\/03\/Bienvenida-2026-6-v1.jpg 855w, https:\/\/isfdyt25-bue.infd.edu.ar\/sitio\/wp-content\/uploads\/2026\/03\/Bienvenida-2026-6-v1-768x235.jpg 768w\" sizes=\"(max-width: 855px) 100vw, 855px\" \/><\/a><\/li>\n            <li style='display: none;' aria-roledescription='slide' aria-labelledby='slide-5'><a href=\"https:\/\/isfdyt25-bue.infd.edu.ar\/sitio\/estudiantes\/\" target=\"_self\"><img width=\"855\" height=\"262\" src=\"https:\/\/isfdyt25-bue.infd.edu.ar\/sitio\/wp-content\/uploads\/2026\/03\/Bienvenida-2026-3.jpg\" class=\"slider-4732 slide-5569\" alt=\"\" decoding=\"async\" loading=\"lazy\" rel=\"\" title=\"Bienvenida 2026 3\" srcset=\"https:\/\/isfdyt25-bue.infd.edu.ar\/sitio\/wp-content\/uploads\/2026\/03\/Bienvenida-2026-3.jpg 855w, https:\/\/isfdyt25-bue.infd.edu.ar\/sitio\/wp-content\/uploads\/2026\/03\/Bienvenida-2026-3-768x235.jpg 768w\" sizes=\"(max-width: 855px) 100vw, 855px\" \/><\/a><\/li>\n            <li style='display: none;' aria-roledescription='slide' aria-labelledby='slide-6'><a href=\"https:\/\/isfdyt25-bue.infd.edu.ar\/sitio\/asociacion-cooperadora\/\" target=\"_self\"><img width=\"855\" height=\"261\" src=\"https:\/\/isfdyt25-bue.infd.edu.ar\/sitio\/wp-content\/uploads\/2026\/03\/Bienvenida-2026-5.jpg\" class=\"slider-4732 slide-6058\" alt=\"\" decoding=\"async\" loading=\"lazy\" rel=\"\" title=\"Bienvenida 2026 5\" srcset=\"https:\/\/isfdyt25-bue.infd.edu.ar\/sitio\/wp-content\/uploads\/2026\/03\/Bienvenida-2026-5.jpg 855w, https:\/\/isfdyt25-bue.infd.edu.ar\/sitio\/wp-content\/uploads\/2026\/03\/Bienvenida-2026-5-768x234.jpg 768w\" sizes=\"(max-width: 855px) 100vw, 855px\" \/><\/a><\/li>\n        <\/ul>\n        \n    <\/div>\n<\/div><\/div>\n<p style=\"text-align: center;\">\u00a0<\/p>\n<p><script><\/p>\n<p>        function updateClock() {<\/p>\n<p>            const now = new Date(); \/\/ Get the current date and time<\/p>\n<p>            const hours = String(now.getHours()).padStart(2, '0'); \/\/ Get hours and pad with leading zero<\/p>\n<p>            const minutes = String(now.getMinutes()).padStart(2, '0'); \/\/ Get minutes and pad with leading zero<\/p>\n<p>            const seconds = String(now.getSeconds()).padStart(2, '0'); \/\/ Get seconds and pad with leading zero<\/p>\n<p>            const timeString = `${hours}:${minutes}:${seconds}`; \/\/ Format the time string<\/p>\n<p>            document.getElementById('clock').textContent = timeString; \/\/ Update the clock div<\/p>\n<p>        }<\/p>\n<p>        \/\/ Update the clock every second<\/p>\n<p>        setInterval(updateClock, 1000);<\/p>\n<p>        \/\/ Initialize the clock immediately<\/p>\n<p>        updateClock();<\/p>\n<p>    <\/script><\/p>\n<div style=\"margin: 0 auto;\">\n<div id=\"My_title\" style=\"padding-top: 1px; padding-bottom: 1px;\"><img decoding=\"async\" loading=\"lazy\" class=\"wp-image-5397 aligncenter\" src=\"https:\/\/isfdyt25-bue.infd.edu.ar\/sitio\/wp-content\/uploads\/2023\/11\/WhatsApp-Image-2023-11-28-at-21.03.29-1000x563.jpeg\" alt=\"Instituto Superior de Formaci\u00f3n Docente y T\u00e9cnica N\u00ba 25\" width=\"1030\" height=\"580\" srcset=\"https:\/\/isfdyt25-bue.infd.edu.ar\/sitio\/wp-content\/uploads\/2023\/11\/WhatsApp-Image-2023-11-28-at-21.03.29-1000x563.jpeg 1000w, https:\/\/isfdyt25-bue.infd.edu.ar\/sitio\/wp-content\/uploads\/2023\/11\/WhatsApp-Image-2023-11-28-at-21.03.29-768x432.jpeg 768w, https:\/\/isfdyt25-bue.infd.edu.ar\/sitio\/wp-content\/uploads\/2023\/11\/WhatsApp-Image-2023-11-28-at-21.03.29-1536x864.jpeg 1536w, https:\/\/isfdyt25-bue.infd.edu.ar\/sitio\/wp-content\/uploads\/2023\/11\/WhatsApp-Image-2023-11-28-at-21.03.29.jpeg 1600w\" sizes=\"(max-width: 1030px) 100vw, 1030px\" \/><\/div>\n<div style=\"padding-top: 1px; padding-bottom: 1px;\">El Instituto Superior de Formaci\u00f3n Docente y T\u00e9cnica N\u00ba 25 es una Instituci\u00f3n de Educaci\u00f3n P\u00fablica bajo la gesti\u00f3n de la Direcci\u00f3n General de Cultura y Educaci\u00f3n.<\/p>\n<p style=\"text-align: left;\">Desarrolla sus actividades en Carmen de Patagones, la localidad m\u00e1s austral de la provincia de Buenos Aires. Con su vecina Viedma, Patagones comparte una misma historia, la misma fecha de fundaci\u00f3n y el majestuoso r\u00edo que da nombre a la provincia de R\u00edo Negro.<\/p>\n<\/div>\n<\/div>\n<p><iframe loading=\"lazy\" title=\"YouTube video player\" src=\"https:\/\/www.youtube.com\/embed\/xLDu2rUiJAU?si=hsWyOhj0yLpbt3cm\" width=\"560\" height=\"315\" frameborder=\"0\" allowfullscreen=\"allowfullscreen\"><\/iframe><\/p>\n<p>&nbsp;<\/p>\n<p style=\"text-align: center;\"><div id=\"metaslider-id-1146\" style=\"width: 100%;\" class=\"ml-slider-3-33-0 metaslider metaslider-flex metaslider-1146 ml-slider ms-theme-default\" role=\"region\" aria-roledescription=\"Slideshow\" aria-label=\"Slideshow\">\n    <div id=\"metaslider_container_1146\">\n        <div id=\"metaslider_1146\" class=\"flexslider\">\n            <ul aria-live=\"polite\" class=\"slides\">\n                <li style=\"display: block; width: 100%;\" class=\"slide-1381 ms-image\" aria-roledescription=\"slide\" aria-label=\"slide-1381\"><img src=\"https:\/\/isfdyt25-bue.infd.edu.ar\/sitio\/wp-content\/uploads\/2021\/08\/Sedes-1-1-604x413.jpg\" height=\"650\" width=\"950\" alt=\"\" class=\"slider-1146 slide-1381\" title=\"Sedes 1\" \/><\/li>\n                <li style=\"display: none; width: 100%;\" class=\"slide-1147 ms-image\" aria-roledescription=\"slide\" aria-label=\"slide-1147\"><img src=\"https:\/\/isfdyt25-bue.infd.edu.ar\/sitio\/wp-content\/uploads\/2021\/08\/Sede-Central-1-950x650.jpeg\" height=\"650\" width=\"950\" alt=\"\" class=\"slider-1146 slide-1147\" title=\"Sede Central 1\" \/><div class=\"caption-wrap\"><div class=\"caption\">Sede Central  - \nDirecci\u00f3n: 9 de Julio 176\nCarmen de Patagones\nMail: isfdyt25patagones@gmail.com<\/div><\/div><\/li>\n                <li style=\"display: none; width: 100%;\" class=\"slide-1149 ms-image\" aria-roledescription=\"slide\" aria-label=\"slide-1149\"><img src=\"https:\/\/isfdyt25-bue.infd.edu.ar\/sitio\/wp-content\/uploads\/2018\/08\/bottazzi-292x200.png\" height=\"650\" width=\"950\" alt=\"\" class=\"slider-1146 slide-1149\" title=\"bottazzi\" \/><div class=\"caption-wrap\"><div class=\"caption\">Subsede Botazzi  -\nDirecci\u00f3n: Bottazzi 376\nCarmen de Patagones\nMail: isfdyt25patagones@gmail.com<\/div><\/div><\/li>\n                <li style=\"display: none; width: 100%;\" class=\"slide-1364 ms-image\" aria-roledescription=\"slide\" aria-label=\"slide-1364\"><img src=\"https:\/\/isfdyt25-bue.infd.edu.ar\/sitio\/wp-content\/uploads\/2021\/08\/Sede-San-Lorenzo-950x650.jpeg\" height=\"650\" width=\"950\" alt=\"\" class=\"slider-1146 slide-1364\" title=\"Sede San Lorenzo\" \/><div class=\"caption-wrap\"><div class=\"caption\">Subsede San Lorenzo  -\nDirecci\u00f3n: San Lorenzo 37\nCarmen de Patagones\nTel\u00e9fono: 464837 Int. 31<\/div><\/div><\/li>\n            <\/ul>\n        <\/div>\n        \n    <\/div>\n<\/div><\/p>\n<p style=\"text-align: center;\"><div id=\"metaslider-id-1629\" style=\"max-width: 600px;\" class=\"ml-slider-3-33-0 metaslider metaslider-responsive metaslider-1629 ml-slider ms-theme-default nav-hidden\" role=\"region\" aria-roledescription=\"Slideshow\" aria-label=\"Slideshow\">\n    <div id=\"metaslider_container_1629\">\n        <ul id='metaslider_1629' class='rslides'>\n            <li aria-roledescription='slide' aria-labelledby='slide-0'><a href=\"https:\/\/isfdyt25-bue.infd.edu.ar\/sitio\/pre-inscripcion-2024\/\" target=\"_self\"><img src=\"https:\/\/isfdyt25-bue.infd.edu.ar\/sitio\/wp-content\/uploads\/2023\/11\/Pre-Inscrip2024_2-600x140.jpg\" height=\"140\" width=\"600\" alt=\"\" class=\"slider-1629 slide-5297\" title=\"Pre-Inscrip2024_2\" \/><\/a><\/li>\n            <li style='display: none;' aria-roledescription='slide' aria-labelledby='slide-1'><a href=\"https:\/\/isfdyt25-bue.infd.edu.ar\/sitio\/pre-inscripcion-2024\/\" target=\"_self\"><img src=\"https:\/\/isfdyt25-bue.infd.edu.ar\/sitio\/wp-content\/uploads\/2023\/11\/Pre-Inscrip2024_3-600x140.jpg\" height=\"140\" width=\"600\" alt=\"\" class=\"slider-1629 slide-5298\" title=\"Pre-Inscrip2024_3\" \/><\/a><\/li>\n            <li style='display: none;' aria-roledescription='slide' aria-labelledby='slide-2'><a href=\"https:\/\/isfdyt25-bue.infd.edu.ar\/sitio\/pre-inscripcion-2024\/\" target=\"_self\"><img src=\"https:\/\/isfdyt25-bue.infd.edu.ar\/sitio\/wp-content\/uploads\/2023\/11\/Pre-Inscrip2024_6-600x140.jpg\" height=\"140\" width=\"600\" alt=\"\" class=\"slider-1629 slide-5299\" title=\"Pre-Inscrip2024_6\" \/><\/a><\/li>\n        <\/ul>\n        \n    <\/div>\n<\/div><\/p>\n<p style=\"text-align: center;\"><strong>\u00daltimas Novedades del Instituto<\/strong><\/p>\n<style>.wp-show-posts-columns#wpsp-2240 {margin-left: -2em; }.wp-show-posts-columns#wpsp-2240 .wp-show-posts-inner {margin: 0 0 2em 2em; }<\/style><section id=\"wpsp-2240\" class=\" wp-show-posts-columns wp-show-posts\" style=\"\"><article class=\" wp-show-posts-single post-6233 post type-post status-publish format-standard has-post-thumbnail hentry category-cooperadora category-docentes category-estudiantes category-institucionales category-personal-auxiliar wpsp-col-4\" itemtype=\"http:\/\/schema.org\/CreativeWork\" itemscope><div class=\"wp-show-posts-inner\" style=\"\">\t\t\t\t\t\t<header class=\"wp-show-posts-entry-header\">\n\t\t\t\t\t\t\t<h5 class=\"wp-show-posts-entry-title\" itemprop=\"headline\"><a href=\"https:\/\/isfdyt25-bue.infd.edu.ar\/sitio\/nos-visito-ana-maria-grandoso\/\" rel=\"bookmark\">Nos visit\u00f3 Ana Mar\u00eda Grandoso<\/a><\/h5><div class=\"wp-show-posts-entry-meta wp-show-posts-entry-meta-below-title post-meta-inline\"><span class=\"wp-show-posts-posted-on wp-show-posts-meta\">\n\t\t\t\t\t<a href=\"https:\/\/isfdyt25-bue.infd.edu.ar\/sitio\/nos-visito-ana-maria-grandoso\/\" title=\"9:53 am\" rel=\"bookmark\"><time class=\"wp-show-posts-entry-date published\" datetime=\"2026-04-07T09:53:04-03:00\" itemprop=\"datePublished\">7 abril, 2026<\/time><time class=\"wp-show-posts-updated\" datetime=\"2026-04-07T11:16:31-03:00\" itemprop=\"dateModified\">7 abril, 2026<\/time><\/a>\n\t\t\t\t<\/span><\/div>\t\t\t\t\t\t<\/header><!-- .entry-header -->\n\t\t\t\t\t\t\t<div class=\"wp-show-posts-image  wpsp-image-center \">\n\t\t\t<a href=\"https:\/\/isfdyt25-bue.infd.edu.ar\/sitio\/nos-visito-ana-maria-grandoso\/\"  title=\"Nos visit\u00f3 Ana Mar\u00eda Grandoso\"><img width=\"900\" height=\"1600\" src=\"https:\/\/isfdyt25-bue.infd.edu.ar\/sitio\/wp-content\/uploads\/2026\/04\/WhatsApp-Image-2026-04-06-at-6.36.11-PM.jpeg\" class=\"attachment-full size-full wp-post-image\" alt=\"\" decoding=\"async\" loading=\"lazy\" itemprop=\"image\" srcset=\"https:\/\/isfdyt25-bue.infd.edu.ar\/sitio\/wp-content\/uploads\/2026\/04\/WhatsApp-Image-2026-04-06-at-6.36.11-PM.jpeg 900w, https:\/\/isfdyt25-bue.infd.edu.ar\/sitio\/wp-content\/uploads\/2026\/04\/WhatsApp-Image-2026-04-06-at-6.36.11-PM-563x1000.jpeg 563w, https:\/\/isfdyt25-bue.infd.edu.ar\/sitio\/wp-content\/uploads\/2026\/04\/WhatsApp-Image-2026-04-06-at-6.36.11-PM-768x1365.jpeg 768w, https:\/\/isfdyt25-bue.infd.edu.ar\/sitio\/wp-content\/uploads\/2026\/04\/WhatsApp-Image-2026-04-06-at-6.36.11-PM-864x1536.jpeg 864w\" sizes=\"(max-width: 900px) 100vw, 900px\" \/><\/a>\t\t<\/div>\n\t\t\t\t\t\t\t\t<div class=\"wp-show-posts-entry-summary\" itemprop=\"text\">\n\t\t\t\t\t\t\t<p>El lunes 6 de abril de 2026, pas\u00f3 a saludarnos Ana Mar\u00eda Grandoso, una destacada&#8230;<\/p>\n\t\t\t\t\t\t<\/div><!-- .entry-summary -->\n\t\t\t\t\t<\/div><!-- wp-show-posts-inner --><\/article><article class=\" wp-show-posts-single post-6196 post type-post status-publish format-standard has-post-thumbnail hentry category-cooperadora category-docentes category-estudiantes category-institucionales category-personal-auxiliar wpsp-col-4\" itemtype=\"http:\/\/schema.org\/CreativeWork\" itemscope><div class=\"wp-show-posts-inner\" style=\"\">\t\t\t\t\t\t<header class=\"wp-show-posts-entry-header\">\n\t\t\t\t\t\t\t<h5 class=\"wp-show-posts-entry-title\" itemprop=\"headline\"><a href=\"https:\/\/isfdyt25-bue.infd.edu.ar\/sitio\/bienvenida-a-las-os-ingresantes-2026\/\" rel=\"bookmark\">Bienvenida a las\/os Ingresantes 2026<\/a><\/h5><div class=\"wp-show-posts-entry-meta wp-show-posts-entry-meta-below-title post-meta-inline\"><span class=\"wp-show-posts-posted-on wp-show-posts-meta\">\n\t\t\t\t\t<a href=\"https:\/\/isfdyt25-bue.infd.edu.ar\/sitio\/bienvenida-a-las-os-ingresantes-2026\/\" title=\"10:52 am\" rel=\"bookmark\"><time class=\"wp-show-posts-entry-date published\" datetime=\"2026-03-12T10:52:52-03:00\" itemprop=\"datePublished\">12 marzo, 2026<\/time><time class=\"wp-show-posts-updated\" datetime=\"2026-03-12T15:21:54-03:00\" itemprop=\"dateModified\">12 marzo, 2026<\/time><\/a>\n\t\t\t\t<\/span><\/div>\t\t\t\t\t\t<\/header><!-- .entry-header -->\n\t\t\t\t\t\t\t<div class=\"wp-show-posts-image  wpsp-image-center \">\n\t\t\t<a href=\"https:\/\/isfdyt25-bue.infd.edu.ar\/sitio\/bienvenida-a-las-os-ingresantes-2026\/\"  title=\"Bienvenida a las\/os Ingresantes 2026\"><img width=\"1080\" height=\"1795\" src=\"https:\/\/isfdyt25-bue.infd.edu.ar\/sitio\/wp-content\/uploads\/2026\/03\/Ingresantes-2026.jpg\" class=\"attachment-full size-full wp-post-image\" alt=\"\" decoding=\"async\" loading=\"lazy\" itemprop=\"image\" srcset=\"https:\/\/isfdyt25-bue.infd.edu.ar\/sitio\/wp-content\/uploads\/2026\/03\/Ingresantes-2026.jpg 1080w, https:\/\/isfdyt25-bue.infd.edu.ar\/sitio\/wp-content\/uploads\/2026\/03\/Ingresantes-2026-602x1000.jpg 602w, https:\/\/isfdyt25-bue.infd.edu.ar\/sitio\/wp-content\/uploads\/2026\/03\/Ingresantes-2026-768x1276.jpg 768w, https:\/\/isfdyt25-bue.infd.edu.ar\/sitio\/wp-content\/uploads\/2026\/03\/Ingresantes-2026-924x1536.jpg 924w\" sizes=\"(max-width: 1080px) 100vw, 1080px\" \/><\/a>\t\t<\/div>\n\t\t\t\t\t\t\t\t<div class=\"wp-show-posts-entry-summary\" itemprop=\"text\">\n\t\t\t\t\t\t\t<p>El martes 10 de marzo marc\u00f3 el inicio de las actividades acad\u00e9micas del Ciclo Lectivo&#8230;<\/p>\n\t\t\t\t\t\t<\/div><!-- .entry-summary -->\n\t\t\t\t\t<\/div><!-- wp-show-posts-inner --><\/article><article class=\" wp-show-posts-single post-6189 post type-post status-publish format-standard has-post-thumbnail hentry category-cooperadora category-docentes category-estudiantes category-institucionales category-personal-auxiliar category-sin-categoria wpsp-col-4\" itemtype=\"http:\/\/schema.org\/CreativeWork\" itemscope><div class=\"wp-show-posts-inner\" style=\"\">\t\t\t\t\t\t<header class=\"wp-show-posts-entry-header\">\n\t\t\t\t\t\t\t<h5 class=\"wp-show-posts-entry-title\" itemprop=\"headline\"><a href=\"https:\/\/isfdyt25-bue.infd.edu.ar\/sitio\/carolina-beilinson-a-cargo-de-la-secretaria-del-instituto\/\" rel=\"bookmark\">Carolina Beilinson a cargo de la Secretar\u00eda del Instituto<\/a><\/h5><div class=\"wp-show-posts-entry-meta wp-show-posts-entry-meta-below-title post-meta-inline\"><span class=\"wp-show-posts-posted-on wp-show-posts-meta\">\n\t\t\t\t\t<a href=\"https:\/\/isfdyt25-bue.infd.edu.ar\/sitio\/carolina-beilinson-a-cargo-de-la-secretaria-del-instituto\/\" title=\"9:11 am\" rel=\"bookmark\"><time class=\"wp-show-posts-entry-date published\" datetime=\"2026-03-12T09:11:17-03:00\" itemprop=\"datePublished\">12 marzo, 2026<\/time><time class=\"wp-show-posts-updated\" datetime=\"2026-03-12T15:12:22-03:00\" itemprop=\"dateModified\">12 marzo, 2026<\/time><\/a>\n\t\t\t\t<\/span><\/div>\t\t\t\t\t\t<\/header><!-- .entry-header -->\n\t\t\t\t\t\t\t<div class=\"wp-show-posts-image  wpsp-image-center \">\n\t\t\t<a href=\"https:\/\/isfdyt25-bue.infd.edu.ar\/sitio\/carolina-beilinson-a-cargo-de-la-secretaria-del-instituto\/\"  title=\"Carolina Beilinson a cargo de la Secretar\u00eda del Instituto\"><img width=\"872\" height=\"960\" src=\"https:\/\/isfdyt25-bue.infd.edu.ar\/sitio\/wp-content\/uploads\/2026\/03\/Autoridades-4-4.jpeg\" class=\"attachment-full size-full wp-post-image\" alt=\"\" decoding=\"async\" loading=\"lazy\" itemprop=\"image\" srcset=\"https:\/\/isfdyt25-bue.infd.edu.ar\/sitio\/wp-content\/uploads\/2026\/03\/Autoridades-4-4.jpeg 872w, https:\/\/isfdyt25-bue.infd.edu.ar\/sitio\/wp-content\/uploads\/2026\/03\/Autoridades-4-4-768x846.jpeg 768w\" sizes=\"(max-width: 872px) 100vw, 872px\" \/><\/a>\t\t<\/div>\n\t\t\t\t\t\t\t\t<div class=\"wp-show-posts-entry-summary\" itemprop=\"text\">\n\t\t\t\t\t\t\t<p>Desde el 4 de septiembre de 2025, la profesora Mar\u00eda Carolina Beilinson es la nueva&#8230;<\/p>\n\t\t\t\t\t\t<\/div><!-- .entry-summary -->\n\t\t\t\t\t<\/div><!-- wp-show-posts-inner --><\/article><div class=\"wpsp-clear\"><\/div><\/section><!-- .wp-show-posts -->\n<div id=\"metaslider-id-403\" style=\"width: 100%;\" class=\"ml-slider-3-33-0 metaslider metaslider-flex metaslider-403 ml-slider ms-theme-default\" role=\"region\" aria-roledescription=\"Slideshow\" aria-label=\"Slideshow\">\n    <div id=\"metaslider_container_403\">\n        <div id=\"metaslider_403\" class=\"flexslider\">\n            <ul aria-live=\"polite\" class=\"slides\">\n                <li style=\"display: block; width: 100%;\" class=\"slide-607 ms-image\" aria-roledescription=\"slide\" aria-label=\"slide-607\"><a href=\"https:\/\/mapa.infd.edu.ar\/\" target=\"_blank\"><img src=\"https:\/\/isfdyt25-bue.infd.edu.ar\/sitio\/wp-content\/uploads\/2018\/06\/mapa_infd6-1100x200.png\" height=\"200\" width=\"1100\" alt=\"\" class=\"slider-403 slide-607\" title=\"mapa_infd6\" \/><\/a><\/li>\n                <li style=\"display: none; width: 100%;\" class=\"slide-609 ms-image\" aria-roledescription=\"slide\" aria-label=\"slide-609\"><a href=\"https:\/\/www.argentina.gob.ar\/educacion\/becas\" target=\"_blank\"><img src=\"https:\/\/isfdyt25-bue.infd.edu.ar\/sitio\/wp-content\/uploads\/2018\/06\/becas7-1100x200.png\" height=\"200\" width=\"1100\" alt=\"\" class=\"slider-403 slide-609\" title=\"becas7\" \/><\/a><\/li>\n                <li style=\"display: none; width: 100%;\" class=\"slide-635 ms-image\" aria-roledescription=\"slide\" aria-label=\"slide-635\"><a href=\"https:\/\/www.argentina.gob.ar\/tema\/estudiar\/formacion-docencia\" target=\"_blank\"><img src=\"https:\/\/isfdyt25-bue.infd.edu.ar\/sitio\/wp-content\/uploads\/2018\/06\/convocatorias_slide6-1-1100x200.png\" height=\"200\" width=\"1100\" alt=\"\" class=\"slider-403 slide-635\" title=\"convocatorias_slide6-1\" \/><\/a><\/li>\n            <\/ul>\n        <\/div>\n        \n    <\/div>\n<\/div>\n","protected":false},"excerpt":{"rendered":"<p>\u00a0 \u00a0 El Instituto Superior de Formaci\u00f3n Docente y T\u00e9cnica N\u00ba 25 es una Instituci\u00f3n de Educaci\u00f3n P\u00fablica bajo la gesti\u00f3n de la Direcci\u00f3n General de Cultura y Educaci\u00f3n. Desarrolla sus actividades en Carmen de Patagones, la localidad m\u00e1s austral de la provincia de Buenos Aires. Con su vecina Viedma, Patagones comparte una misma historia, &#8230; <a title=\"Carolina Beilinson a cargo de la Secretar\u00eda del Instituto\" class=\"read-more\" href=\"https:\/\/isfdyt25-bue.infd.edu.ar\/sitio\/carolina-beilinson-a-cargo-de-la-secretaria-del-instituto\/\" aria-label=\"More on Carolina Beilinson a cargo de la Secretar\u00eda del Instituto\">[+]<\/a><\/p>\n","protected":false},"author":1,"featured_media":0,"parent":0,"menu_order":0,"comment_status":"closed","ping_status":"closed","template":"","meta":[],"acf":[],"_links":{"self":[{"href":"https:\/\/isfdyt25-bue.infd.edu.ar\/sitio\/wp-json\/wp\/v2\/pages\/286"}],"collection":[{"href":"https:\/\/isfdyt25-bue.infd.edu.ar\/sitio\/wp-json\/wp\/v2\/pages"}],"about":[{"href":"https:\/\/isfdyt25-bue.infd.edu.ar\/sitio\/wp-json\/wp\/v2\/types\/page"}],"author":[{"embeddable":true,"href":"https:\/\/isfdyt25-bue.infd.edu.ar\/sitio\/wp-json\/wp\/v2\/users\/1"}],"replies":[{"embeddable":true,"href":"https:\/\/isfdyt25-bue.infd.edu.ar\/sitio\/wp-json\/wp\/v2\/comments?post=286"}],"version-history":[{"count":254,"href":"https:\/\/isfdyt25-bue.infd.edu.ar\/sitio\/wp-json\/wp\/v2\/pages\/286\/revisions"}],"predecessor-version":[{"id":6067,"href":"https:\/\/isfdyt25-bue.infd.edu.ar\/sitio\/wp-json\/wp\/v2\/pages\/286\/revisions\/6067"}],"wp:attachment":[{"href":"https:\/\/isfdyt25-bue.infd.edu.ar\/sitio\/wp-json\/wp\/v2\/media?parent=286"}],"curies":[{"name":"wp","href":"https:\/\/api.w.org\/{rel}","templated":true}]}}