{"id":2784,"date":"2022-04-15T16:37:32","date_gmt":"2022-04-15T19:37:32","guid":{"rendered":"https:\/\/isfdyt25-bue.infd.edu.ar\/sitio\/?page_id=2784"},"modified":"2022-04-21T15:36:16","modified_gmt":"2022-04-21T18:36:16","slug":"principal","status":"publish","type":"page","link":"https:\/\/isfdyt25-bue.infd.edu.ar\/sitio\/principal\/","title":{"rendered":"Autoridades"},"content":{"rendered":"<h5><strong>EL INSTITUTO<\/strong><\/h5>\n<hr \/>\n<h6><a href=\"https:\/\/isfdyt25-bue.infd.edu.ar\/sitio\/autoridades\/\">Autoridades<\/a>\u00a0 \u0399 <a href=\"https:\/\/isfdyt25-bue.infd.edu.ar\/sitio\/ubicacion\/\">Ubicaci\u00f3n<\/a> I\u00a0<a href=\"https:\/\/isfdyt25-bue.infd.edu.ar\/sitio\/consejo-academico-institucional\/\">Consejo Acad\u00e9mico<\/a> \u0399 <a href=\"https:\/\/isfdyt25-bue.infd.edu.ar\/sitio\/asociacion-cooperadora\/\">Asociaci\u00f3n Cooperadora<\/a> I <a href=\"https:\/\/isfdyt25-bue.infd.edu.ar\/sitio\/biblioteca\/\">Biblioteca<\/a> I <a href=\"https:\/\/isfdyt25-bue.infd.edu.ar\/sitio\/actividades-institucionales\/\">Actividades<\/a><\/h6>\n<p><strong><span style=\"color: #000000; font-size: 12pt;\"><span style=\"color: #000080;\">\u00bb <\/span><\/span><\/strong><span style=\"font-size: 12pt;\"><span style=\"color: #000000;\">Comenz\u00f3 a funcionar el <strong>21 de abril de 1969<\/strong> como filial del <strong>Instituto de Especializaci\u00f3n y Perfeccionamiento Docente<\/strong> de la ciudad de Bah\u00eda Blanca en sus ramas de Ense\u00f1anza Pre-escolar y Diferenciada. Resoluci\u00f3n Ministerial 3653 de fecha 23 de noviembre de 1968.<\/span><\/span><\/p>\n<p><strong><span style=\"color: #000000;\">\u00a0<\/span><\/strong><\/p>\n<p><strong><span style=\"color: #000000; font-size: 12pt;\"><span style=\"color: #000080;\">\u00bb<\/span> <\/span><\/strong><span style=\"color: #000000; font-size: 12pt;\">En el a\u00f1o <strong>1971<\/strong> se transforma la filial en Instituto aut\u00f3nomo mediante Resoluci\u00f3n 525\/71 de fecha 22 de marzo, denomin\u00e1ndose Instituto Superior de Formaci\u00f3n Docente de Carmen de Patagones.<\/span><\/p>\n<p>&nbsp;<\/p>\n<p><strong><span style=\"color: #000000; font-size: 12pt;\"><span style=\"color: #000080;\">\u00bb <\/span><\/span><\/strong><span style=\"font-size: 12pt;\"><span style=\"color: #000000;\">Es la \u00fanica Instituci\u00f3n de Nivel Superior de la regi\u00f3n, permite el acceso a la<strong> Educaci\u00f3n P\u00fablica Terciaria<\/strong> a todos los sectores sociales de la Comunidad del partido de Patagones y zonas aleda\u00f1as.<\/span><\/span><\/p>\n<p>&nbsp;<\/p>\n<p>&nbsp;<\/p>\n","protected":false},"excerpt":{"rendered":"<p>EL INSTITUTO Autoridades\u00a0 \u0399 Ubicaci\u00f3n I\u00a0Consejo Acad\u00e9mico \u0399 Asociaci\u00f3n Cooperadora I Biblioteca I Actividades \u00bb Comenz\u00f3 a funcionar el 21 de abril de 1969 como filial del Instituto de Especializaci\u00f3n y Perfeccionamiento Docente de la ciudad de Bah\u00eda Blanca en sus ramas de Ense\u00f1anza Pre-escolar y Diferenciada. Resoluci\u00f3n Ministerial 3653 de fecha 23 de noviembre &#8230; <a title=\"Autoridades\" class=\"read-more\" href=\"https:\/\/isfdyt25-bue.infd.edu.ar\/sitio\/principal\/\" aria-label=\"More on Autoridades\">[+]<\/a><\/p>\n","protected":false},"author":2055,"featured_media":0,"parent":0,"menu_order":0,"comment_status":"closed","ping_status":"closed","template":"","meta":[],"acf":[],"_links":{"self":[{"href":"https:\/\/isfdyt25-bue.infd.edu.ar\/sitio\/wp-json\/wp\/v2\/pages\/2784"}],"collection":[{"href":"https:\/\/isfdyt25-bue.infd.edu.ar\/sitio\/wp-json\/wp\/v2\/pages"}],"about":[{"href":"https:\/\/isfdyt25-bue.infd.edu.ar\/sitio\/wp-json\/wp\/v2\/types\/page"}],"author":[{"embeddable":true,"href":"https:\/\/isfdyt25-bue.infd.edu.ar\/sitio\/wp-json\/wp\/v2\/users\/2055"}],"replies":[{"embeddable":true,"href":"https:\/\/isfdyt25-bue.infd.edu.ar\/sitio\/wp-json\/wp\/v2\/comments?post=2784"}],"version-history":[{"count":46,"href":"https:\/\/isfdyt25-bue.infd.edu.ar\/sitio\/wp-json\/wp\/v2\/pages\/2784\/revisions"}],"predecessor-version":[{"id":3331,"href":"https:\/\/isfdyt25-bue.infd.edu.ar\/sitio\/wp-json\/wp\/v2\/pages\/2784\/revisions\/3331"}],"wp:attachment":[{"href":"https:\/\/isfdyt25-bue.infd.edu.ar\/sitio\/wp-json\/wp\/v2\/media?parent=2784"}],"curies":[{"name":"wp","href":"https:\/\/api.w.org\/{rel}","templated":true}]}}