{"id":2402,"date":"2022-04-12T22:33:18","date_gmt":"2022-04-13T01:33:18","guid":{"rendered":"https:\/\/isfdyt25-bue.infd.edu.ar\/sitio\/?page_id=2402"},"modified":"2022-04-21T17:52:57","modified_gmt":"2022-04-21T20:52:57","slug":"normativa-equivalencias","status":"publish","type":"page","link":"https:\/\/isfdyt25-bue.infd.edu.ar\/sitio\/normativa-equivalencias\/","title":{"rendered":"Normativa"},"content":{"rendered":"<h5><strong><span style=\"color: #808080;\">Equivalencias:<\/span> Normativa<\/strong><\/h5>\n<hr \/>\n<h6><a href=\"https:\/\/isfdyt25-bue.infd.edu.ar\/sitio\/equivalencias\/\">Volver<\/a>\u00a0 \u0399 <a href=\"https:\/\/isfdyt25-bue.infd.edu.ar\/sitio\/formularios-equivalencias\/\">Formularios<\/a> I<\/h6>\n<p>El tr\u00e1mite de solicitud de equivalencias se rige por las siguientes consideraciones normativas:<\/p>\n<p><strong>Resoluci\u00f3n 4043\/09<\/strong> (En R\u00e9gimen Acad\u00e9mico Marco)<br \/><strong>Capitulo III<\/strong><br \/><strong>Permanencia y Promoci\u00f3n<\/strong><br \/><strong>\u2026.<\/strong><br \/><strong>De las equivalencias<\/strong><\/p>\n<p style=\"padding-left: 40px;\">Se podr\u00e1n acreditar Unidades Curriculares mediante el r\u00e9gimen de equivalencia. Las equivalencias podr\u00e1n comprender la Unidad Curricular completa o una parte de la misma (equivalencia parcial). En este caso, de ser necesario, se implementar\u00e1 un trayecto de actualizaci\u00f3n de saberes.<br \/>Se trata de saberes acreditados en la misma instituci\u00f3n (en planes anteriores al vigente o de otras carreras) o en otras instituciones del mismo nivel. Para la solicitud de reconocimiento no podr\u00e1 exceder los seis \u00faltimos a\u00f1os desde la fecha de acreditaci\u00f3n final.<\/p>\n<p>(Modificaci\u00f3n introducida por RESFC-2017-1639-E-GDEBA-DGCYE- Anexo IF-2017-03837800-GDEBA-CGCYEDGCYE )<\/p>\n<p><strong>1. De las condiciones para solicitar Equivalencias<\/strong><\/p>\n<p style=\"padding-left: 40px;\">Para solicitar la acreditaci\u00f3n por equivalencia el estudiante deber\u00e1:<\/p>\n<p style=\"padding-left: 80px;\"><span style=\"color: #000080;\">&#x2666;<\/span> Solicitar mediante nota firmada al realizar la inscripci\u00f3n en la secretar\u00eda del instituto, seg\u00fan el calendario de actividades docentes, el reconocimiento de equivalencias, aprobadas en la misma instituci\u00f3n o en otra instituci\u00f3n educativa, de estudios superiores reconocidos oficialmente, que integran el plan de estudios o dise\u00f1o curricular de la carrera en la que solicita el ingreso.<br \/><span style=\"color: #000080;\">&#x2666;<\/span> La solicitud se realizar\u00e1 sobre la totalidad de las unidades curriculares o materias que integran el plan de estudio o dise\u00f1o curricular de la carrera o plan de estudios al que se solicita ingresar.<br \/><span style=\"color: #000080;\">&#x2666;<\/span> Se deber\u00e1 acompa\u00f1ar la solicitud con el certificado de estudios realizados y el\/los programa\/s, en el\/los que conste carga horaria, contenidos y bibliograf\u00eda, del\/las unidad\/es curricular\/es en el\/las que solicita equivalencia. La documentaci\u00f3n deber\u00e1 estar debidamente certificada.<\/p>\n<p><strong>( Resoluci\u00f3n 4043\/09)<\/strong><\/p>\n<p><strong>2. De las funciones de los equipos docente y directivo<\/strong><\/p>\n<p style=\"padding-left: 40px;\">El equipo docente de la materia sobre la que se solicita equivalencia deber\u00e1:<\/p>\n<p style=\"padding-left: 80px;\"><span style=\"color: #000080;\">&#x2666;<\/span> Analizar las expectativas de logro u objetivos, contenidos, carga horaria y bibliograf\u00eda, del Espacio Curricular a acreditar por equivalencia.<br \/><span style=\"color: #000080;\">&#x2666;<\/span> Emitir criterio, debidamente fundamentado, respecto del otorgamiento de la acreditaci\u00f3n total o parcial o bien del rechazo de la solicitud.<br \/><span style=\"color: #000080;\">&#x2666;<\/span> Si la acreditaci\u00f3n es parcial, consignar los contenidos necesarios que permitan elaborar e implementar un trayecto de actualizaci\u00f3n.<br \/><span style=\"color: #000080;\">&#x2666;<\/span> Remitir a la Secretar\u00eda del Instituto toda la documentaci\u00f3n de lo actuado.<\/p>\n<p style=\"padding-left: 40px;\">El director refrendar\u00e1 lo actuado o bien solicitar\u00e1 una revisi\u00f3n o adecuaci\u00f3n. La Secretar\u00eda notificar\u00e1 fehacientemente al solicitante el resultado de las actuaciones.<br \/>Si la equivalencia es total, se registrar\u00e1 en el Libro de Equivalencias del Establecimiento con el formato de disposici\u00f3n o acta y en el certificado de estudios: <span style=\"color: #000080;\">APROBADA POR EQUIVALENCIA<\/span> en \u201cObservaciones\u201d; en los espacios correspondientes a fecha y calificaci\u00f3n, se registrar\u00e1 la fecha y la nota de aprobaci\u00f3n en la instituci\u00f3n de origen.<br \/>Si la equivalencia es parcial, el equipo docente determinar\u00e1 fecha de trabajos indicados o plazos para el cumplimiento de otras acciones complementarias. Se acordar\u00e1 una entrevista consignando d\u00eda y hora. Todo esto no deber\u00e1 exceder la finalizaci\u00f3n del ciclo lectivo.<br \/>Deber\u00e1 labrarse el acta respectiva de todo lo actuado en esta equivalencia parcial, notific\u00e1ndose al alumno.<br \/>En el Libro de Equivalencias del establecimiento se registrar\u00e1 la aprobaci\u00f3n de la misma consignando <span style=\"color: #000080;\">APROBADO POR EQUIVALENCIA<\/span> y la calificaci\u00f3n num\u00e9rica seg\u00fan correspondiere a la decisi\u00f3n tomada por el equipo docente.<br \/>En caso de reprobar las acciones complementarias o de no presentarse, se har\u00e1 constar esta situaci\u00f3n en el Libro de Equivalencias. En este caso se fijar\u00e1 una segunda fecha en un plazo no mayor de 30 d\u00edas. Si nuevamente el alumno resultare desaprobado o estuviere ausente, la direcci\u00f3n del Instituto denegar\u00e1 la equivalencia mediante Disposici\u00f3n en el Libro de Equivalencias.<\/p>\n","protected":false},"excerpt":{"rendered":"<p>Equivalencias: Normativa Volver\u00a0 \u0399 Formularios I El tr\u00e1mite de solicitud de equivalencias se rige por las siguientes consideraciones normativas: Resoluci\u00f3n 4043\/09 (En R\u00e9gimen Acad\u00e9mico Marco)Capitulo IIIPermanencia y Promoci\u00f3n\u2026.De las equivalencias Se podr\u00e1n acreditar Unidades Curriculares mediante el r\u00e9gimen de equivalencia. Las equivalencias podr\u00e1n comprender la Unidad Curricular completa o una parte de la misma (equivalencia &#8230; <a title=\"Normativa\" class=\"read-more\" href=\"https:\/\/isfdyt25-bue.infd.edu.ar\/sitio\/normativa-equivalencias\/\" aria-label=\"More on Normativa\">[+]<\/a><\/p>\n","protected":false},"author":2055,"featured_media":0,"parent":0,"menu_order":0,"comment_status":"closed","ping_status":"closed","template":"","meta":[],"acf":[],"_links":{"self":[{"href":"https:\/\/isfdyt25-bue.infd.edu.ar\/sitio\/wp-json\/wp\/v2\/pages\/2402"}],"collection":[{"href":"https:\/\/isfdyt25-bue.infd.edu.ar\/sitio\/wp-json\/wp\/v2\/pages"}],"about":[{"href":"https:\/\/isfdyt25-bue.infd.edu.ar\/sitio\/wp-json\/wp\/v2\/types\/page"}],"author":[{"embeddable":true,"href":"https:\/\/isfdyt25-bue.infd.edu.ar\/sitio\/wp-json\/wp\/v2\/users\/2055"}],"replies":[{"embeddable":true,"href":"https:\/\/isfdyt25-bue.infd.edu.ar\/sitio\/wp-json\/wp\/v2\/comments?post=2402"}],"version-history":[{"count":24,"href":"https:\/\/isfdyt25-bue.infd.edu.ar\/sitio\/wp-json\/wp\/v2\/pages\/2402\/revisions"}],"predecessor-version":[{"id":3393,"href":"https:\/\/isfdyt25-bue.infd.edu.ar\/sitio\/wp-json\/wp\/v2\/pages\/2402\/revisions\/3393"}],"wp:attachment":[{"href":"https:\/\/isfdyt25-bue.infd.edu.ar\/sitio\/wp-json\/wp\/v2\/media?parent=2402"}],"curies":[{"name":"wp","href":"https:\/\/api.w.org\/{rel}","templated":true}]}}