{"id":2390,"date":"2022-04-12T22:09:37","date_gmt":"2022-04-13T01:09:37","guid":{"rendered":"https:\/\/isfdyt25-bue.infd.edu.ar\/sitio\/?page_id=2390"},"modified":"2026-03-31T19:30:42","modified_gmt":"2026-03-31T22:30:42","slug":"equivalencias","status":"publish","type":"page","link":"https:\/\/isfdyt25-bue.infd.edu.ar\/sitio\/equivalencias\/","title":{"rendered":"Equivalencias"},"content":{"rendered":"<h5><strong><span style=\"color: #808080;\">ESTUDIANTES:<\/span> Equivalencias<\/strong><\/h5>\n<hr \/>\n<h6><a href=\"https:\/\/isfdyt25-bue.infd.edu.ar\/sitio\/estudiantes\/\">Volver<\/a>\u00a0 \u0399 <a href=\"https:\/\/isfdyt25-bue.infd.edu.ar\/sitio\/normativa-equivalencias\/\">Normativa<\/a> I\u00a0<a href=\"https:\/\/isfdyt25-bue.infd.edu.ar\/sitio\/formularios-equivalencias\/\">Formularios<\/a> I <a href=\"https:\/\/isfdyt25-bue.infd.edu.ar\/sitio\/biblioteca\/\">Programas de Asignaturas<\/a><\/h6>\n<p>A partir de la Resoluci\u00f3n F-2024-38567372-GDEBA-SDIFDGCYE &#8211; RAM 4196\/24, <strong>la solicitud de equivalencias deber\u00e1 tramitarse <span style=\"color: #000080;\">en su totalidad al momento de comenzar una carrera<\/span><\/strong>.<\/p>\n<p>Para ello la\/el solicitante debe presentar ANTES del 30 de abril:<\/p>\n<p style=\"padding-left: 40px;\"><span style=\"color: #0000ff;\">\u25ca<\/span> Nota (Formulario A14: <span style=\"color: #3366ff;\"><a style=\"color: #3366ff;\" href=\"https:\/\/isfdyt25-bue.infd.edu.ar\/sitio\/formularios-equivalencias\/\"><strong>Solicitud de Equivalencia. Resumen<\/strong><\/a><\/span> disponible en este sitio web de la<br \/>biblioteca del instituto y en librer\u00eda Estudiando). Deben completar un solo formulario por todo el pedido de Equivalencia.<br \/><span style=\"color: #0000ff;\">\u25ca<\/span> Ficha por cada materia en la que solicita equivalencia. Formulario:\u00a0 <span style=\"color: #3366ff;\"><a style=\"color: #3366ff;\" href=\"https:\/\/isfdyt25-bue.infd.edu.ar\/sitio\/formularios-equivalencias\/\"><strong>Solicitud de Equivalencia. Por Asignatura <\/strong><\/a><\/span>(disponible en este sitio web y en librer\u00eda Estudiando). Deben completar un formulario por cada Asignatura en la que solicita equivalencia. Disponible en el sitio web del instituto, en el sitio web de la biblioteca del instituto y en librer\u00eda Estudiando)<br \/><span style=\"color: #0000ff;\">\u25ca<\/span> Rendimiento Acad\u00e9mico, Anal\u00edtico o Certificaci\u00f3n de Estudios realizados donde consta las materias aprobadas, fechas y calificaci\u00f3n (Instituci\u00f3n de origen).<br \/><span style=\"color: #0000ff;\">\u25ca<\/span> Programas de dichas materias con especificaci\u00f3n de carga horaria, contenidos y bibliograf\u00eda (Instituci\u00f3n de origen)<\/p>\n<p style=\"padding-left: 40px;\">\u25ca Toda la documentaci\u00f3n debe ser <strong>certificada<\/strong> por la instituci\u00f3n de origen.<\/p>\n<p style=\"padding-left: 40px;\">\u25ca Equivalencia de <strong>Unidad Curricular<\/strong> de misma instituci\u00f3n e igual denominaci\u00f3n: <strong>no necesita presentar programa<\/strong>.<\/p>\n<p>&nbsp;<\/p>\n<p>La documentaci\u00f3n foliada debe presentarse en un sobre o folio con una etiqueta que contenga los siguientes datos:<\/p>\n<p style=\"padding-left: 40px;\"><strong>Apellido y nombres completos<\/strong><br \/><strong>Carrera que cursa para la cual pide las equivalencias<\/strong><\/p>\n<p>La entrega de documentaci\u00f3n deber\u00e1 realizarse de acuerdo al siguiente cronograma:<\/p>\n<ul>\n<li>Lunes 30\/3\/2026 o 6\/4\/2026 de 13:30 a 15:30hs: en <strong>Sede 9 de Julio<\/strong> (9 de Julio 176)<\/li>\n<li>Martes 31\/3\/2026 o 7\/4\/2026 de 19:00 a 20:30hs: en <strong>Sede Bottazzi<\/strong>\u00a0(Bottazzi 376)<\/li>\n<li>Jueves 26\/3\/2026 o 9\/4\/2026 de 19:30 a 20:30hs: en <strong>Sede San Lorenzo<\/strong> (San Lorenzo 37)<\/li>\n<\/ul>\n<p><strong>No se considerar\u00e1n tr\u00e1mites incompletos o sin la documentaci\u00f3n requerida.<\/strong><\/p>\n","protected":false},"excerpt":{"rendered":"<p>ESTUDIANTES: Equivalencias Volver\u00a0 \u0399 Normativa I\u00a0Formularios I Programas de Asignaturas A partir de la Resoluci\u00f3n F-2024-38567372-GDEBA-SDIFDGCYE &#8211; RAM 4196\/24, la solicitud de equivalencias deber\u00e1 tramitarse en su totalidad al momento de comenzar una carrera. Para ello la\/el solicitante debe presentar ANTES del 30 de abril: \u25ca Nota (Formulario A14: Solicitud de Equivalencia. Resumen disponible en &#8230; <a title=\"Equivalencias\" class=\"read-more\" href=\"https:\/\/isfdyt25-bue.infd.edu.ar\/sitio\/equivalencias\/\" aria-label=\"More on Equivalencias\">[+]<\/a><\/p>\n","protected":false},"author":2055,"featured_media":0,"parent":0,"menu_order":0,"comment_status":"closed","ping_status":"closed","template":"","meta":[],"acf":[],"_links":{"self":[{"href":"https:\/\/isfdyt25-bue.infd.edu.ar\/sitio\/wp-json\/wp\/v2\/pages\/2390"}],"collection":[{"href":"https:\/\/isfdyt25-bue.infd.edu.ar\/sitio\/wp-json\/wp\/v2\/pages"}],"about":[{"href":"https:\/\/isfdyt25-bue.infd.edu.ar\/sitio\/wp-json\/wp\/v2\/types\/page"}],"author":[{"embeddable":true,"href":"https:\/\/isfdyt25-bue.infd.edu.ar\/sitio\/wp-json\/wp\/v2\/users\/2055"}],"replies":[{"embeddable":true,"href":"https:\/\/isfdyt25-bue.infd.edu.ar\/sitio\/wp-json\/wp\/v2\/comments?post=2390"}],"version-history":[{"count":64,"href":"https:\/\/isfdyt25-bue.infd.edu.ar\/sitio\/wp-json\/wp\/v2\/pages\/2390\/revisions"}],"predecessor-version":[{"id":6232,"href":"https:\/\/isfdyt25-bue.infd.edu.ar\/sitio\/wp-json\/wp\/v2\/pages\/2390\/revisions\/6232"}],"wp:attachment":[{"href":"https:\/\/isfdyt25-bue.infd.edu.ar\/sitio\/wp-json\/wp\/v2\/media?parent=2390"}],"curies":[{"name":"wp","href":"https:\/\/api.w.org\/{rel}","templated":true}]}}