{"id":2058,"date":"2022-03-25T10:15:17","date_gmt":"2022-03-25T13:15:17","guid":{"rendered":"https:\/\/isfdyt25-bue.infd.edu.ar\/sitio\/?page_id=2058"},"modified":"2026-04-08T09:42:19","modified_gmt":"2026-04-08T12:42:19","slug":"convocatorias","status":"publish","type":"page","link":"https:\/\/isfdyt25-bue.infd.edu.ar\/sitio\/convocatorias\/","title":{"rendered":"Convocatorias"},"content":{"rendered":"<h5><strong><span style=\"color: #808080;\">Consejo Acad\u00e9mico Institucional:<\/span> Convocatorias a Pruebas de Selecci\u00f3n para Cargos<\/strong><\/h5>\n<hr \/>\n<h6><a href=\"https:\/\/isfdyt25-bue.infd.edu.ar\/sitio\/consejo-academico-institucional\/\">Volver<\/a> \u0399 <a href=\"https:\/\/isfdyt25-bue.infd.edu.ar\/sitio\/autoridades-3\/\">Integrantes<\/a> \u0399<\/h6>\n<pre style=\"text-align: right;\">2025 \u2022 A\u00f1o del Centenario de la Refiner\u00eda YPF La Plata: Emblema de la Soberan\u00eda Energ\u00e9tica Argentina<br \/>La Plata, noviembre de 2025<\/pre>\n<p style=\"text-align: center;\"><strong>Comunicaci\u00f3n Conjunta N\u00b0 83\/25<\/strong><br \/>DPES-DPES-DFDI-DPET-DESFT-DEAr<\/p>\n<p>Por medio de la presente, la <strong>Direcci\u00f3n Provincial de Educaci\u00f3n Superior<\/strong>, la <strong>Direcci\u00f3n de <\/strong><strong>Formaci\u00f3n Docente Inicial<\/strong>, la<strong> Direcci\u00f3n Provincial de Educaci\u00f3n T\u00e9cnico Profesional<\/strong>, la <strong>Direcci\u00f3n de Educaci\u00f3n Superior de Formaci\u00f3n T\u00e9cnica<\/strong>, la <strong>Direcci\u00f3n de Educaci\u00f3n <\/strong><strong>Art\u00edstica<\/strong>, la <strong>Direcci\u00f3n de Tribunales de Clasificaci\u00f3n<\/strong> y la <strong>Direcci\u00f3n de Gesti\u00f3n de Asuntos Docentes<\/strong>, comunica la aprobaci\u00f3n y difusi\u00f3n de la Resoluci\u00f3n: <a href=\"https:\/\/isfdyt25-bue.infd.edu.ar\/sitio\/wp-content\/uploads\/2026\/04\/2025_Resolucion-6179_Pruebas-de-Seleccion-para-Cargos-de-Nivel-Superior.pdf\"><strong>RESOC-2025-6179-GDEBA-DGCYE<\/strong><\/a>, que contiene las <strong>\u201cPautas para la implementaci\u00f3n de las pruebas de selecci\u00f3n por evaluaci\u00f3n de t\u00edtulos, antecedentes y oposici\u00f3n para la cobertura de cargos del Nivel <\/strong><strong>Superior\u201d<\/strong>, entre otros.<\/p>\n<p>Se comunica que esta normativa ser\u00e1 de aplicaci\u00f3n efectiva para la totalidad de las pruebas de selecci\u00f3n que se convoquen a partir del <strong>1\u00b0 de enero de 2026<\/strong>. Sin perjuicio de lo dispuesto, se establece que los listados que fueran oportunamente conformados en el marco de la Resoluci\u00f3n N\u00b0 5886\/03, mantendr\u00e1n su vigencia hasta la culminaci\u00f3n de los plazos que la citada norma determinaba.<\/p>\n<p>&nbsp;<\/p>\n<p>Para descargar:<\/p>\n<p><img decoding=\"async\" loading=\"lazy\" class=\"alignnone  wp-image-1221\" src=\"https:\/\/isfdyt25-bue.infd.edu.ar\/sitio\/wp-content\/uploads\/2021\/05\/ISFDyT-Sitio-Descargar-PDF.jpg\" alt=\"\" width=\"36\" height=\"36\" \/> <a href=\"https:\/\/isfdyt25-bue.infd.edu.ar\/sitio\/wp-content\/uploads\/2026\/04\/2025_Resolucion-6179_Pruebas-de-Seleccion-para-Cargos-de-Nivel-Superior.pdf\"><strong>Resoluci\u00f3n N\u00b0 6179\/2025<\/strong><\/a><\/p>\n<p>&nbsp;<\/p>\n","protected":false},"excerpt":{"rendered":"<p>Consejo Acad\u00e9mico Institucional: Convocatorias a Pruebas de Selecci\u00f3n para Cargos Volver \u0399 Integrantes \u0399 2025 \u2022 A\u00f1o del Centenario de la Refiner\u00eda YPF La Plata: Emblema de la Soberan\u00eda Energ\u00e9tica ArgentinaLa Plata, noviembre de 2025 Comunicaci\u00f3n Conjunta N\u00b0 83\/25DPES-DPES-DFDI-DPET-DESFT-DEAr Por medio de la presente, la Direcci\u00f3n Provincial de Educaci\u00f3n Superior, la Direcci\u00f3n de Formaci\u00f3n Docente &#8230; <a title=\"Convocatorias\" class=\"read-more\" href=\"https:\/\/isfdyt25-bue.infd.edu.ar\/sitio\/convocatorias\/\" aria-label=\"More on Convocatorias\">[+]<\/a><\/p>\n","protected":false},"author":2055,"featured_media":0,"parent":0,"menu_order":0,"comment_status":"closed","ping_status":"closed","template":"","meta":[],"acf":[],"_links":{"self":[{"href":"https:\/\/isfdyt25-bue.infd.edu.ar\/sitio\/wp-json\/wp\/v2\/pages\/2058"}],"collection":[{"href":"https:\/\/isfdyt25-bue.infd.edu.ar\/sitio\/wp-json\/wp\/v2\/pages"}],"about":[{"href":"https:\/\/isfdyt25-bue.infd.edu.ar\/sitio\/wp-json\/wp\/v2\/types\/page"}],"author":[{"embeddable":true,"href":"https:\/\/isfdyt25-bue.infd.edu.ar\/sitio\/wp-json\/wp\/v2\/users\/2055"}],"replies":[{"embeddable":true,"href":"https:\/\/isfdyt25-bue.infd.edu.ar\/sitio\/wp-json\/wp\/v2\/comments?post=2058"}],"version-history":[{"count":30,"href":"https:\/\/isfdyt25-bue.infd.edu.ar\/sitio\/wp-json\/wp\/v2\/pages\/2058\/revisions"}],"predecessor-version":[{"id":6251,"href":"https:\/\/isfdyt25-bue.infd.edu.ar\/sitio\/wp-json\/wp\/v2\/pages\/2058\/revisions\/6251"}],"wp:attachment":[{"href":"https:\/\/isfdyt25-bue.infd.edu.ar\/sitio\/wp-json\/wp\/v2\/media?parent=2058"}],"curies":[{"name":"wp","href":"https:\/\/api.w.org\/{rel}","templated":true}]}}