{"id":2006,"date":"2022-03-15T08:01:26","date_gmt":"2022-03-15T11:01:26","guid":{"rendered":"https:\/\/isfdyt25-bue.infd.edu.ar\/sitio\/?page_id=2006"},"modified":"2022-11-14T18:15:08","modified_gmt":"2022-11-14T21:15:08","slug":"centro-de-estudiantes","status":"publish","type":"page","link":"https:\/\/isfdyt25-bue.infd.edu.ar\/sitio\/centro-de-estudiantes\/","title":{"rendered":"Centro de Estudiantes"},"content":{"rendered":"<h5><strong><span style=\"color: #808080;\">ESTUDIANTES:<\/span> Centro de Estudiantes<\/strong><\/h5>\n<hr \/>\n<h6><a href=\"https:\/\/isfdyt25-bue.infd.edu.ar\/sitio\/estudiantes\/\">Volver<\/a>\u00a0 \u0399 <a href=\"https:\/\/isfdyt25-bue.infd.edu.ar\/sitio\/autoridades-2\/\">Integrantes<\/a> I\u00a0<a href=\"https:\/\/isfdyt25-bue.infd.edu.ar\/sitio\/normativas\/\">Normativa<\/a> I <a href=\"https:\/\/isfdyt25-bue.infd.edu.ar\/sitio\/actividades\/\">Actividades<\/a>\u00a0\u0399<\/h6>\n\n<p><\/p>\n<div id=\"metaslider-id-4220\" style=\"max-width: 600px;\" class=\"ml-slider-3-33-0 metaslider metaslider-flex metaslider-4220 ml-slider ms-theme-default nav-hidden\" role=\"region\" aria-roledescription=\"Slideshow\" aria-label=\"Slideshow\">\n    <div id=\"metaslider_container_4220\">\n        <div id=\"metaslider_4220\" class=\"flexslider\">\n            <ul aria-live=\"polite\" class=\"slides\">\n                <li style=\"display: block; width: 100%;\" class=\"slide-4223 ms-image\" aria-roledescription=\"slide\" aria-label=\"slide-4223\"><img src=\"https:\/\/isfdyt25-bue.infd.edu.ar\/sitio\/wp-content\/uploads\/2022\/10\/Elecciones-CE-3-600x170.jpg\" height=\"170\" width=\"600\" alt=\"\" class=\"slider-4220 slide-4223\" title=\"Elecciones CE 3\" \/><\/li>\n                <li style=\"display: none; width: 100%;\" class=\"slide-4226 ms-image\" aria-roledescription=\"slide\" aria-label=\"slide-4226\"><img src=\"https:\/\/isfdyt25-bue.infd.edu.ar\/sitio\/wp-content\/uploads\/2022\/10\/Comision-C-Estud-0-600x170.jpg\" height=\"170\" width=\"600\" alt=\"\" class=\"slider-4220 slide-4226\" title=\"Comisi\u00f3n C Estud 0\" \/><\/li>\n                <li style=\"display: none; width: 100%;\" class=\"slide-4224 ms-image\" aria-roledescription=\"slide\" aria-label=\"slide-4224\"><img src=\"https:\/\/isfdyt25-bue.infd.edu.ar\/sitio\/wp-content\/uploads\/2022\/10\/Elecciones-CE-4-600x170.jpg\" height=\"170\" width=\"600\" alt=\"\" class=\"slider-4220 slide-4224\" title=\"Elecciones CE 4\" \/><\/li>\n            <\/ul>\n        <\/div>\n        \n    <\/div>\n<\/div>\n<p>&nbsp;<\/p>\n<p>En un contexto democr\u00e1tico, la constituci\u00f3n de la\/el ciudadana\/o incluye la <strong>toma de decisiones de dimensi\u00f3n social<\/strong>. Por ello, es imprescindible que la Comunidad Educativa del Instituto Superior de Formaci\u00f3n Docente y T\u00e9cnica considere las demandas y cuestionamientos de sus miembros, brinde atenci\u00f3n y espacio para sus iniciativas, y sobre todo, garantice experiencias positivas con respecto al derecho de opinar y proponer.<\/p>\n<p>\n\n<\/p>\n<p>El <strong>Centro de Estudiantes<\/strong> es un espacio institucional que promueve el di\u00e1logo y el pensamiento cr\u00edtico, en busca de la\u00a0 resignificaci\u00f3n de lo p\u00fablico.<\/p>\n<p><strong><span style=\"color: #800000;\">Atenci\u00f3n!! <span style=\"color: #000000;\">En septiembre de 2022, se realizaron las Elecciones del Centro de Estudiantes!!<\/span><\/span><\/strong><\/p>\n<p>&nbsp;<\/p>\n<div id=\"metaslider-id-4158\" style=\"max-width: 600px;\" class=\"ml-slider-3-33-0 metaslider metaslider-flex metaslider-4158 ml-slider ms-theme-default nav-hidden nav-hidden\" role=\"region\" aria-roledescription=\"Slideshow\" aria-label=\"Slideshow\">\n    <div id=\"metaslider_container_4158\">\n        <div id=\"metaslider_4158\" class=\"flexslider\">\n            <ul aria-live=\"polite\" class=\"slides\">\n                <li style=\"display: block; width: 100%;\" class=\"slide-4166 ms-image\" aria-roledescription=\"slide\" aria-label=\"slide-4166\"><img src=\"https:\/\/isfdyt25-bue.infd.edu.ar\/sitio\/wp-content\/uploads\/2022\/08\/WhatsApp-Image-2022-08-26-at-5.54.45-PM-600x600.jpeg\" height=\"600\" width=\"600\" alt=\"\" class=\"slider-4158 slide-4166\" title=\"WhatsApp Image 2022-08-26 at 5.54.45 PM\" \/><\/li>\n                <li style=\"display: none; width: 100%;\" class=\"slide-4170 ms-image\" aria-roledescription=\"slide\" aria-label=\"slide-4170\"><img src=\"https:\/\/isfdyt25-bue.infd.edu.ar\/sitio\/wp-content\/uploads\/2022\/08\/WhatsApp-Image-2022-08-26-at-5.54.43-PM-1-600x600.jpeg\" height=\"600\" width=\"600\" alt=\"\" class=\"slider-4158 slide-4170\" title=\"WhatsApp Image 2022-08-26 at 5.54.43 PM (1)\" \/><\/li>\n                <li style=\"display: none; width: 100%;\" class=\"slide-4169 ms-image\" aria-roledescription=\"slide\" aria-label=\"slide-4169\"><img src=\"https:\/\/isfdyt25-bue.infd.edu.ar\/sitio\/wp-content\/uploads\/2022\/08\/WhatsApp-Image-2022-08-26-at-5.54.44-PM-600x600.jpeg\" height=\"600\" width=\"600\" alt=\"\" class=\"slider-4158 slide-4169\" title=\"WhatsApp Image 2022-08-26 at 5.54.44 PM\" \/><\/li>\n                <li style=\"display: none; width: 100%;\" class=\"slide-4167 ms-image\" aria-roledescription=\"slide\" aria-label=\"slide-4167\"><img src=\"https:\/\/isfdyt25-bue.infd.edu.ar\/sitio\/wp-content\/uploads\/2022\/08\/WhatsApp-Image-2022-08-26-at-5.54.44-PM-2-600x600.jpeg\" height=\"600\" width=\"600\" alt=\"\" class=\"slider-4158 slide-4167\" title=\"WhatsApp Image 2022-08-26 at 5.54.44 PM (2)\" \/><\/li>\n            <\/ul>\n        <\/div>\n        \n    <\/div>\n<\/div>\n<p><\/p>\n\n","protected":false},"excerpt":{"rendered":"<p>ESTUDIANTES: Centro de Estudiantes Volver\u00a0 \u0399 Integrantes I\u00a0Normativa I Actividades\u00a0\u0399 &nbsp; En un contexto democr\u00e1tico, la constituci\u00f3n de la\/el ciudadana\/o incluye la toma de decisiones de dimensi\u00f3n social. Por ello, es imprescindible que la Comunidad Educativa del Instituto Superior de Formaci\u00f3n Docente y T\u00e9cnica considere las demandas y cuestionamientos de sus miembros, brinde atenci\u00f3n y &#8230; <a title=\"Centro de Estudiantes\" class=\"read-more\" href=\"https:\/\/isfdyt25-bue.infd.edu.ar\/sitio\/centro-de-estudiantes\/\" aria-label=\"More on Centro de Estudiantes\">[+]<\/a><\/p>\n","protected":false},"author":2055,"featured_media":0,"parent":0,"menu_order":0,"comment_status":"closed","ping_status":"closed","template":"","meta":[],"acf":[],"_links":{"self":[{"href":"https:\/\/isfdyt25-bue.infd.edu.ar\/sitio\/wp-json\/wp\/v2\/pages\/2006"}],"collection":[{"href":"https:\/\/isfdyt25-bue.infd.edu.ar\/sitio\/wp-json\/wp\/v2\/pages"}],"about":[{"href":"https:\/\/isfdyt25-bue.infd.edu.ar\/sitio\/wp-json\/wp\/v2\/types\/page"}],"author":[{"embeddable":true,"href":"https:\/\/isfdyt25-bue.infd.edu.ar\/sitio\/wp-json\/wp\/v2\/users\/2055"}],"replies":[{"embeddable":true,"href":"https:\/\/isfdyt25-bue.infd.edu.ar\/sitio\/wp-json\/wp\/v2\/comments?post=2006"}],"version-history":[{"count":42,"href":"https:\/\/isfdyt25-bue.infd.edu.ar\/sitio\/wp-json\/wp\/v2\/pages\/2006\/revisions"}],"predecessor-version":[{"id":4250,"href":"https:\/\/isfdyt25-bue.infd.edu.ar\/sitio\/wp-json\/wp\/v2\/pages\/2006\/revisions\/4250"}],"wp:attachment":[{"href":"https:\/\/isfdyt25-bue.infd.edu.ar\/sitio\/wp-json\/wp\/v2\/media?parent=2006"}],"curies":[{"name":"wp","href":"https:\/\/api.w.org\/{rel}","templated":true}]}}