{"id":1940,"date":"2022-03-13T02:58:27","date_gmt":"2022-03-13T05:58:27","guid":{"rendered":"https:\/\/isfdyt25-bue.infd.edu.ar\/sitio\/?page_id=1940"},"modified":"2022-06-22T15:52:46","modified_gmt":"2022-06-22T18:52:46","slug":"%f0%9f%93%9abecas-progresar","status":"publish","type":"page","link":"https:\/\/isfdyt25-bue.infd.edu.ar\/sitio\/%f0%9f%93%9abecas-progresar\/","title":{"rendered":"Becas Progresar"},"content":{"rendered":"<h5><strong><span style=\"color: #808080;\">CIPEs:<\/span>\u00a0 Becas Progresar<\/strong><\/h5>\n<hr \/>\n<h6><a href=\"https:\/\/isfdyt25-bue.infd.edu.ar\/sitio\/cipe\/\">Volver<\/a>\u00a0 \u0399\u00a0<a href=\"https:\/\/isfdyt25-bue.infd.edu.ar\/sitio\/coordinacion\/\">Coordinaci\u00f3n<\/a> I <a href=\"https:\/\/isfdyt25-bue.infd.edu.ar\/sitio\/actividades-destacadas\/\">Actividades<\/a>\u00a0\u0399<\/h6>\n\n<p><\/p>\n<p>Por Consultas o Reclamos, escribir mail a:<\/p>\n<p><a href=\"mailto:becassuperior_pba@abc.gob.ar\"><strong>becassuperior_pba@abc.gob.ar<\/strong><\/a><\/p>\n<p>&nbsp;<\/p>\n<p style=\"text-align: center;\"><div id=\"metaslider-id-1945\" style=\"max-width: 600px;\" class=\"ml-slider-3-33-0 metaslider metaslider-flex metaslider-1945 ml-slider ms-theme-default nav-hidden\" role=\"region\" aria-roledescription=\"Slideshow\" aria-label=\"Slideshow\">\n    <div id=\"metaslider_container_1945\">\n        <div id=\"metaslider_1945\" class=\"flexslider\">\n            <ul aria-live=\"polite\" class=\"slides\">\n                <li style=\"display: block; width: 100%;\" class=\"slide-1950 ms-image\" aria-roledescription=\"slide\" aria-label=\"slide-1950\"><img src=\"https:\/\/isfdyt25-bue.infd.edu.ar\/sitio\/wp-content\/uploads\/2022\/03\/Progresar-2022-0-600x600.jpg\" height=\"600\" width=\"600\" alt=\"\" class=\"slider-1945 slide-1950\" title=\"Progresar 2022 0\" \/><\/li>\n                <li style=\"display: none; width: 100%;\" class=\"slide-2559 ms-image\" aria-roledescription=\"slide\" aria-label=\"slide-2559\"><img src=\"https:\/\/isfdyt25-bue.infd.edu.ar\/sitio\/wp-content\/uploads\/2022\/04\/Progresar-2022-6-600x600.jpg\" height=\"600\" width=\"600\" alt=\"\" class=\"slider-1945 slide-2559\" title=\"Progresar 2022 6\" \/><\/li>\n                <li style=\"display: none; width: 100%;\" class=\"slide-1952 ms-image\" aria-roledescription=\"slide\" aria-label=\"slide-1952\"><img src=\"https:\/\/isfdyt25-bue.infd.edu.ar\/sitio\/wp-content\/uploads\/2022\/03\/Progresar-2022-2-600x600.jpg\" height=\"600\" width=\"600\" alt=\"\" class=\"slider-1945 slide-1952\" title=\"Progresar 2022 2\" \/><\/li>\n                <li style=\"display: none; width: 100%;\" class=\"slide-1953 ms-image\" aria-roledescription=\"slide\" aria-label=\"slide-1953\"><img src=\"https:\/\/isfdyt25-bue.infd.edu.ar\/sitio\/wp-content\/uploads\/2022\/03\/Progresar-2022-3-600x600.jpg\" height=\"600\" width=\"600\" alt=\"\" class=\"slider-1945 slide-1953\" title=\"Progresar 2022 3\" \/><\/li>\n                <li style=\"display: none; width: 100%;\" class=\"slide-2560 ms-image\" aria-roledescription=\"slide\" aria-label=\"slide-2560\"><img src=\"https:\/\/isfdyt25-bue.infd.edu.ar\/sitio\/wp-content\/uploads\/2022\/04\/Progresar-2022-5-600x600.jpg\" height=\"600\" width=\"600\" alt=\"\" class=\"slider-1945 slide-2560\" title=\"Progresar 2022 5\" \/><\/li>\n                <li style=\"display: none; width: 100%;\" class=\"slide-2561 ms-image\" aria-roledescription=\"slide\" aria-label=\"slide-2561\"><img src=\"https:\/\/isfdyt25-bue.infd.edu.ar\/sitio\/wp-content\/uploads\/2022\/04\/Progresar-2022-4-600x600.jpg\" height=\"600\" width=\"600\" alt=\"\" class=\"slider-1945 slide-2561\" title=\"Progresar 2022 4\" \/><\/li>\n            <\/ul>\n        <\/div>\n        \n    <\/div>\n<\/div><\/p>\n<p>En el presente Ciclo Lectivo, el plazo para inscribirte fue desde el <strong>1 de marzo<\/strong> hasta el <strong>30 de abril<\/strong>. All\u00ed tuvieron la posibilidad de inscribirse en todas las l\u00edneas de las becas Progresar para terminar tus estudios.<\/p>\n<p>\n\n<\/p>\n<p>Para conocer m\u00e1s sobre este Programa Social, ingres\u00e1 en <a href=\"http:\/\/www.argentina.gob.ar\/educacion\/progresar?fbclid=IwAR2lCDzLDgHalo7Jr0vv80pIq4bLzfyRqMWLPUdpO6sbgR0vETDZjMUM3Vk\" target=\"_blank\" rel=\"noreferrer noopener\">www.argentina.gob.ar\/educacion\/progresar<\/a> o hacelo desde la App Progresar.<\/p>\n<p>\n\n<\/p>\n<p>Con Progresar acompa\u00f1amos a las y los j\u00f3venes de todo el pa\u00eds que quieran formarse profesionalmente, finalizar su educaci\u00f3n obligatoria o est\u00e9n estudiando una carrera del nivel superior.<\/p>\n<p>\n\n<\/p>\n<p><a href=\"https:\/\/www.facebook.com\/hashtag\/progresar?__eep__=6&amp;__cft__%5b0%5d=AZVEJvbLTj9XCoE4V1-d6lzxAO84jdKaoDTj03gEnlyHa99CNvdydbZEtn7-x8tiqFjxYAVLNCBEUTmz8GXTdg74at7sEcLNm1LoCOYlDWv-v-QM7L-lGvy9tipy5RcL6uo&amp;__tn__=*NK-R\">#Progresar<\/a> <a href=\"https:\/\/www.facebook.com\/hashtag\/anses?__eep__=6&amp;__cft__%5b0%5d=AZVEJvbLTj9XCoE4V1-d6lzxAO84jdKaoDTj03gEnlyHa99CNvdydbZEtn7-x8tiqFjxYAVLNCBEUTmz8GXTdg74at7sEcLNm1LoCOYlDWv-v-QM7L-lGvy9tipy5RcL6uo&amp;__tn__=*NK-R\">#ANSES<\/a><\/p>\n<p><\/p>\n\n","protected":false},"excerpt":{"rendered":"<p>CIPEs:\u00a0 Becas Progresar Volver\u00a0 \u0399\u00a0Coordinaci\u00f3n I Actividades\u00a0\u0399 Por Consultas o Reclamos, escribir mail a: becassuperior_pba@abc.gob.ar &nbsp; En el presente Ciclo Lectivo, el plazo para inscribirte fue desde el 1 de marzo hasta el 30 de abril. All\u00ed tuvieron la posibilidad de inscribirse en todas las l\u00edneas de las becas Progresar para terminar tus estudios. Para &#8230; <a title=\"Becas Progresar\" class=\"read-more\" href=\"https:\/\/isfdyt25-bue.infd.edu.ar\/sitio\/%f0%9f%93%9abecas-progresar\/\" aria-label=\"More on Becas Progresar\">[+]<\/a><\/p>\n","protected":false},"author":2055,"featured_media":0,"parent":0,"menu_order":0,"comment_status":"closed","ping_status":"closed","template":"","meta":[],"acf":[],"_links":{"self":[{"href":"https:\/\/isfdyt25-bue.infd.edu.ar\/sitio\/wp-json\/wp\/v2\/pages\/1940"}],"collection":[{"href":"https:\/\/isfdyt25-bue.infd.edu.ar\/sitio\/wp-json\/wp\/v2\/pages"}],"about":[{"href":"https:\/\/isfdyt25-bue.infd.edu.ar\/sitio\/wp-json\/wp\/v2\/types\/page"}],"author":[{"embeddable":true,"href":"https:\/\/isfdyt25-bue.infd.edu.ar\/sitio\/wp-json\/wp\/v2\/users\/2055"}],"replies":[{"embeddable":true,"href":"https:\/\/isfdyt25-bue.infd.edu.ar\/sitio\/wp-json\/wp\/v2\/comments?post=1940"}],"version-history":[{"count":31,"href":"https:\/\/isfdyt25-bue.infd.edu.ar\/sitio\/wp-json\/wp\/v2\/pages\/1940\/revisions"}],"predecessor-version":[{"id":3838,"href":"https:\/\/isfdyt25-bue.infd.edu.ar\/sitio\/wp-json\/wp\/v2\/pages\/1940\/revisions\/3838"}],"wp:attachment":[{"href":"https:\/\/isfdyt25-bue.infd.edu.ar\/sitio\/wp-json\/wp\/v2\/media?parent=1940"}],"curies":[{"name":"wp","href":"https:\/\/api.w.org\/{rel}","templated":true}]}}