{"id":1934,"date":"2022-03-12T20:51:53","date_gmt":"2022-03-12T23:51:53","guid":{"rendered":"https:\/\/isfdyt25-bue.infd.edu.ar\/sitio\/?page_id=1934"},"modified":"2022-04-21T17:48:44","modified_gmt":"2022-04-21T20:48:44","slug":"regimen-de-cursado","status":"publish","type":"page","link":"https:\/\/isfdyt25-bue.infd.edu.ar\/sitio\/regimen-de-cursado\/","title":{"rendered":"R\u00e9gimen de Cursados"},"content":{"rendered":"<h5><strong><span style=\"color: #808080;\">Horario de Cursados:<\/span> R\u00e9gimen de Cursados<\/strong><\/h5>\n<hr \/>\n<h6><a href=\"https:\/\/isfdyt25-bue.infd.edu.ar\/sitio\/horarios-de-cursados\/\">Volver<\/a>\u00a0 \u0399<\/h6>\n<p>El R\u00e9gimen de Cursado tiene variantes y requisitos que toda\/o Estudiante debe conocer. A continuaci\u00f3n les brindamos algunas definiciones para que vayan familiariz\u00e1ndose con la terminolog\u00eda se utiliza en el Nivel Superior.<\/p>\n<p><span style=\"color: #000080;\"><strong>COHORTE:<\/strong><\/span>\u00a0son Estudiantes de la cohorte todos aquellos que cursen la c\u00e1tedra considerada (materia, taller o seminario), en el a\u00f1o correspondiente con el plazo previsto en el plan de estudios, seg\u00fan su a\u00f1o de ingreso. Es decir, aquellos que cursan por primera vez la materia y van al d\u00eda con el plan de estudio.<\/p>\n<p><span style=\"color: #000080;\"><strong>RECURSANTE<\/strong>:<\/span> se denominar\u00e1n como recursantes a las\/os Estudiantes que no aprobaron la cursada de la c\u00e1tedra seg\u00fan su cohorte, ya sea por inasistencias, por desaprobaci\u00f3n o vencimiento. Es decir, aquellas\/os que ya cursaron la c\u00e1tedra en alg\u00fan momento y no lograron aprobar o se les venci\u00f3 el cursado.<\/p>\n<p><span style=\"color: #000080;\"><strong>ATRASO ACAD\u00c9MICO:<\/strong><\/span>\u00a0se considerar\u00e1n como Estudiantes con Atraso Acad\u00e9mico a aquellas\/os que no hayan cursado la c\u00e1tedra para la que se inscriben en el a\u00f1o correspondiente a su cohorte. Es decir, aquellas\/os estudiantes que deben cursar por primera vez una c\u00e1tedra pero que no van con el plan de estudios al d\u00eda.<\/p>\n<p><strong><span style=\"color: #000080;\">LIBRE:<\/span>\u00a0<\/strong>la modalidad libre es una situaci\u00f3n de cursada sobre una c\u00e1tedra que exime a la\/el Estudiante del realizar el trayecto de la misma y de estar sujeto al r\u00e9gimen de asistencia. Pero cuenta con ciertas limitaciones: una de ellas es que solo podr\u00e1 inscribirse como tal dentro del porcentaje definido del 30%, quedando exceptuados de este r\u00e9gimen los Talleres, Seminarios, Ateneos y los Campos de la Pr\u00e1ctica Docente y la Pr\u00e1ctica Profesional. Otra limitaci\u00f3n es que, qui\u00e9n se inscriba con la modalidad libre, tiene \u00fanicamente los turnos de diciembre y marzo del siguiente a\u00f1o para acreditar el examen final. En dicho examen se deber\u00e1 rendir todo el programa de contenidos de la c\u00e1tedra y constar\u00e1 de dos instancias, una escrita y una oral, que en caso de no ser aprobadas ambas, el alumno deber\u00e1 recursar la c\u00e1tedra.<\/p>\n<p><span style=\"color: #000080;\"><strong>CORRELATIVIDADES:<\/strong><\/span>\u00a0Para todos los casos el r\u00e9gimen de correlatividades se establece: cursada por cursada, final por final, incluyendo el Campo de la Pr\u00e1ctica Docente o las Pr\u00e1cticas Profesionalizantes. Motivo por el cual para la inscripci\u00f3n a materias de 3er. a\u00f1o se puede realizar con todas las unidades curriculares de 1er a\u00f1o cursadas y aprobadas aun cuando se adeude finales. Id\u00e9ntica situaci\u00f3n se establece para la inscripci\u00f3n a las materias de 4to. a\u00f1o con relaci\u00f3n a 2do. a\u00f1o.<\/p>\n","protected":false},"excerpt":{"rendered":"<p>Horario de Cursados: R\u00e9gimen de Cursados Volver\u00a0 \u0399 El R\u00e9gimen de Cursado tiene variantes y requisitos que toda\/o Estudiante debe conocer. A continuaci\u00f3n les brindamos algunas definiciones para que vayan familiariz\u00e1ndose con la terminolog\u00eda se utiliza en el Nivel Superior. COHORTE:\u00a0son Estudiantes de la cohorte todos aquellos que cursen la c\u00e1tedra considerada (materia, taller o &#8230; <a title=\"R\u00e9gimen de Cursados\" class=\"read-more\" href=\"https:\/\/isfdyt25-bue.infd.edu.ar\/sitio\/regimen-de-cursado\/\" aria-label=\"More on R\u00e9gimen de Cursados\">[+]<\/a><\/p>\n","protected":false},"author":2055,"featured_media":0,"parent":0,"menu_order":0,"comment_status":"closed","ping_status":"closed","template":"","meta":[],"acf":[],"_links":{"self":[{"href":"https:\/\/isfdyt25-bue.infd.edu.ar\/sitio\/wp-json\/wp\/v2\/pages\/1934"}],"collection":[{"href":"https:\/\/isfdyt25-bue.infd.edu.ar\/sitio\/wp-json\/wp\/v2\/pages"}],"about":[{"href":"https:\/\/isfdyt25-bue.infd.edu.ar\/sitio\/wp-json\/wp\/v2\/types\/page"}],"author":[{"embeddable":true,"href":"https:\/\/isfdyt25-bue.infd.edu.ar\/sitio\/wp-json\/wp\/v2\/users\/2055"}],"replies":[{"embeddable":true,"href":"https:\/\/isfdyt25-bue.infd.edu.ar\/sitio\/wp-json\/wp\/v2\/comments?post=1934"}],"version-history":[{"count":13,"href":"https:\/\/isfdyt25-bue.infd.edu.ar\/sitio\/wp-json\/wp\/v2\/pages\/1934\/revisions"}],"predecessor-version":[{"id":3387,"href":"https:\/\/isfdyt25-bue.infd.edu.ar\/sitio\/wp-json\/wp\/v2\/pages\/1934\/revisions\/3387"}],"wp:attachment":[{"href":"https:\/\/isfdyt25-bue.infd.edu.ar\/sitio\/wp-json\/wp\/v2\/media?parent=1934"}],"curies":[{"name":"wp","href":"https:\/\/api.w.org\/{rel}","templated":true}]}}