{"id":1852,"date":"2022-03-12T10:31:08","date_gmt":"2022-03-12T13:31:08","guid":{"rendered":"https:\/\/isfdyt25-bue.infd.edu.ar\/sitio\/?page_id=1852"},"modified":"2026-03-17T08:06:58","modified_gmt":"2026-03-17T11:06:58","slug":"ciclo-lectivo-2026","status":"publish","type":"page","link":"https:\/\/isfdyt25-bue.infd.edu.ar\/sitio\/ciclo-lectivo-2026\/","title":{"rendered":"Ciclo Lectivo 2026"},"content":{"rendered":"<h5><strong><span style=\"color: #808080;\">ESTUDIANTES:<\/span> Ciclo Lectivo 2026<\/strong><\/h5>\n<hr \/>\n<h6><a href=\"https:\/\/isfdyt25-bue.infd.edu.ar\/sitio\/estudiantes\/\">Volver <\/a>I <a href=\"https:\/\/isfdyt25-bue.infd.edu.ar\/sitio\/inscripcion-a-cursados\/\">Inscripci\u00f3n a Cursados<\/a> \u0399 <a href=\"https:\/\/isfdyt25-bue.infd.edu.ar\/sitio\/horarios-de-cursados\/\">Horarios de Cursados<\/a> I <a href=\"https:\/\/sites.google.com\/view\/isfdyt25-biblioteca\/p%C3%A1gina-principal\/planes-de-estudio?authuser=0\">Planes de Estudios<\/a> I <a href=\"https:\/\/sites.google.com\/view\/isfdyt25-biblioteca\/p%C3%A1gina-principal\/programas-de-asignaturas?authuser=0\">Programas de Asignaturas<\/a> I <a href=\"https:\/\/drive.google.com\/drive\/folders\/1dBLE_zFoLPa-aCyIeS9MzFrFj-lrwG2D?usp=sharing\">Anexos 2025<\/a><\/h6>\n<p><strong>INFORMACI\u00d3N IMPORTANTE PARA TODAS\/OS LAS\/OS ESTUDIANTES:<\/strong><\/p>\n<p>En distintos momentos del a\u00f1o escolar, van a tener que tomar decisiones sobre los Cursados de las distintas asignaturas. Por ello, est\u00e1n a su disposici\u00f3n los <span style=\"color: #000080;\"><strong>Planes de Estudios y las Correlatividades<\/strong><\/span>, <span style=\"color: #000080;\"><strong>Horarios de Cursados<\/strong><\/span> y los <span style=\"color: #000080;\"><strong>Programas de Asignaturas<\/strong><\/span> para que puedan hacer consultas, sugerencias o planteos a sus Preceptoras\/es o al Equipo de Conducci\u00f3n.<\/p>\n<p><span style=\"color: #000080;\"><strong>Inicio Ciclo Lectivo 2026<\/strong><\/span><\/p>\n<p><strong>INGRESANTES 2026<\/strong><\/p>\n<p>Lunes 16 de marzo inicio de cursado para todas las carreras:\u00a0<\/p>\n<ul>\n<li>En <a href=\"https:\/\/isfdyt25-bue.infd.edu.ar\/sitio\/sede-9-de-julio\/\"><strong>sede 9 de Julio<\/strong><\/a>, de 13 a 17:15 hs. el <strong>Profesorado de Educaci\u00f3n Primaria <\/strong>Turno Diurno con horario de cursado completo.<\/li>\n<li>En <a href=\"https:\/\/isfdyt25-bue.infd.edu.ar\/sitio\/sede-bottazzi\/\"><strong>sede Botazzi<\/strong><\/a>, de 18:15 a 22:30 hs. el <strong>Profesorado de Educaci\u00f3n Primaria<\/strong> Turno Vespertino con horario de cursado completo.<\/li>\n<li>En <a href=\"https:\/\/isfdyt25-bue.infd.edu.ar\/sitio\/sede-bottazzi\/\"><strong>sede Botazzi<\/strong><\/a>, de 18:15 a 22:30 hs. el <strong>Profesorado de Educaci\u00f3n Especial<\/strong> con horario de cursado completo.<\/li>\n<li>En <a href=\"https:\/\/isfdyt25-bue.infd.edu.ar\/sitio\/sede-san-lorenzo-2\/\"><strong>sede San Lorenzo<\/strong><\/a>, de 18:15 a 22:30 hs. el <strong>Profesorado de Educaci\u00f3n Inicial<\/strong> con horario de cursado completo.<\/li>\n<li>En <a href=\"https:\/\/isfdyt25-bue.infd.edu.ar\/sitio\/sede-san-lorenzo-2\/\"><strong>sede San Lorenzo<\/strong><\/a>, de 18:15 a 22:30 hs. la <strong>Tecnicatura Superior en Trabajo Social<\/strong>\u00a0con horario de cursado completo.<\/li>\n<\/ul>\n<p>&nbsp;<\/p>\n<p><strong>2\u00ba A\u00d1O a 4\u00ba A\u00d1O 2026<\/strong><\/p>\n<p>Inicio de ciclo lectivo Lunes 16 de marzo:\u00a0<\/p>\n<ul>\n<li>En <a href=\"https:\/\/isfdyt25-bue.infd.edu.ar\/sitio\/sede-9-de-julio\/\"><strong>sede 9 de Julio<\/strong><\/a>, de 13 a 17:15 hs. el <strong>Profesorado de Educaci\u00f3n Primaria <\/strong>Turno Diurno con horario de cursado completo.<\/li>\n<li>En <a href=\"https:\/\/isfdyt25-bue.infd.edu.ar\/sitio\/sede-bottazzi\/\"><strong>sede Botazzi<\/strong><\/a>, de 18:15 a 22:30 hs. el <strong>Profesorado de Educaci\u00f3n Primaria<\/strong> Turno Vespertino con horario de cursado completo.<\/li>\n<li>En <a href=\"https:\/\/isfdyt25-bue.infd.edu.ar\/sitio\/sede-bottazzi\/\"><strong>sede Botazzi<\/strong><\/a>, de 18:15 a 22:30 hs. el <strong>Profesorado de Educaci\u00f3n Especial<\/strong> con horario de cursado completo.<\/li>\n<li>En <a href=\"https:\/\/isfdyt25-bue.infd.edu.ar\/sitio\/sede-san-lorenzo-2\/\"><strong>sede San Lorenzo<\/strong><\/a>, de 18:15 a 22:30 hs. el <strong>Profesorado de Educaci\u00f3n Inicial<\/strong> con horario de cursado completo.<\/li>\n<li>En <a href=\"https:\/\/isfdyt25-bue.infd.edu.ar\/sitio\/sede-san-lorenzo-2\/\"><strong>sede San Lorenzo<\/strong><\/a>, de 18:15 a 22:30 hs. la <strong>Tecnicatura Superior en Trabajo Social<\/strong>\u00a0con horario de cursado completo.<\/li>\n<\/ul>\n<p>Feliz inicio de cursados 2026!<\/p>\n<p>&nbsp;<\/p>\n","protected":false},"excerpt":{"rendered":"<p>ESTUDIANTES: Ciclo Lectivo 2026 Volver I Inscripci\u00f3n a Cursados \u0399 Horarios de Cursados I Planes de Estudios I Programas de Asignaturas I Anexos 2025 INFORMACI\u00d3N IMPORTANTE PARA TODAS\/OS LAS\/OS ESTUDIANTES: En distintos momentos del a\u00f1o escolar, van a tener que tomar decisiones sobre los Cursados de las distintas asignaturas. Por ello, est\u00e1n a su disposici\u00f3n &#8230; <a title=\"Ciclo Lectivo 2026\" class=\"read-more\" href=\"https:\/\/isfdyt25-bue.infd.edu.ar\/sitio\/ciclo-lectivo-2026\/\" aria-label=\"More on Ciclo Lectivo 2026\">[+]<\/a><\/p>\n","protected":false},"author":2055,"featured_media":0,"parent":0,"menu_order":0,"comment_status":"closed","ping_status":"closed","template":"","meta":[],"acf":[],"_links":{"self":[{"href":"https:\/\/isfdyt25-bue.infd.edu.ar\/sitio\/wp-json\/wp\/v2\/pages\/1852"}],"collection":[{"href":"https:\/\/isfdyt25-bue.infd.edu.ar\/sitio\/wp-json\/wp\/v2\/pages"}],"about":[{"href":"https:\/\/isfdyt25-bue.infd.edu.ar\/sitio\/wp-json\/wp\/v2\/types\/page"}],"author":[{"embeddable":true,"href":"https:\/\/isfdyt25-bue.infd.edu.ar\/sitio\/wp-json\/wp\/v2\/users\/2055"}],"replies":[{"embeddable":true,"href":"https:\/\/isfdyt25-bue.infd.edu.ar\/sitio\/wp-json\/wp\/v2\/comments?post=1852"}],"version-history":[{"count":88,"href":"https:\/\/isfdyt25-bue.infd.edu.ar\/sitio\/wp-json\/wp\/v2\/pages\/1852\/revisions"}],"predecessor-version":[{"id":6222,"href":"https:\/\/isfdyt25-bue.infd.edu.ar\/sitio\/wp-json\/wp\/v2\/pages\/1852\/revisions\/6222"}],"wp:attachment":[{"href":"https:\/\/isfdyt25-bue.infd.edu.ar\/sitio\/wp-json\/wp\/v2\/media?parent=1852"}],"curies":[{"name":"wp","href":"https:\/\/api.w.org\/{rel}","templated":true}]}}