{"id":1744,"date":"2021-11-21T15:14:05","date_gmt":"2021-11-21T18:14:05","guid":{"rendered":"https:\/\/isfdyt25-bue.infd.edu.ar\/sitio\/?page_id=1744"},"modified":"2026-03-06T21:47:15","modified_gmt":"2026-03-07T00:47:15","slug":"estudiantes","status":"publish","type":"page","link":"https:\/\/isfdyt25-bue.infd.edu.ar\/sitio\/estudiantes\/","title":{"rendered":"ESTUDIANTES"},"content":{"rendered":"<h5><strong>ESTUDIANTES<\/strong><\/h5>\n<hr \/>\n<h6><a href=\"https:\/\/isfdyt25-bue.infd.edu.ar\/sitio\/pre-inscripcion-2024\/\">Pre Inscripci\u00f3n 2025<\/a> I <a href=\"https:\/\/isfdyt25-bue.infd.edu.ar\/sitio\/ciclo-lectivo-2024\/\">Ciclo Lectivo 2026<\/a>\u00a0 I <a href=\"https:\/\/isfdyt25-bue.infd.edu.ar\/sitio\/equivalencias\/\">Equivalencias<\/a> I\u00a0<a href=\"https:\/\/isfdyt25-bue.infd.edu.ar\/sitio\/mesas-de-examen\/\">Mesas de Examen<\/a> \u0399 <a href=\"https:\/\/isfdyt25-bue.infd.edu.ar\/sitio\/cipe\/\">CIPE&#8217;s<\/a> \u0399 <a href=\"https:\/\/isfdyt25-bue.infd.edu.ar\/sitio\/centro-de-estudiantes\/\">Centro de Estudiantes<\/a><\/h6>\n<div id=\"clock\">Cargando&#8230;<\/div>\n<p><script><\/p>\n<p>    function updateClock() {<\/p>\n<p>        $.ajax({<\/p>\n<p>            url: 'server_time.php', \/\/ Change this to the URL of your server script<\/p>\n<p>            method: 'GET',<\/p>\n<p>            success: function(data) {<\/p>\n<p>                $('#clock').html(data);<\/p>\n<p>            },<\/p>\n<p>            error: function() {<\/p>\n<p>                $('#clock').html('Error al obtener la hora.');<\/p>\n<p>            }<\/p>\n<p>        });<\/p>\n<p>    }<\/p>\n<p>    $(document).ready(function() {<\/p>\n<p>        updateClock(); \/\/ Call the function when the page loads<\/p>\n<p>        setInterval(updateClock, 1000); \/\/ Update every second<\/p>\n<p>    });<\/p>\n<p><\/script><\/p>\n<div style=\"font-family: Arial, sans-serif; background-color: #f4f4f4; padding: 20px;\">\n<div style=\"max-width: 800px; margin: auto; background: white; border-radius: 8px; box-shadow: 0 2px 10px rgba(0, 0, 0, 0.1); padding: 20px;\">\n<h4 style=\"color: #333; font-size: 1.5em; margin-bottom: 10px;\">\n            <strong>\u00bfQu\u00e9 significa ser Estudiante de Nivel Superior?<\/strong><br \/>\n        <\/h4>\n<h5 style=\"color: #555; font-size: 1.2em; margin-bottom: 10px;\">\n            <strong><em>Ruptura, Tensi\u00f3n, Cambios y Oportunidades<\/em><\/strong><br \/>\n        <\/h5>\n<p style=\"line-height: 1.6; color: #555;\">\n            <strong>Ingresar a un Instituto de Formaci\u00f3n Docente implica una ruptura que<\/strong> <strong>es necesario que se produzca para que el sujeto pueda adaptarse a lo nuevo. <\/strong><strong>El sujeto deber\u00e1 aprender una nueva cultura institucional<\/strong> <strong>con una organizaci\u00f3n particular.<\/strong>\n        <\/p>\n<p style=\"line-height: 1.6; color: #555;\">\n            <strong>Este proceso genera:<\/strong>\n        <\/p>\n<p style=\"line-height: 1.6; color: #555;\">\n            <strong>&#x2666; Incertidumbre: no saber como actuar, como organizar <\/strong><strong>el tiempo, a qui\u00e9n recurrir, a donde ir.<\/strong>\n        <\/p>\n<p style=\"line-height: 1.6; color: #555;\">\n            <strong>&#x2666; Sentimientos y pensamientos contradictorios simult\u00e1neos.<\/strong>\n        <\/p>\n<p style=\"text-align: left; padding-left: 50px; line-height: 1.6; color: #555;\">\n            <strong><em>Luc\u00eda S\u00e1nchez Camacho<\/em><\/strong>\n        <\/p>\n<p style=\"text-align: left; padding-left: 50px; line-height: 1.6; color: #555;\">\n            <strong><em>Lic y Prof en Psicolog\u00eda<\/em><\/strong>\n        <\/p>\n<\/p><\/div>\n<\/div>\n","protected":false},"excerpt":{"rendered":"<p>ESTUDIANTES Pre Inscripci\u00f3n 2025 I Ciclo Lectivo 2026\u00a0 I Equivalencias I\u00a0Mesas de Examen \u0399 CIPE&#8217;s \u0399 Centro de Estudiantes Cargando&#8230; \u00bfQu\u00e9 significa ser Estudiante de Nivel Superior? Ruptura, Tensi\u00f3n, Cambios y Oportunidades Ingresar a un Instituto de Formaci\u00f3n Docente implica una ruptura que es necesario que se produzca para que el sujeto pueda adaptarse a &#8230; <a title=\"ESTUDIANTES\" class=\"read-more\" href=\"https:\/\/isfdyt25-bue.infd.edu.ar\/sitio\/estudiantes\/\" aria-label=\"More on ESTUDIANTES\">[+]<\/a><\/p>\n","protected":false},"author":2055,"featured_media":0,"parent":0,"menu_order":0,"comment_status":"closed","ping_status":"closed","template":"","meta":[],"acf":[],"_links":{"self":[{"href":"https:\/\/isfdyt25-bue.infd.edu.ar\/sitio\/wp-json\/wp\/v2\/pages\/1744"}],"collection":[{"href":"https:\/\/isfdyt25-bue.infd.edu.ar\/sitio\/wp-json\/wp\/v2\/pages"}],"about":[{"href":"https:\/\/isfdyt25-bue.infd.edu.ar\/sitio\/wp-json\/wp\/v2\/types\/page"}],"author":[{"embeddable":true,"href":"https:\/\/isfdyt25-bue.infd.edu.ar\/sitio\/wp-json\/wp\/v2\/users\/2055"}],"replies":[{"embeddable":true,"href":"https:\/\/isfdyt25-bue.infd.edu.ar\/sitio\/wp-json\/wp\/v2\/comments?post=1744"}],"version-history":[{"count":127,"href":"https:\/\/isfdyt25-bue.infd.edu.ar\/sitio\/wp-json\/wp\/v2\/pages\/1744\/revisions"}],"predecessor-version":[{"id":6075,"href":"https:\/\/isfdyt25-bue.infd.edu.ar\/sitio\/wp-json\/wp\/v2\/pages\/1744\/revisions\/6075"}],"wp:attachment":[{"href":"https:\/\/isfdyt25-bue.infd.edu.ar\/sitio\/wp-json\/wp\/v2\/media?parent=1744"}],"curies":[{"name":"wp","href":"https:\/\/api.w.org\/{rel}","templated":true}]}}