{"id":1726,"date":"2021-11-20T15:38:21","date_gmt":"2021-11-20T18:38:21","guid":{"rendered":"https:\/\/isfdyt25-bue.infd.edu.ar\/sitio\/?page_id=1726"},"modified":"2022-09-01T18:04:11","modified_gmt":"2022-09-01T21:04:11","slug":"actividades-institucionales","status":"publish","type":"page","link":"https:\/\/isfdyt25-bue.infd.edu.ar\/sitio\/actividades-institucionales\/","title":{"rendered":"Actividad Institucional"},"content":{"rendered":"<h5><strong><span style=\"color: #808080;\">EL INSTITUTO:<\/span> Actividad Institucional<\/strong><\/h5>\n<hr \/>\n<h6><a href=\"https:\/\/isfdyt25-bue.infd.edu.ar\/sitio\/principal\/\">Volver<\/a> \u0399 <a href=\"https:\/\/isfdyt25-bue.infd.edu.ar\/sitio\/ciclo-lectivo-2022-4\/\">Ciclo Lectivo 2022<\/a> \u0399 <a href=\"https:\/\/isfdyt25-bue.infd.edu.ar\/sitio\/ciclos-lectivos-anteriores\/\">Ciclos Lectivos Anteriores<\/a><\/h6>\n<p>Realizadas en distintos Ciclos Lectivos, por Estudiantes de los Profesorados de Educaci\u00f3n Inicial, Primaria y Especial como as\u00ed tambi\u00e9n Estudiantes de la Tecnicatura Superior en Trabajos Social como parte de las actividades planificadas por los Docentes que encabezan las C\u00e1tedras organizadoras o coordinadoras.<\/p>\n<p>&nbsp;<\/p>\n<div id=\"metaslider-id-2293\" style=\"max-width: 600px;\" class=\"ml-slider-3-33-0 metaslider metaslider-flex metaslider-2293 ml-slider ms-theme-default nav-hidden\" role=\"region\" aria-roledescription=\"Slideshow\" aria-label=\"Slideshow\">\n    <div id=\"metaslider_container_2293\">\n        <div id=\"metaslider_2293\" class=\"flexslider\">\n            <ul aria-live=\"polite\" class=\"slides\">\n                <li style=\"display: block; width: 100%;\" class=\"slide-2979 ms-image\" aria-roledescription=\"slide\" aria-label=\"slide-2979\"><img src=\"https:\/\/isfdyt25-bue.infd.edu.ar\/sitio\/wp-content\/uploads\/2022\/04\/LibroSur3-600x200.jpg\" height=\"200\" width=\"600\" alt=\"\" class=\"slider-2293 slide-2979\" title=\"LibroSur3\" \/><\/li>\n                <li style=\"display: none; width: 100%;\" class=\"slide-2980 ms-image\" aria-roledescription=\"slide\" aria-label=\"slide-2980\"><img src=\"https:\/\/isfdyt25-bue.infd.edu.ar\/sitio\/wp-content\/uploads\/2022\/03\/WhatsApp-Image-2022-03-28-at-22.24.08-600x200.jpeg\" height=\"200\" width=\"600\" alt=\"\" class=\"slider-2293 slide-2980\" title=\"WhatsApp-Image-2022-03-28-at-22.24.08\" \/><\/li>\n                <li style=\"display: none; width: 100%;\" class=\"slide-2976 ms-image\" aria-roledescription=\"slide\" aria-label=\"slide-2976\"><img src=\"https:\/\/isfdyt25-bue.infd.edu.ar\/sitio\/wp-content\/uploads\/2022\/04\/LibroSur1-600x200.jpg\" height=\"200\" width=\"600\" alt=\"\" class=\"slider-2293 slide-2976\" title=\"LibroSur1\" \/><\/li>\n                <li style=\"display: none; width: 100%;\" class=\"slide-2981 ms-image\" aria-roledescription=\"slide\" aria-label=\"slide-2981\"><img src=\"https:\/\/isfdyt25-bue.infd.edu.ar\/sitio\/wp-content\/uploads\/2022\/03\/Dia-de-la-Mujer-1-600x200.jpg\" height=\"200\" width=\"600\" alt=\"\" class=\"slider-2293 slide-2981\" title=\"Dia-de-la-Mujer-1\" \/><\/li>\n                <li style=\"display: none; width: 100%;\" class=\"slide-2977 ms-image\" aria-roledescription=\"slide\" aria-label=\"slide-2977\"><img src=\"https:\/\/isfdyt25-bue.infd.edu.ar\/sitio\/wp-content\/uploads\/2022\/04\/LibroSur5-600x200.jpg\" height=\"200\" width=\"600\" alt=\"\" class=\"slider-2293 slide-2977\" title=\"LibroSur5\" \/><\/li>\n                <li style=\"display: none; width: 100%;\" class=\"slide-2978 ms-image\" aria-roledescription=\"slide\" aria-label=\"slide-2978\"><img src=\"https:\/\/isfdyt25-bue.infd.edu.ar\/sitio\/wp-content\/uploads\/2022\/04\/LibroSur4-600x200.jpg\" height=\"200\" width=\"600\" alt=\"\" class=\"slider-2293 slide-2978\" title=\"LibroSur4\" \/><\/li>\n            <\/ul>\n        <\/div>\n        \n    <\/div>\n<\/div>\n<p>&nbsp;<\/p>\n<p>&nbsp;<\/p>\n","protected":false},"excerpt":{"rendered":"<p>EL INSTITUTO: Actividad Institucional Volver \u0399 Ciclo Lectivo 2022 \u0399 Ciclos Lectivos Anteriores Realizadas en distintos Ciclos Lectivos, por Estudiantes de los Profesorados de Educaci\u00f3n Inicial, Primaria y Especial como as\u00ed tambi\u00e9n Estudiantes de la Tecnicatura Superior en Trabajos Social como parte de las actividades planificadas por los Docentes que encabezan las C\u00e1tedras organizadoras o &#8230; <a title=\"Actividad Institucional\" class=\"read-more\" href=\"https:\/\/isfdyt25-bue.infd.edu.ar\/sitio\/actividades-institucionales\/\" aria-label=\"More on Actividad Institucional\">[+]<\/a><\/p>\n","protected":false},"author":2055,"featured_media":0,"parent":0,"menu_order":0,"comment_status":"closed","ping_status":"closed","template":"","meta":[],"acf":[],"_links":{"self":[{"href":"https:\/\/isfdyt25-bue.infd.edu.ar\/sitio\/wp-json\/wp\/v2\/pages\/1726"}],"collection":[{"href":"https:\/\/isfdyt25-bue.infd.edu.ar\/sitio\/wp-json\/wp\/v2\/pages"}],"about":[{"href":"https:\/\/isfdyt25-bue.infd.edu.ar\/sitio\/wp-json\/wp\/v2\/types\/page"}],"author":[{"embeddable":true,"href":"https:\/\/isfdyt25-bue.infd.edu.ar\/sitio\/wp-json\/wp\/v2\/users\/2055"}],"replies":[{"embeddable":true,"href":"https:\/\/isfdyt25-bue.infd.edu.ar\/sitio\/wp-json\/wp\/v2\/comments?post=1726"}],"version-history":[{"count":33,"href":"https:\/\/isfdyt25-bue.infd.edu.ar\/sitio\/wp-json\/wp\/v2\/pages\/1726\/revisions"}],"predecessor-version":[{"id":4218,"href":"https:\/\/isfdyt25-bue.infd.edu.ar\/sitio\/wp-json\/wp\/v2\/pages\/1726\/revisions\/4218"}],"wp:attachment":[{"href":"https:\/\/isfdyt25-bue.infd.edu.ar\/sitio\/wp-json\/wp\/v2\/media?parent=1726"}],"curies":[{"name":"wp","href":"https:\/\/api.w.org\/{rel}","templated":true}]}}