{"id":1315,"date":"2021-08-17T10:27:39","date_gmt":"2021-08-17T13:27:39","guid":{"rendered":"https:\/\/isfdyt25-bue.infd.edu.ar\/sitio\/?page_id=1315"},"modified":"2021-08-21T22:21:24","modified_gmt":"2021-08-22T01:21:24","slug":"trayecto-de-formacion-pedagogica-complementaria","status":"publish","type":"page","link":"https:\/\/isfdyt25-bue.infd.edu.ar\/sitio\/trayecto-de-formacion-pedagogica-complementaria\/","title":{"rendered":"Trayecto de Formaci\u00f3n Pedag\u00f3gica Complementaria"},"content":{"rendered":"\n<p class=\"has-text-align-left\">PARA GRADUADOS T\u00c9CNICOS DE NIVEL SUPERIOR &#8211; SECUNDARIO Y\/O PROFESIONALES CON DESEMPE\u00d1O DOCENTE EN NIVEL SECUNDARIO.<\/p>\n\n\n\n<p>A partir del mes de septiembre de 2021, comenzar\u00e1 la cursada del <strong>Primer Cuatrimestre<\/strong> del Trayecto de Formaci\u00f3n Complementaria que ofrece los conocimientos de distintos campos de saber para un desempe\u00f1o pedag\u00f3gico adecuado a la Educaci\u00f3n Secundaria, indispensable para ejercer de manera plena la educaci\u00f3n, y acorde a las necesidades del nivel, y al derecho a la educaci\u00f3n de las y los adolescentes.<\/p>\n\n\n\n<figure class=\"wp-block-gallery aligncenter columns-3 is-cropped wp-block-gallery-1 is-layout-flex\"><ul class=\"blocks-gallery-grid\"><li class=\"blocks-gallery-item\"><figure><img decoding=\"async\" loading=\"lazy\" width=\"1024\" height=\"334\" src=\"https:\/\/isfdyt25-bue.infd.edu.ar\/sitio\/wp-content\/uploads\/2016\/10\/home-3-1024x334.jpg\" alt=\"\" data-id=\"367\" data-link=\"https:\/\/isfdyt25-bue.infd.edu.ar\/sitio\/inicio\/home-3\/#main\" class=\"wp-image-367\" srcset=\"https:\/\/isfdyt25-bue.infd.edu.ar\/sitio\/wp-content\/uploads\/2016\/10\/home-3-1024x334.jpg 1024w, https:\/\/isfdyt25-bue.infd.edu.ar\/sitio\/wp-content\/uploads\/2016\/10\/home-3-300x98.jpg 300w, https:\/\/isfdyt25-bue.infd.edu.ar\/sitio\/wp-content\/uploads\/2016\/10\/home-3-768x250.jpg 768w, https:\/\/isfdyt25-bue.infd.edu.ar\/sitio\/wp-content\/uploads\/2016\/10\/home-3.jpg 1891w\" sizes=\"(max-width: 1024px) 100vw, 1024px\" \/><\/figure><\/li><li class=\"blocks-gallery-item\"><figure><img decoding=\"async\" src=\"https:\/\/isfdyt25-bue.infd.edu.ar\/sitio\/wp-content\/uploads\/2021\/08\/Novedades-4-1.jpg\" alt=\"\" data-id=\"1348\" data-full-url=\"https:\/\/isfdyt25-bue.infd.edu.ar\/sitio\/wp-content\/uploads\/2021\/08\/Novedades-4-1.jpg\" data-link=\"https:\/\/isfdyt25-bue.infd.edu.ar\/sitio\/trayecto-de-formacion-pedagogica-complementaria\/novedades-4-1\/#main\" class=\"wp-image-1348\"\/><\/figure><\/li><li class=\"blocks-gallery-item\"><figure><img decoding=\"async\" loading=\"lazy\" width=\"1024\" height=\"305\" src=\"https:\/\/isfdyt25-bue.infd.edu.ar\/sitio\/wp-content\/uploads\/2016\/10\/meeting-1024x305.jpg\" alt=\"\" data-id=\"365\" data-link=\"https:\/\/isfdyt25-bue.infd.edu.ar\/sitio\/meeting-2\/\" class=\"wp-image-365\" srcset=\"https:\/\/isfdyt25-bue.infd.edu.ar\/sitio\/wp-content\/uploads\/2016\/10\/meeting-1024x305.jpg 1024w, https:\/\/isfdyt25-bue.infd.edu.ar\/sitio\/wp-content\/uploads\/2016\/10\/meeting-300x89.jpg 300w, https:\/\/isfdyt25-bue.infd.edu.ar\/sitio\/wp-content\/uploads\/2016\/10\/meeting-768x229.jpg 768w\" sizes=\"(max-width: 1024px) 100vw, 1024px\" \/><\/figure><\/li><\/ul><\/figure>\n\n\n\n<p><\/p>\n\n\n\n<p><strong>\u00bfA qui\u00e9n va dirigido?<\/strong><br>En esta oportunidad, podr\u00e1n inscribirse para acceder a este Trayecto quienes posean:<\/p>\n\n\n\n<ul><li>T\u00edtulo de T\u00e9cnico Superior, Secundario o Profesional de nivel superior con desempe\u00f1o docente en el nivel secundario del Sistema Educativo Provincial.<\/li><\/ul>\n\n\n\n<p><strong>\u00bfC\u00f3mo se cursa?<\/strong><br>La modalidad de cursada es <strong>En L\u00ednea<\/strong> (On line), combinando encuentros sincr\u00f3nicos por plataforma Meet; y trabajo aut\u00f3nomo en Campus Virtual, por lo que se necesitar\u00e1 disponer de una PC (o dispositivo similar) con acceso a Internet.<br>La acreditaci\u00f3n de las materias y talleres que conforman el Campo de la Formaci\u00f3n en la Pr\u00e1ctica Profesional Docente, contempla un porcentaje de cursada presencial al finalizar cada cuatrimestre en sede ISFDyT 25 Carmen de Patagones, ya que se cursan atendiendo los porcentajes de presencialidad de la normativa federal en la materia y las trayectorias y pr\u00e1ctica educativas de los cursantes.<\/p>\n\n\n\n<p><strong>\u00bfC\u00f3mo funciona?<\/strong><br>En cada cuatrimestre, se dictar\u00e1n clases sincr\u00f3nicas por plataforma Meet, y se dispondr\u00e1n las actividades de las distintas materias para el trabajo aut\u00f3nomo (clases textuales, bibliograf\u00eda, anuncios, inicio de foros, entre otros) dentro del Campus Virtual. Iremos dando precisiones sobre el acceso a este \u00faltimo, y la obtenci\u00f3n del usuario y la contrase\u00f1a.<br>En el Campus, cada materia contar\u00e1 con su Aula virtual, con un docente a cargo del espacio, del acompa\u00f1amiento y seguimiento acad\u00e9mico personalizado de la\/os cursantes.<\/p>\n\n\n\n<p><br><strong>\u00bfQu\u00e9 duraci\u00f3n tiene?<\/strong><br>2 cuatrimestres.<\/p>\n\n\n\n<p><br><strong>\u00bfCu\u00e1ndo puedo inscribirme?<\/strong><br>Desde las <strong>08:00 hs<\/strong> del Lunes <strong>23 de Agosto <\/strong>hasta las <strong>22:00 hs<\/strong> del Mi\u00e9rcoles<strong> 25 de agosto de 2021<\/strong>. Al momento de la Inscripci\u00f3n se solicitar\u00e1 que adjunte la siguiente documentaci\u00f3n:<\/p>\n\n\n\n<ul id=\"block-d743509b-3433-4e82-b2e1-b70f8a40db3c\"><li>Copia digitalizada del T\u00edtulo,<\/li><li>Copia digitalizada del DNI y<\/li><li>Constancia de ejercicio Docente.<\/li><\/ul>\n\n\n\n<p>Los <strong>cupos son limitados<\/strong>, y finalizada la inscripci\u00f3n se enviar\u00e1 un mail con las precisiones para el ingreso al Campus, y con detalles del inicio de la cursada.<\/p>\n\n\n\n<p>Haciendo click en la siguiente imagen, podr\u00e1n ingresar al link de Google Formularios para completar los datos necesarios para la Inscripci\u00f3n:<\/p>\n\n\n<div id=\"metaslider-id-1318\" style=\"max-width: 600px;\" class=\"ml-slider-3-33-0 metaslider metaslider-flex metaslider-1318 ml-slider ms-theme-default\" role=\"region\" aria-roledescription=\"Slideshow\" aria-label=\"Slideshow\">\n    <div id=\"metaslider_container_1318\">\n        <div id=\"metaslider_1318\" class=\"flexslider\">\n            <ul aria-live=\"polite\" class=\"slides\">\n                <li style=\"display: block; width: 100%;\" class=\"slide-1354 ms-image\" aria-roledescription=\"slide\" aria-label=\"slide-1354\"><a href=\"https:\/\/forms.gle\/QubwicNiCurZua6Y9\" target=\"_self\"><img src=\"https:\/\/isfdyt25-bue.infd.edu.ar\/sitio\/wp-content\/uploads\/2016\/10\/home-3-600x125.jpg\" height=\"125\" width=\"600\" alt=\"\" class=\"slider-1318 slide-1354\" title=\"home-3\" \/><\/a><\/li>\n                <li style=\"display: none; width: 100%;\" class=\"slide-1355 ms-image\" aria-roledescription=\"slide\" aria-label=\"slide-1355\"><a href=\"https:\/\/forms.gle\/QubwicNiCurZua6Y9\" target=\"_self\"><img src=\"https:\/\/isfdyt25-bue.infd.edu.ar\/sitio\/wp-content\/uploads\/2016\/10\/meeting-600x125.jpg\" height=\"125\" width=\"600\" alt=\"\" class=\"slider-1318 slide-1355\" title=\"meeting\" \/><\/a><\/li>\n            <\/ul>\n        <\/div>\n        \n    <\/div>\n<\/div>\n\n\n\n<p><br><strong>\u00bfCu\u00e1ndo comienza la Cursada?<\/strong><br>El inicio est\u00e1 previsto para la 1\u00ba semana de septiembre<br>Para mayor informaci\u00f3n podes consultarnos al mail: <strong><code><a href=\"mailto:isfd25patagones@abc.gob.ar\">isfd25patagones@abc.gob.ar<\/a><\/code><\/strong><\/p>\n","protected":false},"excerpt":{"rendered":"<p>PARA GRADUADOS T\u00c9CNICOS DE NIVEL SUPERIOR &#8211; SECUNDARIO Y\/O PROFESIONALES CON DESEMPE\u00d1O DOCENTE EN NIVEL SECUNDARIO. A partir del mes de septiembre de 2021, comenzar\u00e1 la cursada del Primer Cuatrimestre del Trayecto de Formaci\u00f3n Complementaria que ofrece los conocimientos de distintos campos de saber para un desempe\u00f1o pedag\u00f3gico adecuado a la Educaci\u00f3n Secundaria, indispensable para &#8230; <a title=\"Trayecto de Formaci\u00f3n Pedag\u00f3gica Complementaria\" class=\"read-more\" href=\"https:\/\/isfdyt25-bue.infd.edu.ar\/sitio\/trayecto-de-formacion-pedagogica-complementaria\/\" aria-label=\"More on Trayecto de Formaci\u00f3n Pedag\u00f3gica Complementaria\">[+]<\/a><\/p>\n","protected":false},"author":2055,"featured_media":0,"parent":0,"menu_order":0,"comment_status":"closed","ping_status":"closed","template":"","meta":[],"acf":[],"_links":{"self":[{"href":"https:\/\/isfdyt25-bue.infd.edu.ar\/sitio\/wp-json\/wp\/v2\/pages\/1315"}],"collection":[{"href":"https:\/\/isfdyt25-bue.infd.edu.ar\/sitio\/wp-json\/wp\/v2\/pages"}],"about":[{"href":"https:\/\/isfdyt25-bue.infd.edu.ar\/sitio\/wp-json\/wp\/v2\/types\/page"}],"author":[{"embeddable":true,"href":"https:\/\/isfdyt25-bue.infd.edu.ar\/sitio\/wp-json\/wp\/v2\/users\/2055"}],"replies":[{"embeddable":true,"href":"https:\/\/isfdyt25-bue.infd.edu.ar\/sitio\/wp-json\/wp\/v2\/comments?post=1315"}],"version-history":[{"count":13,"href":"https:\/\/isfdyt25-bue.infd.edu.ar\/sitio\/wp-json\/wp\/v2\/pages\/1315\/revisions"}],"predecessor-version":[{"id":1409,"href":"https:\/\/isfdyt25-bue.infd.edu.ar\/sitio\/wp-json\/wp\/v2\/pages\/1315\/revisions\/1409"}],"wp:attachment":[{"href":"https:\/\/isfdyt25-bue.infd.edu.ar\/sitio\/wp-json\/wp\/v2\/media?parent=1315"}],"curies":[{"name":"wp","href":"https:\/\/api.w.org\/{rel}","templated":true}]}}