{"id":1275,"date":"2021-07-01T16:44:06","date_gmt":"2021-07-01T19:44:06","guid":{"rendered":"https:\/\/isfdyt25-bue.infd.edu.ar\/sitio\/?page_id=1275"},"modified":"2022-04-16T20:29:42","modified_gmt":"2022-04-16T23:29:42","slug":"cipe","status":"publish","type":"page","link":"https:\/\/isfdyt25-bue.infd.edu.ar\/sitio\/cipe\/","title":{"rendered":"CIPEs"},"content":{"rendered":"<h5><strong><span style=\"color: #808080;\">ESTUDIANTES:<\/span> CIPEs<\/strong><\/h5>\n<hr \/>\n<h6><a href=\"https:\/\/isfdyt25-bue.infd.edu.ar\/sitio\/estudiantes\/\">Volver<\/a>\u00a0 \u0399 <a href=\"https:\/\/isfdyt25-bue.infd.edu.ar\/sitio\/coordinacion\/\">Coordinaci\u00f3n<\/a> I\u00a0<a href=\"https:\/\/isfdyt25-bue.infd.edu.ar\/sitio\/%f0%9f%93%9abecas-progresar\/\">Becas Progresar<\/a> I <a href=\"https:\/\/isfdyt25-bue.infd.edu.ar\/sitio\/actividades-destacadas\/\">Actividades<\/a>\u00a0\u0399<\/h6>\n<h5>\u00a0<\/h5>\n<p>Las\/os Coordinadoras\/es Institucionales de Pol\u00edticas Estudiantiles (<strong>CIPEs<\/strong>) son parte de una estrategia del Instituto Nacional de Formaci\u00f3n Docente (<strong>INFoD<\/strong>)del Ministerio de Educaci\u00f3n de la Naci\u00f3n en acuerdo federal con las Jurisdicciones para motorizar y llevar adelante el<strong> fortalecimiento de las trayectorias estudiantiles<\/strong>. Tienen un rol central en acompa\u00f1ar la generaci\u00f3n de condiciones institucionales que alienten la participaci\u00f3n de las distintas voces, el di\u00e1logo entre las\/os estudiantes, entre estudiantes y profesores, entre estudiantes y directivos, y tambi\u00e9n en estrechar el v\u00ednculo entre el instituto y el resto de la comunidad.<\/p>\n<p>En este sentido, los CIPEs conforman el equipo ampliado de Pol\u00edticas Estudiantiles tanto del INFoD como de la <strong>Direcci\u00f3n Provincial de Educaci\u00f3n Superior<\/strong>. En esta l\u00f3gica de construcci\u00f3n y en el marco de dichos acuerdos, como la Resoluci\u00f3n del Consejo Federal N\u00b0 188\/12 tenemos como objetivos centrales:<\/p>\n<ul>\n<li>Promover la participaci\u00f3n e involucramiento de las\/os estudiantes en la gesti\u00f3n democr\u00e1tica de las instituciones y en el mejoramiento acad\u00e9mico.<\/li>\n<\/ul>\n<ul>\n<li>Desarrollar proyectos de construcci\u00f3n colectiva con estudiantes y otros actores institucionales en tem\u00e1ticas que promuevan la construcci\u00f3n del sentido \u00e9tico, pol\u00edtico y transformador del docente, la pertenencia institucional y autonom\u00eda.<\/li>\n<\/ul>\n<p style=\"text-align: center;\"><div id=\"metaslider-id-1410\" style=\"max-width: 600px;\" class=\"ml-slider-3-33-0 metaslider metaslider-flex metaslider-1410 ml-slider ms-theme-default nav-hidden\" role=\"region\" aria-roledescription=\"Slideshow\" aria-label=\"Slideshow\">\n    <div id=\"metaslider_container_1410\">\n        <div id=\"metaslider_1410\" class=\"flexslider\">\n            <ul aria-live=\"polite\" class=\"slides\">\n                <li style=\"display: block; width: 100%;\" class=\"slide-1417 ms-image\" aria-roledescription=\"slide\" aria-label=\"slide-1417\"><img src=\"https:\/\/isfdyt25-bue.infd.edu.ar\/sitio\/wp-content\/uploads\/2021\/08\/Despedida-12-4_-Inicial-y-Primaria-1-1-scaled-600x125.jpg\" height=\"125\" width=\"600\" alt=\"\" class=\"slider-1410 slide-1417\" title=\"Despedida &#039;12 4_ Inicial y Primaria (1)\" \/><\/li>\n                <li style=\"display: none; width: 100%;\" class=\"slide-1419 ms-image\" aria-roledescription=\"slide\" aria-label=\"slide-1419\"><img src=\"https:\/\/isfdyt25-bue.infd.edu.ar\/sitio\/wp-content\/uploads\/2021\/08\/Despedida-12-4_-Inicial-y-Primaria-2-1-scaled-600x125.jpg\" height=\"125\" width=\"600\" alt=\"\" class=\"slider-1410 slide-1419\" title=\"Despedida &#039;12 4_ Inicial y Primaria (2)\" \/><\/li>\n            <\/ul>\n        <\/div>\n        \n    <\/div>\n<\/div><\/p>\n","protected":false},"excerpt":{"rendered":"<p>ESTUDIANTES: CIPEs Volver\u00a0 \u0399 Coordinaci\u00f3n I\u00a0Becas Progresar I Actividades\u00a0\u0399 \u00a0 Las\/os Coordinadoras\/es Institucionales de Pol\u00edticas Estudiantiles (CIPEs) son parte de una estrategia del Instituto Nacional de Formaci\u00f3n Docente (INFoD)del Ministerio de Educaci\u00f3n de la Naci\u00f3n en acuerdo federal con las Jurisdicciones para motorizar y llevar adelante el fortalecimiento de las trayectorias estudiantiles. Tienen un rol &#8230; <a title=\"CIPEs\" class=\"read-more\" href=\"https:\/\/isfdyt25-bue.infd.edu.ar\/sitio\/cipe\/\" aria-label=\"More on CIPEs\">[+]<\/a><\/p>\n","protected":false},"author":2055,"featured_media":0,"parent":0,"menu_order":0,"comment_status":"closed","ping_status":"closed","template":"","meta":[],"acf":[],"_links":{"self":[{"href":"https:\/\/isfdyt25-bue.infd.edu.ar\/sitio\/wp-json\/wp\/v2\/pages\/1275"}],"collection":[{"href":"https:\/\/isfdyt25-bue.infd.edu.ar\/sitio\/wp-json\/wp\/v2\/pages"}],"about":[{"href":"https:\/\/isfdyt25-bue.infd.edu.ar\/sitio\/wp-json\/wp\/v2\/types\/page"}],"author":[{"embeddable":true,"href":"https:\/\/isfdyt25-bue.infd.edu.ar\/sitio\/wp-json\/wp\/v2\/users\/2055"}],"replies":[{"embeddable":true,"href":"https:\/\/isfdyt25-bue.infd.edu.ar\/sitio\/wp-json\/wp\/v2\/comments?post=1275"}],"version-history":[{"count":55,"href":"https:\/\/isfdyt25-bue.infd.edu.ar\/sitio\/wp-json\/wp\/v2\/pages\/1275\/revisions"}],"predecessor-version":[{"id":3110,"href":"https:\/\/isfdyt25-bue.infd.edu.ar\/sitio\/wp-json\/wp\/v2\/pages\/1275\/revisions\/3110"}],"wp:attachment":[{"href":"https:\/\/isfdyt25-bue.infd.edu.ar\/sitio\/wp-json\/wp\/v2\/media?parent=1275"}],"curies":[{"name":"wp","href":"https:\/\/api.w.org\/{rel}","templated":true}]}}