{"id":1111,"date":"2021-05-07T13:48:53","date_gmt":"2021-05-07T16:48:53","guid":{"rendered":"https:\/\/isfdyt25-bue.infd.edu.ar\/sitio\/?page_id=1111"},"modified":"2026-03-11T15:30:20","modified_gmt":"2026-03-11T18:30:20","slug":"profesorado-matematica","status":"publish","type":"page","link":"https:\/\/isfdyt25-bue.infd.edu.ar\/sitio\/profesorado-matematica\/","title":{"rendered":"Profesorado de Educaci\u00f3n Secundaria en Matem\u00e1tica"},"content":{"rendered":"<h5><strong><span style=\"color: #808080;\">OFERTA ACAD\u00c9MICA:<\/span> Profesorado de Educaci\u00f3n Secundaria en Matem\u00e1tica<\/strong><\/h5>\n<hr \/>\n<h6><a href=\"https:\/\/isfdyt25-bue.infd.edu.ar\/sitio\/carreras\/\">Volver<\/a> \u0399 <a href=\"https:\/\/isfdyt25-bue.infd.edu.ar\/sitio\/profesorado-de-educacion-inicial\/\">Prof. de Educ. Inicial<\/a>\u00a0I <a href=\"https:\/\/isfdyt25-bue.infd.edu.ar\/sitio\/profesorado-de-educacion-primaria\/\">Prof. de Educ. Primaria<\/a> I <a href=\"https:\/\/isfdyt25-bue.infd.edu.ar\/sitio\/profesorado-de-educacion-especial\/\">Prof. de Educ. Especial<\/a> I <a href=\"https:\/\/isfdyt25-bue.infd.edu.ar\/sitio\/tecnicatura-superior-en-trabajo-social\/\">Tec. Sup. Trabajo Social<\/a><\/h6>\n<p><span style=\"color: #000080;\"><strong>Carrera a Ciclo Cerrado<\/strong><\/span>. Las\/os Estudiantes cursaron las asignaturas correspondientes a <strong>Primer A\u00f1o<\/strong> durante el Ciclo Lectivo 2024.<\/p>\n<p><img decoding=\"async\" loading=\"lazy\" class=\"alignnone size-full wp-image-1114\" src=\"https:\/\/isfdyt25-bue.infd.edu.ar\/sitio\/wp-content\/uploads\/2021\/05\/ISFDyT-Sitio-Prof-Matem-1.jpg\" alt=\"\" width=\"1384\" height=\"616\" srcset=\"https:\/\/isfdyt25-bue.infd.edu.ar\/sitio\/wp-content\/uploads\/2021\/05\/ISFDyT-Sitio-Prof-Matem-1.jpg 1384w, https:\/\/isfdyt25-bue.infd.edu.ar\/sitio\/wp-content\/uploads\/2021\/05\/ISFDyT-Sitio-Prof-Matem-1-1000x445.jpg 1000w, https:\/\/isfdyt25-bue.infd.edu.ar\/sitio\/wp-content\/uploads\/2021\/05\/ISFDyT-Sitio-Prof-Matem-1-768x342.jpg 768w\" sizes=\"(max-width: 1384px) 100vw, 1384px\" \/><img decoding=\"async\" loading=\"lazy\" class=\"alignnone size-full wp-image-1120\" src=\"https:\/\/isfdyt25-bue.infd.edu.ar\/sitio\/wp-content\/uploads\/2021\/05\/ISFDyT-Sitio-Prof-Matem-2.jpg\" alt=\"\" width=\"1384\" height=\"616\" srcset=\"https:\/\/isfdyt25-bue.infd.edu.ar\/sitio\/wp-content\/uploads\/2021\/05\/ISFDyT-Sitio-Prof-Matem-2.jpg 1384w, https:\/\/isfdyt25-bue.infd.edu.ar\/sitio\/wp-content\/uploads\/2021\/05\/ISFDyT-Sitio-Prof-Matem-2-1000x445.jpg 1000w, https:\/\/isfdyt25-bue.infd.edu.ar\/sitio\/wp-content\/uploads\/2021\/05\/ISFDyT-Sitio-Prof-Matem-2-768x342.jpg 768w\" sizes=\"(max-width: 1384px) 100vw, 1384px\" \/><img decoding=\"async\" loading=\"lazy\" class=\"alignnone size-full wp-image-1122\" src=\"https:\/\/isfdyt25-bue.infd.edu.ar\/sitio\/wp-content\/uploads\/2021\/05\/ISFDyT-Sitio-Prof-Matem-3.jpg\" alt=\"\" width=\"1384\" height=\"616\" srcset=\"https:\/\/isfdyt25-bue.infd.edu.ar\/sitio\/wp-content\/uploads\/2021\/05\/ISFDyT-Sitio-Prof-Matem-3.jpg 1384w, https:\/\/isfdyt25-bue.infd.edu.ar\/sitio\/wp-content\/uploads\/2021\/05\/ISFDyT-Sitio-Prof-Matem-3-1000x445.jpg 1000w, https:\/\/isfdyt25-bue.infd.edu.ar\/sitio\/wp-content\/uploads\/2021\/05\/ISFDyT-Sitio-Prof-Matem-3-768x342.jpg 768w\" sizes=\"(max-width: 1384px) 100vw, 1384px\" \/><img decoding=\"async\" loading=\"lazy\" class=\"alignnone size-full wp-image-1124\" src=\"https:\/\/isfdyt25-bue.infd.edu.ar\/sitio\/wp-content\/uploads\/2021\/05\/ISFDyT-Sitio-Prof-Inicial-4-1.jpg\" alt=\"\" width=\"1384\" height=\"616\" srcset=\"https:\/\/isfdyt25-bue.infd.edu.ar\/sitio\/wp-content\/uploads\/2021\/05\/ISFDyT-Sitio-Prof-Inicial-4-1.jpg 1384w, https:\/\/isfdyt25-bue.infd.edu.ar\/sitio\/wp-content\/uploads\/2021\/05\/ISFDyT-Sitio-Prof-Inicial-4-1-1000x445.jpg 1000w, https:\/\/isfdyt25-bue.infd.edu.ar\/sitio\/wp-content\/uploads\/2021\/05\/ISFDyT-Sitio-Prof-Inicial-4-1-768x342.jpg 768w\" sizes=\"(max-width: 1384px) 100vw, 1384px\" \/><\/p>\n<p><img decoding=\"async\" loading=\"lazy\" class=\"alignnone  wp-image-1221\" src=\"https:\/\/isfdyt25-bue.infd.edu.ar\/sitio\/wp-content\/uploads\/2021\/05\/ISFDyT-Sitio-Descargar-PDF.jpg\" alt=\"\" width=\"36\" height=\"36\" \/> \u00a0<a href=\"https:\/\/isfdyt25-bue.infd.edu.ar\/sitio\/wp-content\/uploads\/2026\/03\/IS-25-Prof-Educ-Secundaria-en-Matematica_Plan-de-Estudios-y-Anexo-7-Modif-Correlatividades-2025.pdf\">Plan de Estudios y Correlatividades<\/a><\/p>\n","protected":false},"excerpt":{"rendered":"<p>OFERTA ACAD\u00c9MICA: Profesorado de Educaci\u00f3n Secundaria en Matem\u00e1tica Volver \u0399 Prof. de Educ. Inicial\u00a0I Prof. de Educ. Primaria I Prof. de Educ. Especial I Tec. Sup. Trabajo Social Carrera a Ciclo Cerrado. Las\/os Estudiantes cursaron las asignaturas correspondientes a Primer A\u00f1o durante el Ciclo Lectivo 2024. \u00a0Plan de Estudios y Correlatividades<\/p>\n","protected":false},"author":2055,"featured_media":0,"parent":0,"menu_order":0,"comment_status":"closed","ping_status":"closed","template":"","meta":[],"acf":[],"_links":{"self":[{"href":"https:\/\/isfdyt25-bue.infd.edu.ar\/sitio\/wp-json\/wp\/v2\/pages\/1111"}],"collection":[{"href":"https:\/\/isfdyt25-bue.infd.edu.ar\/sitio\/wp-json\/wp\/v2\/pages"}],"about":[{"href":"https:\/\/isfdyt25-bue.infd.edu.ar\/sitio\/wp-json\/wp\/v2\/types\/page"}],"author":[{"embeddable":true,"href":"https:\/\/isfdyt25-bue.infd.edu.ar\/sitio\/wp-json\/wp\/v2\/users\/2055"}],"replies":[{"embeddable":true,"href":"https:\/\/isfdyt25-bue.infd.edu.ar\/sitio\/wp-json\/wp\/v2\/comments?post=1111"}],"version-history":[{"count":37,"href":"https:\/\/isfdyt25-bue.infd.edu.ar\/sitio\/wp-json\/wp\/v2\/pages\/1111\/revisions"}],"predecessor-version":[{"id":6172,"href":"https:\/\/isfdyt25-bue.infd.edu.ar\/sitio\/wp-json\/wp\/v2\/pages\/1111\/revisions\/6172"}],"wp:attachment":[{"href":"https:\/\/isfdyt25-bue.infd.edu.ar\/sitio\/wp-json\/wp\/v2\/media?parent=1111"}],"curies":[{"name":"wp","href":"https:\/\/api.w.org\/{rel}","templated":true}]}}